{"id":12370,"date":"2025-11-26T09:03:47","date_gmt":"2025-11-26T09:03:47","guid":{"rendered":"https:\/\/elaienea.eus\/?page_id=12370"},"modified":"2025-11-26T10:08:35","modified_gmt":"2025-11-26T10:08:35","slug":"diploma-dual","status":"publish","type":"page","link":"https:\/\/elaienea.eus\/es\/diploma-dual\/","title":{"rendered":"Diploma Dual\u00ae"},"content":{"rendered":"\t\t<div data-elementor-type=\"wp-page\" data-elementor-id=\"12370\" class=\"elementor elementor-12370\">\n\t\t\t\t<div class=\"elementor-element elementor-element-5cec6e3 e-con-full e-flex parallax_section_no qode_elementor_container_no e-con e-parent\" data-id=\"5cec6e3\" data-element_type=\"container\" data-e-type=\"container\" data-settings=\"{&quot;background_background&quot;:&quot;classic&quot;}\">\n\t\t<div class=\"elementor-element elementor-element-1b9ef473 e-con-full e-flex parallax_section_no qode_elementor_container_no e-con e-child\" data-id=\"1b9ef473\" data-element_type=\"container\" data-e-type=\"container\">\n\t\t\t\t<div class=\"elementor-element elementor-element-30b30b1a elementor-widget elementor-widget-bridge_icon\" data-id=\"30b30b1a\" data-element_type=\"widget\" data-e-type=\"widget\" data-widget_type=\"bridge_icon.default\">\n\t\t\t\t<div class=\"elementor-widget-container\">\n\t\t\t\t\t<span data-type=\"normal\"  class=\"qode_icon_shortcode  q_font_awsome_icon fa-lg pull-left \" style=\" \"><span aria-hidden=\"true\" class=\"qode_icon_font_elegant icon_circle-empty qode_icon_element\" style=\"font-size: 12px;color: #1B3942;\" ><\/span><\/span>\t\t\t\t<\/div>\n\t\t\t\t<\/div>\n\t\t\t\t<div class=\"elementor-element elementor-element-47a56f50 elementor-widget elementor-widget-bridge_custom_font\" data-id=\"47a56f50\" data-element_type=\"widget\" data-e-type=\"widget\" data-widget_type=\"bridge_custom_font.default\">\n\t\t\t\t<div class=\"elementor-widget-container\">\n\t\t\t\t\t<div class=\"custom_font_holder \" style=\"font-family: Source Sans Pro; font-style: normal; font-weight: 600; color: #1B3942; text-decoration: none; letter-spacing: 1.728px; padding: 0; margin: 0; text-align: left; --qode-cf-font-size: 15px; --qode-cf-line-height: 22px; --qode-cf-font-size-1440: 15px; --qode-cf-line-height-1440: 22px; --qode-cf-font-size-1366: 15px; --qode-cf-line-height-1366: 22px; --qode-cf-font-size-1280: 15px; --qode-cf-line-height-1280: 22px; --qode-cf-font-size-1024: 15px; --qode-cf-line-height-1024: 22px; --qode-cf-font-size-768: 15px; --qode-cf-line-height-768: 22px; --qode-cf-font-size-680: 15px; --qode-cf-line-height-680: 22px; --qode-cf-font-size-480: 15px; --qode-cf-line-height-480: 22px;\">ElaiEnea<\/div>\t\t\t\t<\/div>\n\t\t\t\t<\/div>\n\t\t\t\t<\/div>\n\t\t<div class=\"elementor-element elementor-element-766576a6 e-con-full e-flex parallax_section_no qode_elementor_container_no e-con e-child\" data-id=\"766576a6\" data-element_type=\"container\" data-e-type=\"container\">\n\t\t\t\t<div class=\"elementor-element elementor-element-2df0cb2d elementor-widget elementor-widget-heading\" data-id=\"2df0cb2d\" data-element_type=\"widget\" data-e-type=\"widget\" data-widget_type=\"heading.default\">\n\t\t\t\t<div class=\"elementor-widget-container\">\n\t\t\t\t\t<h1 class=\"elementor-heading-title elementor-size-default\">Diploma Dual\u00ae\n<\/h1>\t\t\t\t<\/div>\n\t\t\t\t<\/div>\n\t\t\t\t<\/div>\n\t\t\t\t<\/div>\n\t\t<div class=\"elementor-element elementor-element-00ec08f e-flex e-con-boxed parallax_section_no qode_elementor_container_no e-con e-parent\" data-id=\"00ec08f\" data-element_type=\"container\" data-e-type=\"container\">\n\t\t\t\t\t<div class=\"e-con-inner\">\n\t\t\t\t<div class=\"elementor-element elementor-element-be3fc14 elementor-widget elementor-widget-image\" data-id=\"be3fc14\" data-element_type=\"widget\" data-e-type=\"widget\" data-widget_type=\"image.default\">\n\t\t\t\t<div class=\"elementor-widget-container\">\n\t\t\t\t\t\t\t\t\t\t\t\t\t\t\t<img fetchpriority=\"high\" decoding=\"async\" width=\"1300\" height=\"700\" src=\"https:\/\/elaienea.eus\/wp-content\/uploads\/2025\/11\/slide.png\" class=\"attachment-full size-full wp-image-12375\" alt=\"\" srcset=\"https:\/\/elaienea.eus\/wp-content\/uploads\/2025\/11\/slide.png 1300w, https:\/\/elaienea.eus\/wp-content\/uploads\/2025\/11\/slide-300x162.png 300w, https:\/\/elaienea.eus\/wp-content\/uploads\/2025\/11\/slide-1024x551.png 1024w, https:\/\/elaienea.eus\/wp-content\/uploads\/2025\/11\/slide-768x414.png 768w, https:\/\/elaienea.eus\/wp-content\/uploads\/2025\/11\/slide-700x377.png 700w\" sizes=\"(max-width: 1300px) 100vw, 1300px\" \/>\t\t\t\t\t\t\t\t\t\t\t\t\t\t\t<\/div>\n\t\t\t\t<\/div>\n\t\t\t\t\t<\/div>\n\t\t\t\t<\/div>\n\t\t<div class=\"elementor-element elementor-element-99f7387 e-flex e-con-boxed parallax_section_no qode_elementor_container_no e-con e-parent\" data-id=\"99f7387\" data-element_type=\"container\" data-e-type=\"container\">\n\t\t\t\t\t<div class=\"e-con-inner\">\n\t\t\t\t<div class=\"elementor-element elementor-element-829efb7 elementor-widget elementor-widget-spacer\" data-id=\"829efb7\" data-element_type=\"widget\" data-e-type=\"widget\" data-widget_type=\"spacer.default\">\n\t\t\t\t<div class=\"elementor-widget-container\">\n\t\t\t\t\t\t\t<div class=\"elementor-spacer\">\n\t\t\t<div class=\"elementor-spacer-inner\"><\/div>\n\t\t<\/div>\n\t\t\t\t\t\t<\/div>\n\t\t\t\t<\/div>\n\t\t\t\t<div class=\"elementor-element elementor-element-0b0ee47 elementor-widget elementor-widget-text-editor\" data-id=\"0b0ee47\" data-element_type=\"widget\" data-e-type=\"widget\" data-widget_type=\"text-editor.default\">\n\t\t\t\t<div class=\"elementor-widget-container\">\n\t\t\t\t\t\t\t\t\t<h5><span style=\"color: #808080;\">En elaiEnea ofrecemos la posibilidad de cursar el <strong>Diploma Dual\u00ae<\/strong>, un programa oficial que permite al alumnado obtener dos titulaciones al mismo tiempo: el Bachillerato espa\u00f1ol y el Bachillerato estadounidense (High School Diploma).<\/span><\/h5>\t\t\t\t\t\t\t\t<\/div>\n\t\t\t\t<\/div>\n\t\t\t\t\t<\/div>\n\t\t\t\t<\/div>\n\t\t<div class=\"elementor-element elementor-element-6ea55570 qode_elementor_container_inner e-flex e-con-boxed parallax_section_no e-con e-parent\" data-id=\"6ea55570\" data-element_type=\"container\" data-e-type=\"container\">\n\t\t\t\t\t<div class=\"e-con-inner\">\n\t\t<div class=\"elementor-element elementor-element-7ec7780f e-con-full e-flex parallax_section_no qode_elementor_container_no e-con e-child\" data-id=\"7ec7780f\" data-element_type=\"container\" data-e-type=\"container\">\n\t\t<div class=\"elementor-element elementor-element-534bcb79 e-flex e-con-boxed parallax_section_no qode_elementor_container_no e-con e-child\" data-id=\"534bcb79\" data-element_type=\"container\" data-e-type=\"container\">\n\t\t\t\t\t<div class=\"e-con-inner\">\n\t\t\t\t<div class=\"elementor-element elementor-element-6e63012 elementor-widget elementor-widget-heading\" data-id=\"6e63012\" data-element_type=\"widget\" data-e-type=\"widget\" data-widget_type=\"heading.default\">\n\t\t\t\t<div class=\"elementor-widget-container\">\n\t\t\t\t\t<h5 class=\"elementor-heading-title elementor-size-default\">Desarrollado por Academica Corporation, este programa interdisciplinar prepara a los estudiantes para desenvolverse en entornos internacionales a trav\u00e9s de tres pilares fundamentales:<\/h5>\t\t\t\t<\/div>\n\t\t\t\t<\/div>\n\t\t\t\t<div class=\"elementor-element elementor-element-1f1a671 elementor-widget elementor-widget-spacer\" data-id=\"1f1a671\" data-element_type=\"widget\" data-e-type=\"widget\" data-widget_type=\"spacer.default\">\n\t\t\t\t<div class=\"elementor-widget-container\">\n\t\t\t\t\t\t\t<div class=\"elementor-spacer\">\n\t\t\t<div class=\"elementor-spacer-inner\"><\/div>\n\t\t<\/div>\n\t\t\t\t\t\t<\/div>\n\t\t\t\t<\/div>\n\t\t\t\t<div class=\"elementor-element elementor-element-821258b elementor-widget elementor-widget-bridge_icon_text\" data-id=\"821258b\" data-element_type=\"widget\" data-e-type=\"widget\" data-widget_type=\"bridge_icon_text.default\">\n\t\t\t\t<div class=\"elementor-widget-container\">\n\t\t\t\t\t<div class='q_icon_with_title tiny custom_icon_image '><div class=\"icon_holder \" style=\" \"><img decoding=\"async\" itemprop=\"image\" style=\"\" src=\"https:\/\/elaienea.eus\/wp-content\/uploads\/2023\/11\/service-icon.png\" alt=\"y\"><\/div><div class=\"icon_text_holder\" style=\"\"><div class=\"icon_text_inner\" style=\"\"><h6 class=\"icon_title\" style=\"\"><\/h6><p style=''>Inmersi\u00f3n ling\u00fc\u00edstica, con un uso intensivo del ingl\u00e9s.<\/p><\/div><\/div><\/div>\t\t\t\t<\/div>\n\t\t\t\t<\/div>\n\t\t\t\t<div class=\"elementor-element elementor-element-7ae5658 elementor-widget elementor-widget-bridge_icon_text\" data-id=\"7ae5658\" data-element_type=\"widget\" data-e-type=\"widget\" data-widget_type=\"bridge_icon_text.default\">\n\t\t\t\t<div class=\"elementor-widget-container\">\n\t\t\t\t\t<div class='q_icon_with_title tiny custom_icon_image '><div class=\"icon_holder \" style=\" \"><img decoding=\"async\" itemprop=\"image\" style=\"\" src=\"https:\/\/elaienea.eus\/wp-content\/uploads\/2023\/11\/service-icon.png\" alt=\"y\"><\/div><div class=\"icon_text_holder\" style=\"\"><div class=\"icon_text_inner\" style=\"\"><h6 class=\"icon_title\" style=\"\"><\/h6><p style=''>Inmersi\u00f3n tecnol\u00f3gica, mediante el trabajo en una plataforma digital avanzada.<\/p><\/div><\/div><\/div>\t\t\t\t<\/div>\n\t\t\t\t<\/div>\n\t\t\t\t<div class=\"elementor-element elementor-element-9e83de2 elementor-widget elementor-widget-bridge_icon_text\" data-id=\"9e83de2\" data-element_type=\"widget\" data-e-type=\"widget\" data-widget_type=\"bridge_icon_text.default\">\n\t\t\t\t<div class=\"elementor-widget-container\">\n\t\t\t\t\t<div class='q_icon_with_title tiny custom_icon_image '><div class=\"icon_holder \" style=\" \"><img decoding=\"async\" itemprop=\"image\" style=\"\" src=\"https:\/\/elaienea.eus\/wp-content\/uploads\/2023\/11\/service-icon.png\" alt=\"y\"><\/div><div class=\"icon_text_holder\" style=\"\"><div class=\"icon_text_inner\" style=\"\"><h6 class=\"icon_title\" style=\"\"><\/h6><p style=''>Inmersi\u00f3n personal, potenciando la autonom\u00eda, la responsabilidad y la organizaci\u00f3n.<\/p><\/div><\/div><\/div>\t\t\t\t<\/div>\n\t\t\t\t<\/div>\n\t\t\t\t\t<\/div>\n\t\t\t\t<\/div>\n\t\t\t\t<\/div>\n\t\t<div class=\"elementor-element elementor-element-40476c39 e-con-full e-flex parallax_section_no qode_elementor_container_no e-con e-child\" data-id=\"40476c39\" data-element_type=\"container\" data-e-type=\"container\">\n\t\t\t\t<div class=\"elementor-element elementor-element-192491c elementor-widget elementor-widget-image\" data-id=\"192491c\" data-element_type=\"widget\" data-e-type=\"widget\" data-widget_type=\"image.default\">\n\t\t\t\t<div class=\"elementor-widget-container\">\n\t\t\t\t\t\t\t\t\t\t\t\t\t\t\t<img decoding=\"async\" width=\"650\" height=\"689\" src=\"https:\/\/elaienea.eus\/wp-content\/uploads\/2025\/11\/colegia.png\" class=\"attachment-large size-large wp-image-12377\" alt=\"\" srcset=\"https:\/\/elaienea.eus\/wp-content\/uploads\/2025\/11\/colegia.png 650w, https:\/\/elaienea.eus\/wp-content\/uploads\/2025\/11\/colegia-283x300.png 283w\" sizes=\"(max-width: 650px) 100vw, 650px\" \/>\t\t\t\t\t\t\t\t\t\t\t\t\t\t\t<\/div>\n\t\t\t\t<\/div>\n\t\t\t\t<\/div>\n\t\t\t\t\t<\/div>\n\t\t\t\t<\/div>\n\t\t<div class=\"elementor-element elementor-element-838809a qode_elementor_container_inner e-flex e-con-boxed parallax_section_no e-con e-parent\" data-id=\"838809a\" data-element_type=\"container\" data-e-type=\"container\">\n\t\t\t\t\t<div class=\"e-con-inner\">\n\t\t<div class=\"elementor-element elementor-element-8f57b09 e-con-full e-flex parallax_section_no qode_elementor_container_no e-con e-child\" data-id=\"8f57b09\" data-element_type=\"container\" data-e-type=\"container\">\n\t\t\t\t<div class=\"elementor-element elementor-element-30ecc82 elementor-widget elementor-widget-image\" data-id=\"30ecc82\" data-element_type=\"widget\" data-e-type=\"widget\" data-widget_type=\"image.default\">\n\t\t\t\t<div class=\"elementor-widget-container\">\n\t\t\t\t\t\t\t\t\t\t\t\t\t\t\t<img decoding=\"async\" width=\"993\" height=\"358\" src=\"https:\/\/elaienea.eus\/wp-content\/uploads\/2025\/11\/DUAL.jpg\" class=\"attachment-large size-large wp-image-12379\" alt=\"\" srcset=\"https:\/\/elaienea.eus\/wp-content\/uploads\/2025\/11\/DUAL.jpg 993w, https:\/\/elaienea.eus\/wp-content\/uploads\/2025\/11\/DUAL-300x108.jpg 300w, https:\/\/elaienea.eus\/wp-content\/uploads\/2025\/11\/DUAL-768x277.jpg 768w, https:\/\/elaienea.eus\/wp-content\/uploads\/2025\/11\/DUAL-700x252.jpg 700w\" sizes=\"(max-width: 993px) 100vw, 993px\" \/>\t\t\t\t\t\t\t\t\t\t\t\t\t\t\t<\/div>\n\t\t\t\t<\/div>\n\t\t\t\t<\/div>\n\t\t<div class=\"elementor-element elementor-element-6f155dd e-con-full e-flex parallax_section_no qode_elementor_container_no e-con e-child\" data-id=\"6f155dd\" data-element_type=\"container\" data-e-type=\"container\">\n\t\t<div class=\"elementor-element elementor-element-8fdf1c8 e-con-full e-flex parallax_section_no qode_elementor_container_no e-con e-child\" data-id=\"8fdf1c8\" data-element_type=\"container\" data-e-type=\"container\" data-settings=\"{&quot;background_background&quot;:&quot;classic&quot;}\">\n\t\t\t\t<div class=\"elementor-element elementor-element-c545d15 elementor-widget elementor-widget-text-editor\" data-id=\"c545d15\" data-element_type=\"widget\" data-e-type=\"widget\" data-widget_type=\"text-editor.default\">\n\t\t\t\t<div class=\"elementor-widget-container\">\n\t\t\t\t\t\t\t\t\t<h5><span style=\"color: #808080;\">El alumnado puede iniciar el <strong>Diploma Dual\u00ae<\/strong> a partir de 2\u00ba, 3\u00ba o 4\u00ba de ESO, as\u00ed como en 1\u00ba de Bachillerato.<\/span><\/h5><h5>\u00a0<\/h5><h5><span style=\"color: #808080;\">Al finalizar el programa, obtiene la misma titulaci\u00f3n oficial que un estudiante de Estados Unidos al terminar el High School.<\/span><\/h5>\t\t\t\t\t\t\t\t<\/div>\n\t\t\t\t<\/div>\n\t\t\t\t<\/div>\n\t\t\t\t<\/div>\n\t\t\t\t\t<\/div>\n\t\t\t\t<\/div>\n\t\t<div class=\"elementor-element elementor-element-eb37e0d e-flex e-con-boxed parallax_section_no qode_elementor_container_no e-con e-parent\" data-id=\"eb37e0d\" data-element_type=\"container\" data-e-type=\"container\">\n\t\t\t\t\t<div class=\"e-con-inner\">\n\t\t\t\t<div class=\"elementor-element elementor-element-35b6305 elementor-widget elementor-widget-spacer\" data-id=\"35b6305\" data-element_type=\"widget\" data-e-type=\"widget\" data-widget_type=\"spacer.default\">\n\t\t\t\t<div class=\"elementor-widget-container\">\n\t\t\t\t\t\t\t<div class=\"elementor-spacer\">\n\t\t\t<div class=\"elementor-spacer-inner\"><\/div>\n\t\t<\/div>\n\t\t\t\t\t\t<\/div>\n\t\t\t\t<\/div>\n\t\t\t\t\t<\/div>\n\t\t\t\t<\/div>\n\t\t\t\t<\/div>\n\t\t","protected":false},"excerpt":{"rendered":"<p>ElaiEnea Diploma Dual\u00ae En elaiEnea ofrecemos la posibilidad de cursar el Diploma Dual\u00ae, un programa oficial que permite al alumnado obtener dos titulaciones al mismo tiempo: el Bachillerato espa\u00f1ol y el Bachillerato estadounidense (High School Diploma). Desarrollado por Academica Corporation, este programa interdisciplinar prepara a&#8230;<\/p>\n","protected":false},"author":1,"featured_media":0,"parent":0,"menu_order":0,"comment_status":"closed","ping_status":"closed","template":"full_width.php","meta":{"_eb_attr":"","footnotes":""},"class_list":["post-12370","page","type-page","status-publish","hentry"],"_links":{"self":[{"href":"https:\/\/elaienea.eus\/es\/wp-json\/wp\/v2\/pages\/12370","targetHints":{"allow":["GET"]}}],"collection":[{"href":"https:\/\/elaienea.eus\/es\/wp-json\/wp\/v2\/pages"}],"about":[{"href":"https:\/\/elaienea.eus\/es\/wp-json\/wp\/v2\/types\/page"}],"author":[{"embeddable":true,"href":"https:\/\/elaienea.eus\/es\/wp-json\/wp\/v2\/users\/1"}],"replies":[{"embeddable":true,"href":"https:\/\/elaienea.eus\/es\/wp-json\/wp\/v2\/comments?post=12370"}],"version-history":[{"count":7,"href":"https:\/\/elaienea.eus\/es\/wp-json\/wp\/v2\/pages\/12370\/revisions"}],"predecessor-version":[{"id":12387,"href":"https:\/\/elaienea.eus\/es\/wp-json\/wp\/v2\/pages\/12370\/revisions\/12387"}],"wp:attachment":[{"href":"https:\/\/elaienea.eus\/es\/wp-json\/wp\/v2\/media?parent=12370"}],"curies":[{"name":"wp","href":"https:\/\/api.w.org\/{rel}","templated":true}]}}