{"id":12252,"date":"2025-11-05T10:10:38","date_gmt":"2025-11-05T10:10:38","guid":{"rendered":"https:\/\/elaienea.eus\/?page_id=12252"},"modified":"2025-11-05T11:11:11","modified_gmt":"2025-11-05T11:11:11","slug":"proyecto-solidario-de-fundeo","status":"publish","type":"page","link":"https:\/\/elaienea.eus\/es\/proyecto-solidario-de-fundeo\/","title":{"rendered":"Proyecto Solidario de FundEO"},"content":{"rendered":"\t\t<div data-elementor-type=\"wp-page\" data-elementor-id=\"12252\" class=\"elementor elementor-12252\">\n\t\t\t\t<div class=\"elementor-element elementor-element-5cec6e3 e-con-full e-flex parallax_section_no qode_elementor_container_no e-con e-parent\" data-id=\"5cec6e3\" data-element_type=\"container\" data-e-type=\"container\" data-settings=\"{&quot;background_background&quot;:&quot;classic&quot;}\">\n\t\t<div class=\"elementor-element elementor-element-1b9ef473 e-con-full e-flex parallax_section_no qode_elementor_container_no e-con e-child\" data-id=\"1b9ef473\" data-element_type=\"container\" data-e-type=\"container\">\n\t\t\t\t<div class=\"elementor-element elementor-element-30b30b1a elementor-widget elementor-widget-bridge_icon\" data-id=\"30b30b1a\" data-element_type=\"widget\" data-e-type=\"widget\" data-widget_type=\"bridge_icon.default\">\n\t\t\t\t<div class=\"elementor-widget-container\">\n\t\t\t\t\t<span data-type=\"normal\"  class=\"qode_icon_shortcode  q_font_awsome_icon fa-lg pull-left \" style=\" \"><span aria-hidden=\"true\" class=\"qode_icon_font_elegant icon_circle-empty qode_icon_element\" style=\"font-size: 12px;color: #1B3942;\" ><\/span><\/span>\t\t\t\t<\/div>\n\t\t\t\t<\/div>\n\t\t\t\t<div class=\"elementor-element elementor-element-47a56f50 elementor-widget elementor-widget-bridge_custom_font\" data-id=\"47a56f50\" data-element_type=\"widget\" data-e-type=\"widget\" data-widget_type=\"bridge_custom_font.default\">\n\t\t\t\t<div class=\"elementor-widget-container\">\n\t\t\t\t\t<div class=\"custom_font_holder \" style=\"font-family: Source Sans Pro; font-style: normal; font-weight: 600; color: #1B3942; text-decoration: none; letter-spacing: 1.728px; padding: 0; margin: 0; text-align: left; --qode-cf-font-size: 15px; --qode-cf-line-height: 22px; --qode-cf-font-size-1440: 15px; --qode-cf-line-height-1440: 22px; --qode-cf-font-size-1366: 15px; --qode-cf-line-height-1366: 22px; --qode-cf-font-size-1280: 15px; --qode-cf-line-height-1280: 22px; --qode-cf-font-size-1024: 15px; --qode-cf-line-height-1024: 22px; --qode-cf-font-size-768: 15px; --qode-cf-line-height-768: 22px; --qode-cf-font-size-680: 15px; --qode-cf-line-height-680: 22px; --qode-cf-font-size-480: 15px; --qode-cf-line-height-480: 22px;\">FundEO<\/div>\t\t\t\t<\/div>\n\t\t\t\t<\/div>\n\t\t\t\t<\/div>\n\t\t<div class=\"elementor-element elementor-element-766576a6 e-con-full e-flex parallax_section_no qode_elementor_container_no e-con e-child\" data-id=\"766576a6\" data-element_type=\"container\" data-e-type=\"container\">\n\t\t\t\t<div class=\"elementor-element elementor-element-2df0cb2d elementor-widget elementor-widget-heading\" data-id=\"2df0cb2d\" data-element_type=\"widget\" data-e-type=\"widget\" data-widget_type=\"heading.default\">\n\t\t\t\t<div class=\"elementor-widget-container\">\n\t\t\t\t\t<h1 class=\"elementor-heading-title elementor-size-default\">Proyecto Solidario de FundEO\n<\/h1>\t\t\t\t<\/div>\n\t\t\t\t<\/div>\n\t\t\t\t<\/div>\n\t\t\t\t<\/div>\n\t\t<div class=\"elementor-element elementor-element-942dbca e-con-full qode_elementor_container_inner e-flex parallax_section_no e-con e-parent\" data-id=\"942dbca\" data-element_type=\"container\" data-e-type=\"container\" data-settings=\"{&quot;background_background&quot;:&quot;classic&quot;}\">\n\t\t\t\t<div class=\"elementor-element elementor-element-7dbe14b elementor-widget elementor-widget-image\" data-id=\"7dbe14b\" data-element_type=\"widget\" data-e-type=\"widget\" data-widget_type=\"image.default\">\n\t\t\t\t<div class=\"elementor-widget-container\">\n\t\t\t\t\t\t\t\t\t\t\t\t\t\t\t<img fetchpriority=\"high\" decoding=\"async\" width=\"1300\" height=\"700\" src=\"https:\/\/elaienea.eus\/wp-content\/uploads\/2025\/11\/fundeo.png\" class=\"attachment-full size-full wp-image-12255\" alt=\"\" srcset=\"https:\/\/elaienea.eus\/wp-content\/uploads\/2025\/11\/fundeo.png 1300w, https:\/\/elaienea.eus\/wp-content\/uploads\/2025\/11\/fundeo-300x162.png 300w, https:\/\/elaienea.eus\/wp-content\/uploads\/2025\/11\/fundeo-1024x551.png 1024w, https:\/\/elaienea.eus\/wp-content\/uploads\/2025\/11\/fundeo-768x414.png 768w, https:\/\/elaienea.eus\/wp-content\/uploads\/2025\/11\/fundeo-700x377.png 700w\" sizes=\"(max-width: 1300px) 100vw, 1300px\" \/>\t\t\t\t\t\t\t\t\t\t\t\t\t\t\t<\/div>\n\t\t\t\t<\/div>\n\t\t\t\t<\/div>\n\t\t<div class=\"elementor-element elementor-element-7180d414 e-con-full qode_elementor_container_inner e-flex parallax_section_no e-con e-parent\" data-id=\"7180d414\" data-element_type=\"container\" data-e-type=\"container\" data-settings=\"{&quot;background_background&quot;:&quot;classic&quot;}\">\n\t\t<div class=\"elementor-element elementor-element-232ba523 e-con-full e-flex parallax_section_no qode_elementor_container_no e-con e-child\" data-id=\"232ba523\" data-element_type=\"container\" data-e-type=\"container\">\n\t\t<div class=\"elementor-element elementor-element-38b4398b e-con-full e-flex parallax_section_no qode_elementor_container_no e-con e-child\" data-id=\"38b4398b\" data-element_type=\"container\" data-e-type=\"container\">\n\t\t\t\t<div class=\"elementor-element elementor-element-29a1fa1 elementor-widget elementor-widget-heading\" data-id=\"29a1fa1\" data-element_type=\"widget\" data-e-type=\"widget\" data-widget_type=\"heading.default\">\n\t\t\t\t<div class=\"elementor-widget-container\">\n\t\t\t\t\t<h4 class=\"elementor-heading-title elementor-size-default\">Somos la ONGD de la Familia Teresiana<\/h4>\t\t\t\t<\/div>\n\t\t\t\t<\/div>\n\t\t\t\t<div class=\"elementor-element elementor-element-11ae2625 elementor-widget elementor-widget-text-editor\" data-id=\"11ae2625\" data-element_type=\"widget\" data-e-type=\"widget\" data-widget_type=\"text-editor.default\">\n\t\t\t\t<div class=\"elementor-widget-container\">\n\t\t\t\t\t\t\t\t\t<p>Fundada en 2004, que trabaja apoyando la labor realizada por la Familia Teresiana en pa\u00edses de Am\u00e9rica, \u00c1frica y Europa para promover:<\/p><p>\u2022 la dignidad y los derechos de las personas y grupos desfavorecidos, desde la perspectiva de g\u00e9nero.<\/p><p>\u2022 la construcci\u00f3n de un mundo m\u00e1s justo y sostenible, transform\u00e1ndolo desde nuestras posibilidades.<\/p>\t\t\t\t\t\t\t\t<\/div>\n\t\t\t\t<\/div>\n\t\t\t\t<\/div>\n\t\t\t\t<\/div>\n\t\t\t\t<\/div>\n\t\t<div class=\"elementor-element elementor-element-6ea55570 e-con-full qode_elementor_container_inner e-flex parallax_section_no e-con e-parent\" data-id=\"6ea55570\" data-element_type=\"container\" data-e-type=\"container\">\n\t\t<div class=\"elementor-element elementor-element-7ec7780f e-con-full e-flex parallax_section_no qode_elementor_container_no e-con e-child\" data-id=\"7ec7780f\" data-element_type=\"container\" data-e-type=\"container\">\n\t\t<div class=\"elementor-element elementor-element-534bcb79 e-flex e-con-boxed parallax_section_no qode_elementor_container_no e-con e-child\" data-id=\"534bcb79\" data-element_type=\"container\" data-e-type=\"container\">\n\t\t\t\t\t<div class=\"e-con-inner\">\n\t\t\t\t<div class=\"elementor-element elementor-element-832ec6f elementor-widget elementor-widget-heading\" data-id=\"832ec6f\" data-element_type=\"widget\" data-e-type=\"widget\" data-widget_type=\"heading.default\">\n\t\t\t\t<div class=\"elementor-widget-container\">\n\t\t\t\t\t<h4 class=\"elementor-heading-title elementor-size-default\">Trabajamos en 4 grandes l\u00edneas de actuaci\u00f3n:<\/h4>\t\t\t\t<\/div>\n\t\t\t\t<\/div>\n\t\t\t\t<div class=\"elementor-element elementor-element-3efe256 elementor-widget elementor-widget-spacer\" data-id=\"3efe256\" data-element_type=\"widget\" data-e-type=\"widget\" data-widget_type=\"spacer.default\">\n\t\t\t\t<div class=\"elementor-widget-container\">\n\t\t\t\t\t\t\t<div class=\"elementor-spacer\">\n\t\t\t<div class=\"elementor-spacer-inner\"><\/div>\n\t\t<\/div>\n\t\t\t\t\t\t<\/div>\n\t\t\t\t<\/div>\n\t\t\t\t<div class=\"elementor-element elementor-element-821258b elementor-widget elementor-widget-bridge_icon_text\" data-id=\"821258b\" data-element_type=\"widget\" data-e-type=\"widget\" data-widget_type=\"bridge_icon_text.default\">\n\t\t\t\t<div class=\"elementor-widget-container\">\n\t\t\t\t\t<div class='q_icon_with_title tiny custom_icon_image '><div class=\"icon_holder \" style=\" \"><img decoding=\"async\" itemprop=\"image\" style=\"\" src=\"https:\/\/elaienea.eus\/wp-content\/uploads\/2023\/11\/service-icon.png\" alt=\"y\"><\/div><div class=\"icon_text_holder\" style=\"\"><div class=\"icon_text_inner\" style=\"\"><h6 class=\"icon_title\" style=\"\"><\/h6><p style=''>PROYECTOS DE COOPERACI\u00d3N AL DESARROLLO que transforman vidas y realidades.<\/p><\/div><\/div><\/div>\t\t\t\t<\/div>\n\t\t\t\t<\/div>\n\t\t\t\t<div class=\"elementor-element elementor-element-7ae5658 elementor-widget elementor-widget-bridge_icon_text\" data-id=\"7ae5658\" data-element_type=\"widget\" data-e-type=\"widget\" data-widget_type=\"bridge_icon_text.default\">\n\t\t\t\t<div class=\"elementor-widget-container\">\n\t\t\t\t\t<div class='q_icon_with_title tiny custom_icon_image '><div class=\"icon_holder \" style=\" \"><img decoding=\"async\" itemprop=\"image\" style=\"\" src=\"https:\/\/elaienea.eus\/wp-content\/uploads\/2023\/11\/service-icon.png\" alt=\"y\"><\/div><div class=\"icon_text_holder\" style=\"\"><div class=\"icon_text_inner\" style=\"\"><h6 class=\"icon_title\" style=\"\"><\/h6><p style=''>EDUCACI\u00d3N PARA EL DESARROLLO Y LA CIUDADAN\u00cdA GLOBAL que despierta una conciencia solidaria y comprometida.<\/p><\/div><\/div><\/div>\t\t\t\t<\/div>\n\t\t\t\t<\/div>\n\t\t\t\t<div class=\"elementor-element elementor-element-9e83de2 elementor-widget elementor-widget-bridge_icon_text\" data-id=\"9e83de2\" data-element_type=\"widget\" data-e-type=\"widget\" data-widget_type=\"bridge_icon_text.default\">\n\t\t\t\t<div class=\"elementor-widget-container\">\n\t\t\t\t\t<div class='q_icon_with_title tiny custom_icon_image '><div class=\"icon_holder \" style=\" \"><img decoding=\"async\" itemprop=\"image\" style=\"\" src=\"https:\/\/elaienea.eus\/wp-content\/uploads\/2023\/11\/service-icon.png\" alt=\"y\"><\/div><div class=\"icon_text_holder\" style=\"\"><div class=\"icon_text_inner\" style=\"\"><h6 class=\"icon_title\" style=\"\"><\/h6><p style=''>PROGRAMA DE APADRINAMIENTO que garantiza el acceso a la educaci\u00f3n.<\/p><\/div><\/div><\/div>\t\t\t\t<\/div>\n\t\t\t\t<\/div>\n\t\t\t\t<div class=\"elementor-element elementor-element-c436f05 elementor-widget elementor-widget-bridge_icon_text\" data-id=\"c436f05\" data-element_type=\"widget\" data-e-type=\"widget\" data-widget_type=\"bridge_icon_text.default\">\n\t\t\t\t<div class=\"elementor-widget-container\">\n\t\t\t\t\t<div class='q_icon_with_title tiny custom_icon_image '><div class=\"icon_holder \" style=\" \"><img decoding=\"async\" itemprop=\"image\" style=\"\" src=\"https:\/\/elaienea.eus\/wp-content\/uploads\/2023\/11\/service-icon.png\" alt=\"y\"><\/div><div class=\"icon_text_holder\" style=\"\"><div class=\"icon_text_inner\" style=\"\"><h6 class=\"icon_title\" style=\"\"><\/h6><p style=''>VOLUNTARIADO NACIONAL E INTERNACIONAL que cambia el modo de mirar el mundo.<\/p><\/div><\/div><\/div>\t\t\t\t<\/div>\n\t\t\t\t<\/div>\n\t\t\t\t\t<\/div>\n\t\t\t\t<\/div>\n\t\t\t\t<\/div>\n\t\t<div class=\"elementor-element elementor-element-40476c39 e-con-full e-flex parallax_section_no qode_elementor_container_no e-con e-child\" data-id=\"40476c39\" data-element_type=\"container\" data-e-type=\"container\">\n\t\t\t\t<div class=\"elementor-element elementor-element-9c24d02 elementor-widget elementor-widget-image\" data-id=\"9c24d02\" data-element_type=\"widget\" data-e-type=\"widget\" data-widget_type=\"image.default\">\n\t\t\t\t<div class=\"elementor-widget-container\">\n\t\t\t\t\t\t\t\t\t\t\t\t\t\t\t<img decoding=\"async\" width=\"650\" height=\"618\" src=\"https:\/\/elaienea.eus\/wp-content\/uploads\/2025\/11\/mapa-fundeo-.png\" class=\"attachment-large size-large wp-image-12259\" alt=\"\" srcset=\"https:\/\/elaienea.eus\/wp-content\/uploads\/2025\/11\/mapa-fundeo-.png 650w, https:\/\/elaienea.eus\/wp-content\/uploads\/2025\/11\/mapa-fundeo--300x285.png 300w\" sizes=\"(max-width: 650px) 100vw, 650px\" \/>\t\t\t\t\t\t\t\t\t\t\t\t\t\t\t<\/div>\n\t\t\t\t<\/div>\n\t\t\t\t<\/div>\n\t\t\t\t<\/div>\n\t\t<div class=\"elementor-element elementor-element-838809a e-con-full qode_elementor_container_inner e-flex parallax_section_no e-con e-parent\" data-id=\"838809a\" data-element_type=\"container\" data-e-type=\"container\">\n\t\t<div class=\"elementor-element elementor-element-8f57b09 e-con-full e-flex parallax_section_no qode_elementor_container_no e-con e-child\" data-id=\"8f57b09\" data-element_type=\"container\" data-e-type=\"container\">\n\t\t\t\t<div class=\"elementor-element elementor-element-df29017 elementor-widget elementor-widget-image\" data-id=\"df29017\" data-element_type=\"widget\" data-e-type=\"widget\" data-widget_type=\"image.default\">\n\t\t\t\t<div class=\"elementor-widget-container\">\n\t\t\t\t\t\t\t\t\t\t\t\t\t\t\t<img decoding=\"async\" width=\"650\" height=\"618\" src=\"https:\/\/elaienea.eus\/wp-content\/uploads\/2025\/11\/imatge-mani.png\" class=\"attachment-large size-large wp-image-12261\" alt=\"\" srcset=\"https:\/\/elaienea.eus\/wp-content\/uploads\/2025\/11\/imatge-mani.png 650w, https:\/\/elaienea.eus\/wp-content\/uploads\/2025\/11\/imatge-mani-300x285.png 300w\" sizes=\"(max-width: 650px) 100vw, 650px\" \/>\t\t\t\t\t\t\t\t\t\t\t\t\t\t\t<\/div>\n\t\t\t\t<\/div>\n\t\t\t\t<\/div>\n\t\t<div class=\"elementor-element elementor-element-6f155dd e-con-full e-flex parallax_section_no qode_elementor_container_no e-con e-child\" data-id=\"6f155dd\" data-element_type=\"container\" data-e-type=\"container\">\n\t\t<div class=\"elementor-element elementor-element-8fdf1c8 e-con-full e-flex parallax_section_no qode_elementor_container_no e-con e-child\" data-id=\"8fdf1c8\" data-element_type=\"container\" data-e-type=\"container\" data-settings=\"{&quot;background_background&quot;:&quot;classic&quot;}\">\n\t\t\t\t<div class=\"elementor-element elementor-element-9d312fc elementor-widget elementor-widget-heading\" data-id=\"9d312fc\" data-element_type=\"widget\" data-e-type=\"widget\" data-widget_type=\"heading.default\">\n\t\t\t\t<div class=\"elementor-widget-container\">\n\t\t\t\t\t<h4 class=\"elementor-heading-title elementor-size-default\">Cada a\u00f1o nuestro colegio colabora con un proyecto de FundEO. Este curso el proyecto es:<\/h4>\t\t\t\t<\/div>\n\t\t\t\t<\/div>\n\t\t\t\t<\/div>\n\t\t\t\t<div class=\"elementor-element elementor-element-e781fc1 elementor-widget elementor-widget-text-editor\" data-id=\"e781fc1\" data-element_type=\"widget\" data-e-type=\"widget\" data-widget_type=\"text-editor.default\">\n\t\t\t\t<div class=\"elementor-widget-container\">\n\t\t\t\t\t\t\t\t\t<p><strong>Man &#8211; Costa de Marfil<\/strong><\/p><p class=\"p1\">Compra de MEDICINAS para el dispensario Notre Dame, en el Centro de formaci\u00f3n profesional teresiano de Man.<\/p>\t\t\t\t\t\t\t\t<\/div>\n\t\t\t\t<\/div>\n\t\t\t\t<div class=\"elementor-element elementor-element-c498aa2 elementor-widget elementor-widget-qi_addons_for_elementor_button\" data-id=\"c498aa2\" data-element_type=\"widget\" data-e-type=\"widget\" data-widget_type=\"qi_addons_for_elementor_button.default\">\n\t\t\t\t<div class=\"elementor-widget-container\">\n\t\t\t\t\t<a class=\"qodef-shortcode qodef-m qodef-qi-button qodef-html--link qodef-layout--outlined qodef-type--standard qodef-icon--right qodef-hover--icon-move-horizontal-short\" href=\"https:\/\/elaienea.eus\/wp-content\/uploads\/2025\/11\/Costa-de-Marfil-Dispensario_San-Sebastian.pdf\" target=\"_blank\">\n\t<span class=\"qodef-m-text\">Ver Presentaci\u00f3n MAN<\/span>\n\t<\/a>\n\t\t\t\t<\/div>\n\t\t\t\t<\/div>\n\t\t\t\t<div class=\"elementor-element elementor-element-ac88384 elementor-widget elementor-widget-qi_addons_for_elementor_button\" data-id=\"ac88384\" data-element_type=\"widget\" data-e-type=\"widget\" data-widget_type=\"qi_addons_for_elementor_button.default\">\n\t\t\t\t<div class=\"elementor-widget-container\">\n\t\t\t\t\t<a class=\"qodef-shortcode qodef-m qodef-qi-button qodef-html--link qodef-layout--outlined qodef-type--standard qodef-icon--right qodef-hover--icon-move-horizontal-short\" href=\"https:\/\/www.fundeo.org\/actuamos\/gestion-de-proyectos\/proyectos-internacionales-2025\/\" target=\"_blank\">\n\t<span class=\"qodef-m-text\">Ver Proyectos FundEO 2025<\/span>\n\t<\/a>\n\t\t\t\t<\/div>\n\t\t\t\t<\/div>\n\t\t\t\t<\/div>\n\t\t\t\t<\/div>\n\t\t<div class=\"elementor-element elementor-element-3ecb31c e-flex e-con-boxed parallax_section_no qode_elementor_container_no e-con e-parent\" data-id=\"3ecb31c\" data-element_type=\"container\" data-e-type=\"container\">\n\t\t\t\t\t<div class=\"e-con-inner\">\n\t\t\t\t<div class=\"elementor-element elementor-element-af74288 elementor-widget elementor-widget-spacer\" data-id=\"af74288\" data-element_type=\"widget\" data-e-type=\"widget\" data-widget_type=\"spacer.default\">\n\t\t\t\t<div class=\"elementor-widget-container\">\n\t\t\t\t\t\t\t<div class=\"elementor-spacer\">\n\t\t\t<div class=\"elementor-spacer-inner\"><\/div>\n\t\t<\/div>\n\t\t\t\t\t\t<\/div>\n\t\t\t\t<\/div>\n\t\t\t\t\t<\/div>\n\t\t\t\t<\/div>\n\t\t<div class=\"elementor-element elementor-element-b8a0c33 e-con-full e-flex parallax_section_no qode_elementor_container_no e-con e-parent\" data-id=\"b8a0c33\" data-element_type=\"container\" data-e-type=\"container\" data-settings=\"{&quot;background_background&quot;:&quot;slideshow&quot;,&quot;background_slideshow_gallery&quot;:[{&quot;id&quot;:10316,&quot;url&quot;:&quot;https:\\\/\\\/elaienea.eus\\\/wp-content\\\/uploads\\\/2024\\\/07\\\/Captura-de-pantalla-2024-07-11-a-las-11.32.27.png&quot;}],&quot;background_slideshow_loop&quot;:&quot;yes&quot;,&quot;background_slideshow_slide_duration&quot;:5000,&quot;background_slideshow_slide_transition&quot;:&quot;fade&quot;,&quot;background_slideshow_transition_duration&quot;:500}\">\n\t\t\t\t<\/div>\n\t\t\t\t<\/div>\n\t\t","protected":false},"excerpt":{"rendered":"<p>FundEO Proyecto Solidario de FundEO Somos la ONGD de la Familia Teresiana Fundada en 2004, que trabaja apoyando la labor realizada por la Familia Teresiana en pa\u00edses de Am\u00e9rica, \u00c1frica y Europa para promover: \u2022 la dignidad y los derechos de las personas y grupos&#8230;<\/p>\n","protected":false},"author":1,"featured_media":0,"parent":0,"menu_order":0,"comment_status":"closed","ping_status":"closed","template":"full_width.php","meta":{"_eb_attr":"","footnotes":""},"class_list":["post-12252","page","type-page","status-publish","hentry"],"_links":{"self":[{"href":"https:\/\/elaienea.eus\/es\/wp-json\/wp\/v2\/pages\/12252","targetHints":{"allow":["GET"]}}],"collection":[{"href":"https:\/\/elaienea.eus\/es\/wp-json\/wp\/v2\/pages"}],"about":[{"href":"https:\/\/elaienea.eus\/es\/wp-json\/wp\/v2\/types\/page"}],"author":[{"embeddable":true,"href":"https:\/\/elaienea.eus\/es\/wp-json\/wp\/v2\/users\/1"}],"replies":[{"embeddable":true,"href":"https:\/\/elaienea.eus\/es\/wp-json\/wp\/v2\/comments?post=12252"}],"version-history":[{"count":10,"href":"https:\/\/elaienea.eus\/es\/wp-json\/wp\/v2\/pages\/12252\/revisions"}],"predecessor-version":[{"id":12273,"href":"https:\/\/elaienea.eus\/es\/wp-json\/wp\/v2\/pages\/12252\/revisions\/12273"}],"wp:attachment":[{"href":"https:\/\/elaienea.eus\/es\/wp-json\/wp\/v2\/media?parent=12252"}],"curies":[{"name":"wp","href":"https:\/\/api.w.org\/{rel}","templated":true}]}}