{"id":12220,"date":"2025-07-09T10:01:29","date_gmt":"2025-07-09T10:01:29","guid":{"rendered":"https:\/\/elaienea.eus\/?page_id=12220"},"modified":"2025-07-09T10:04:00","modified_gmt":"2025-07-09T10:04:00","slug":"blog","status":"publish","type":"page","link":"https:\/\/elaienea.eus\/es\/blog\/","title":{"rendered":"Blog"},"content":{"rendered":"\t\t<div data-elementor-type=\"wp-page\" data-elementor-id=\"12220\" class=\"elementor elementor-12220\">\n\t\t\t\t<div class=\"elementor-element elementor-element-942dbca qode_elementor_container_inner e-flex e-con-boxed parallax_section_no e-con e-parent\" data-id=\"942dbca\" data-element_type=\"container\" data-e-type=\"container\">\n\t\t\t\t\t<div class=\"e-con-inner\">\n\t\t\t\t<div class=\"elementor-element elementor-element-b59664d elementor-widget elementor-widget-spacer\" data-id=\"b59664d\" data-element_type=\"widget\" data-e-type=\"widget\" data-widget_type=\"spacer.default\">\n\t\t\t\t<div class=\"elementor-widget-container\">\n\t\t\t\t\t\t\t<div class=\"elementor-spacer\">\n\t\t\t<div class=\"elementor-spacer-inner\"><\/div>\n\t\t<\/div>\n\t\t\t\t\t\t<\/div>\n\t\t\t\t<\/div>\n\t\t<div class=\"elementor-element elementor-element-3d92999 e-con-full e-flex parallax_section_no qode_elementor_container_no e-con e-child\" data-id=\"3d92999\" data-element_type=\"container\" data-e-type=\"container\">\n\t\t\t\t<div class=\"elementor-element elementor-element-ca24a54 elementor-widget elementor-widget-qi_addons_for_elementor_blog_list\" data-id=\"ca24a54\" data-element_type=\"widget\" data-e-type=\"widget\" data-widget_type=\"qi_addons_for_elementor_blog_list.default\">\n\t\t\t\t<div class=\"elementor-widget-container\">\n\t\t\t\t\t<div class=\"qodef-shortcode qodef-m qodef-addons-blog-list qodef-info-no-icons qodef-image--hover-zoom qodef-qi-grid qodef-layout--qi-columns qodef-col-num--3 qodef-item-layout--boxed qodef-responsive--predefined\" >\n\t<div class=\"qodef-grid-inner\">\n\t\t<article class=\"qodef-e qodef-blog-item qodef-grid-item qodef-item--full post-12208 post type-post status-publish format-standard has-post-thumbnail hentry category-elaienea\">\n\t<div class=\"qodef-e-inner\">\n\t\t<div class=\"qodef-e-media-holder\">\n\t\t\t<div class=\"qodef-e-media\">\n\t\t<div class=\"qodef-e-media-image\">\n\t\t<a itemprop=\"url\" href=\"https:\/\/elaienea.eus\/es\/2025\/07\/09\/escuela-promotora-de-salud-eprs\/\">\n\t\t\t<img decoding=\"async\" width=\"200\" height=\"200\" src=\"https:\/\/elaienea.eus\/wp-content\/uploads\/2025\/07\/Centro-Educativo-Saludable.png\" class=\"attachment-full size-full\" alt=\"\" srcset=\"https:\/\/elaienea.eus\/wp-content\/uploads\/2025\/07\/Centro-Educativo-Saludable.png 200w, https:\/\/elaienea.eus\/wp-content\/uploads\/2025\/07\/Centro-Educativo-Saludable-150x150.png 150w\" sizes=\"(max-width: 200px) 100vw, 200px\" \/>\t\t<\/a>\n\t\t\t<\/div>\n<\/div>\n<div itemprop=\"dateCreated\" class=\"qodef-e-info-item qodef-e-info-date entry-date \">\n\t<a itemprop=\"url\" href=\"https:\/\/elaienea.eus\/es\/2025\/07\/\">\n\t\t9 Jul\t<\/a>\n<\/div>\n\t\t<\/div>\n\t\t<div class=\"qodef-e-content\">\n\t\t\t\t\t\t\t<div class=\"qodef-e-info qodef-info--top\">\n\t\t\t\t\t<div class=\"qodef-e-info-item qodef-e-info-category\">\n\t\t<a href=\"https:\/\/elaienea.eus\/es\/category\/elaienea\/\" rel=\"category tag\">elaiEnea<\/a><\/div>\n<div class=\"qodef-e-info-item qodef-e-info-author\">\n\t<a itemprop=\"author\" class=\"qodef-e-info-author-link\" href=\"https:\/\/elaienea.eus\/es\/author\/admin\/\">\n\t\t\t\tadmin\t<\/a>\n<\/div>\n\t\t\t\t<\/div>\n\t\t\t\t\t\t<div class=\"qodef-e-text\">\n\t\t\t\t<h5 itemprop=\"name\" class=\"qodef-e-title entry-title\">\n\t<a itemprop=\"url\" class=\"qodef-e-title-link\" href=\"https:\/\/elaienea.eus\/es\/2025\/07\/09\/escuela-promotora-de-salud-eprs\/\">\n\t\tEscuela Promotora de Salud (EPrS)\t<\/a>\n<\/h5>\n\t\t<p itemprop=\"description\" class=\"qodef-e-excerpt\">\n\t\t\temos abordado la transformaci\u00f3n que supone para un centro educativo ser Escuela Promotora de Salud, partiendo de la identificaci\u00f3n de los agentes comunitarios y teniendo en cuent\t\t<\/p>\n\t\t\t\t<\/div>\n\t\t\t\t\t\t\t<div class=\"qodef-e-info qodef-info--bottom\">\n\t\t\t\t\t\t<div class=\"qodef-e-read-more\">\n\t\t<a class=\"qodef-shortcode qodef-m qodef-qi-button qodef-html--link qodef-layout--filled qodef-type--standard qodef-icon--right qodef-hover--icon-move-horizontal-short\" href=\"https:\/\/elaienea.eus\/es\/2025\/07\/09\/escuela-promotora-de-salud-eprs\/\" target=\"_self\">\t<span class=\"qodef-m-text\">LEER M\u00c1S<\/span>\t<\/a>\t<\/div>\n\t\t\t\t<\/div>\n\t\t\t\t\t<\/div>\n\t<\/div>\n<\/article>\n<article class=\"qodef-e qodef-blog-item qodef-grid-item qodef-item--full post-12190 post type-post status-publish format-standard has-post-thumbnail hentry category-elaienea\">\n\t<div class=\"qodef-e-inner\">\n\t\t<div class=\"qodef-e-media-holder\">\n\t\t\t<div class=\"qodef-e-media\">\n\t\t<div class=\"qodef-e-media-image\">\n\t\t<a itemprop=\"url\" href=\"https:\/\/elaienea.eus\/es\/2025\/07\/08\/enhorabuena-unai\/\">\n\t\t\t<img fetchpriority=\"high\" decoding=\"async\" width=\"1079\" height=\"1050\" src=\"https:\/\/elaienea.eus\/wp-content\/uploads\/2025\/07\/IMG-20250329-WA0009.jpg\" class=\"attachment-full size-full\" alt=\"\" srcset=\"https:\/\/elaienea.eus\/wp-content\/uploads\/2025\/07\/IMG-20250329-WA0009.jpg 1079w, https:\/\/elaienea.eus\/wp-content\/uploads\/2025\/07\/IMG-20250329-WA0009-300x292.jpg 300w, https:\/\/elaienea.eus\/wp-content\/uploads\/2025\/07\/IMG-20250329-WA0009-1024x996.jpg 1024w, https:\/\/elaienea.eus\/wp-content\/uploads\/2025\/07\/IMG-20250329-WA0009-768x747.jpg 768w, https:\/\/elaienea.eus\/wp-content\/uploads\/2025\/07\/IMG-20250329-WA0009-700x681.jpg 700w\" sizes=\"(max-width: 1079px) 100vw, 1079px\" \/>\t\t<\/a>\n\t\t\t<\/div>\n<\/div>\n<div itemprop=\"dateCreated\" class=\"qodef-e-info-item qodef-e-info-date entry-date \">\n\t<a itemprop=\"url\" href=\"https:\/\/elaienea.eus\/es\/2025\/07\/\">\n\t\t8 Jul\t<\/a>\n<\/div>\n\t\t<\/div>\n\t\t<div class=\"qodef-e-content\">\n\t\t\t\t\t\t\t<div class=\"qodef-e-info qodef-info--top\">\n\t\t\t\t\t<div class=\"qodef-e-info-item qodef-e-info-category\">\n\t\t<a href=\"https:\/\/elaienea.eus\/es\/category\/elaienea\/\" rel=\"category tag\">elaiEnea<\/a><\/div>\n<div class=\"qodef-e-info-item qodef-e-info-author\">\n\t<a itemprop=\"author\" class=\"qodef-e-info-author-link\" href=\"https:\/\/elaienea.eus\/es\/author\/admin\/\">\n\t\t\t\tadmin\t<\/a>\n<\/div>\n\t\t\t\t<\/div>\n\t\t\t\t\t\t<div class=\"qodef-e-text\">\n\t\t\t\t<h5 itemprop=\"name\" class=\"qodef-e-title entry-title\">\n\t<a itemprop=\"url\" class=\"qodef-e-title-link\" href=\"https:\/\/elaienea.eus\/es\/2025\/07\/08\/enhorabuena-unai\/\">\n\t\t\u00a1ENHORABUENA UNAI!\t<\/a>\n<\/h5>\n\t\t<p itemprop=\"description\" class=\"qodef-e-excerpt\">\n\t\t\tNuestro compa\u00f1ero Unai Basurco, de 6\u00baC, ha sido campe\u00f3n en Pelota mano parejas.\t\t<\/p>\n\t\t\t\t<\/div>\n\t\t\t\t\t\t\t<div class=\"qodef-e-info qodef-info--bottom\">\n\t\t\t\t\t\t<div class=\"qodef-e-read-more\">\n\t\t<a class=\"qodef-shortcode qodef-m qodef-qi-button qodef-html--link qodef-layout--filled qodef-type--standard qodef-icon--right qodef-hover--icon-move-horizontal-short\" href=\"https:\/\/elaienea.eus\/es\/2025\/07\/08\/enhorabuena-unai\/\" target=\"_self\">\t<span class=\"qodef-m-text\">LEER M\u00c1S<\/span>\t<\/a>\t<\/div>\n\t\t\t\t<\/div>\n\t\t\t\t\t<\/div>\n\t<\/div>\n<\/article>\n<article class=\"qodef-e qodef-blog-item qodef-grid-item qodef-item--full post-12147 post type-post status-publish format-standard has-post-thumbnail hentry category-elaienea\">\n\t<div class=\"qodef-e-inner\">\n\t\t<div class=\"qodef-e-media-holder\">\n\t\t\t<div class=\"qodef-e-media\">\n\t\t<div class=\"qodef-e-media-image\">\n\t\t<a itemprop=\"url\" href=\"https:\/\/elaienea.eus\/es\/2025\/07\/01\/somos-escuela-de-referencia-steam-nivel-platino\/\">\n\t\t\t<img decoding=\"async\" width=\"1920\" height=\"1080\" src=\"https:\/\/elaienea.eus\/wp-content\/uploads\/2025\/07\/ElaiEnea3.jpg\" class=\"attachment-full size-full\" alt=\"\" srcset=\"https:\/\/elaienea.eus\/wp-content\/uploads\/2025\/07\/ElaiEnea3.jpg 1920w, https:\/\/elaienea.eus\/wp-content\/uploads\/2025\/07\/ElaiEnea3-300x169.jpg 300w, https:\/\/elaienea.eus\/wp-content\/uploads\/2025\/07\/ElaiEnea3-1024x576.jpg 1024w, https:\/\/elaienea.eus\/wp-content\/uploads\/2025\/07\/ElaiEnea3-768x432.jpg 768w, https:\/\/elaienea.eus\/wp-content\/uploads\/2025\/07\/ElaiEnea3-1536x864.jpg 1536w, https:\/\/elaienea.eus\/wp-content\/uploads\/2025\/07\/ElaiEnea3-700x394.jpg 700w, https:\/\/elaienea.eus\/wp-content\/uploads\/2025\/07\/ElaiEnea3-539x303.jpg 539w\" sizes=\"(max-width: 1920px) 100vw, 1920px\" \/>\t\t<\/a>\n\t\t\t<\/div>\n<\/div>\n<div itemprop=\"dateCreated\" class=\"qodef-e-info-item qodef-e-info-date entry-date \">\n\t<a itemprop=\"url\" href=\"https:\/\/elaienea.eus\/es\/2025\/07\/\">\n\t\t1 Jul\t<\/a>\n<\/div>\n\t\t<\/div>\n\t\t<div class=\"qodef-e-content\">\n\t\t\t\t\t\t\t<div class=\"qodef-e-info qodef-info--top\">\n\t\t\t\t\t<div class=\"qodef-e-info-item qodef-e-info-category\">\n\t\t<a href=\"https:\/\/elaienea.eus\/es\/category\/elaienea\/\" rel=\"category tag\">elaiEnea<\/a><\/div>\n<div class=\"qodef-e-info-item qodef-e-info-author\">\n\t<a itemprop=\"author\" class=\"qodef-e-info-author-link\" href=\"https:\/\/elaienea.eus\/es\/author\/admin\/\">\n\t\t\t\tadmin\t<\/a>\n<\/div>\n\t\t\t\t<\/div>\n\t\t\t\t\t\t<div class=\"qodef-e-text\">\n\t\t\t\t<h5 itemprop=\"name\" class=\"qodef-e-title entry-title\">\n\t<a itemprop=\"url\" class=\"qodef-e-title-link\" href=\"https:\/\/elaienea.eus\/es\/2025\/07\/01\/somos-escuela-de-referencia-steam-nivel-platino\/\">\n\t\tSomos\u00a0Escuela de Referencia STEAM &#8211; Nivel PLATINO\t<\/a>\n<\/h5>\n\t\t<p itemprop=\"description\" class=\"qodef-e-excerpt\">\n\t\t\tGracias a este reconocimiento, nos hemos sumado a nuestra lista de escuelas de vanguardia que apuntan a la evoluci\u00f3n continua. \u00a1Felicidades!\t\t<\/p>\n\t\t\t\t<\/div>\n\t\t\t\t\t\t\t<div class=\"qodef-e-info qodef-info--bottom\">\n\t\t\t\t\t\t<div class=\"qodef-e-read-more\">\n\t\t<a class=\"qodef-shortcode qodef-m qodef-qi-button qodef-html--link qodef-layout--filled qodef-type--standard qodef-icon--right qodef-hover--icon-move-horizontal-short\" href=\"https:\/\/elaienea.eus\/es\/2025\/07\/01\/somos-escuela-de-referencia-steam-nivel-platino\/\" target=\"_self\">\t<span class=\"qodef-m-text\">LEER M\u00c1S<\/span>\t<\/a>\t<\/div>\n\t\t\t\t<\/div>\n\t\t\t\t\t<\/div>\n\t<\/div>\n<\/article>\n<article class=\"qodef-e qodef-blog-item qodef-grid-item qodef-item--full post-12128 post type-post status-publish format-standard has-post-thumbnail hentry category-elaienea\">\n\t<div class=\"qodef-e-inner\">\n\t\t<div class=\"qodef-e-media-holder\">\n\t\t\t<div class=\"qodef-e-media\">\n\t\t<div class=\"qodef-e-media-image\">\n\t\t<a itemprop=\"url\" href=\"https:\/\/elaienea.eus\/es\/2025\/06\/17\/llega-el-nuevo-chandal-del-colegio-con-nuestra-renovada-imagen-elaienea-2\/\">\n\t\t\t<img loading=\"lazy\" decoding=\"async\" width=\"1000\" height=\"586\" src=\"https:\/\/elaienea.eus\/wp-content\/uploads\/2023\/10\/FOTO.jpg\" class=\"attachment-full size-full\" alt=\"\" srcset=\"https:\/\/elaienea.eus\/wp-content\/uploads\/2023\/10\/FOTO.jpg 1000w, https:\/\/elaienea.eus\/wp-content\/uploads\/2023\/10\/FOTO-300x176.jpg 300w, https:\/\/elaienea.eus\/wp-content\/uploads\/2023\/10\/FOTO-768x450.jpg 768w, https:\/\/elaienea.eus\/wp-content\/uploads\/2023\/10\/FOTO-700x410.jpg 700w\" sizes=\"(max-width: 1000px) 100vw, 1000px\" \/>\t\t<\/a>\n\t\t\t<\/div>\n<\/div>\n<div itemprop=\"dateCreated\" class=\"qodef-e-info-item qodef-e-info-date entry-date \">\n\t<a itemprop=\"url\" href=\"https:\/\/elaienea.eus\/es\/2025\/06\/\">\n\t\t17 Jun\t<\/a>\n<\/div>\n\t\t<\/div>\n\t\t<div class=\"qodef-e-content\">\n\t\t\t\t\t\t\t<div class=\"qodef-e-info qodef-info--top\">\n\t\t\t\t\t<div class=\"qodef-e-info-item qodef-e-info-category\">\n\t\t<a href=\"https:\/\/elaienea.eus\/es\/category\/elaienea\/\" rel=\"category tag\">elaiEnea<\/a><\/div>\n<div class=\"qodef-e-info-item qodef-e-info-author\">\n\t<a itemprop=\"author\" class=\"qodef-e-info-author-link\" href=\"https:\/\/elaienea.eus\/es\/author\/admin\/\">\n\t\t\t\tadmin\t<\/a>\n<\/div>\n\t\t\t\t<\/div>\n\t\t\t\t\t\t<div class=\"qodef-e-text\">\n\t\t\t\t<h5 itemprop=\"name\" class=\"qodef-e-title entry-title\">\n\t<a itemprop=\"url\" class=\"qodef-e-title-link\" href=\"https:\/\/elaienea.eus\/es\/2025\/06\/17\/llega-el-nuevo-chandal-del-colegio-con-nuestra-renovada-imagen-elaienea-2\/\">\n\t\t\u00a1Llega el nuevo ch\u00e1ndal del colegio con nuestra renovada imagen\u00a0elaiEnea!\t<\/a>\n<\/h5>\n\t\t<p itemprop=\"description\" class=\"qodef-e-excerpt\">\n\t\t\tHemos dise\u00f1ado un ch\u00e1ndal que refleja los valores que nos unen como comunidad educativa: cercan\u00eda, orgullo, pertenencia y excelencia.\t\t<\/p>\n\t\t\t\t<\/div>\n\t\t\t\t\t\t\t<div class=\"qodef-e-info qodef-info--bottom\">\n\t\t\t\t\t\t<div class=\"qodef-e-read-more\">\n\t\t<a class=\"qodef-shortcode qodef-m qodef-qi-button qodef-html--link qodef-layout--filled qodef-type--standard qodef-icon--right qodef-hover--icon-move-horizontal-short\" href=\"https:\/\/elaienea.eus\/es\/2025\/06\/17\/llega-el-nuevo-chandal-del-colegio-con-nuestra-renovada-imagen-elaienea-2\/\" target=\"_self\">\t<span class=\"qodef-m-text\">LEER M\u00c1S<\/span>\t<\/a>\t<\/div>\n\t\t\t\t<\/div>\n\t\t\t\t\t<\/div>\n\t<\/div>\n<\/article>\n\t<\/div>\n\t<\/div>\n\t\t\t\t<\/div>\n\t\t\t\t<\/div>\n\t\t\t\t<div class=\"elementor-element elementor-element-1b7bf6c elementor-widget elementor-widget-spacer\" data-id=\"1b7bf6c\" data-element_type=\"widget\" data-e-type=\"widget\" data-widget_type=\"spacer.default\">\n\t\t\t\t<div class=\"elementor-widget-container\">\n\t\t\t\t\t\t\t<div class=\"elementor-spacer\">\n\t\t\t<div class=\"elementor-spacer-inner\"><\/div>\n\t\t<\/div>\n\t\t\t\t\t\t<\/div>\n\t\t\t\t<\/div>\n\t\t\t\t<\/div>\n\t\t\t\t\t<\/div>\n\t\t\t\t<\/div>\n\t\t<div class=\"elementor-element elementor-element-c4fb778 e-con-full e-flex parallax_section_no qode_elementor_container_no e-con e-parent\" data-id=\"c4fb778\" data-element_type=\"container\" data-e-type=\"container\" data-settings=\"{&quot;background_background&quot;:&quot;slideshow&quot;,&quot;background_slideshow_gallery&quot;:[{&quot;id&quot;:10316,&quot;url&quot;:&quot;https:\\\/\\\/elaienea.eus\\\/wp-content\\\/uploads\\\/2024\\\/07\\\/Captura-de-pantalla-2024-07-11-a-las-11.32.27.png&quot;}],&quot;background_slideshow_loop&quot;:&quot;yes&quot;,&quot;background_slideshow_slide_duration&quot;:5000,&quot;background_slideshow_slide_transition&quot;:&quot;fade&quot;,&quot;background_slideshow_transition_duration&quot;:500}\">\n\t\t\t\t<\/div>\n\t\t\t\t<\/div>\n\t\t","protected":false},"excerpt":{"rendered":"<p>9 Jul elaiEnea admin Escuela Promotora de Salud (EPrS) emos abordado la transformaci\u00f3n que supone para un centro educativo ser Escuela Promotora de Salud, partiendo de la identificaci\u00f3n de los agentes comunitarios y teniendo en cuent LEER M\u00c1S 8 Jul elaiEnea admin \u00a1ENHORABUENA UNAI! Nuestro&#8230;<\/p>\n","protected":false},"author":1,"featured_media":0,"parent":0,"menu_order":0,"comment_status":"closed","ping_status":"closed","template":"full_width.php","meta":{"_eb_attr":"","footnotes":""},"class_list":["post-12220","page","type-page","status-publish","hentry"],"_links":{"self":[{"href":"https:\/\/elaienea.eus\/es\/wp-json\/wp\/v2\/pages\/12220","targetHints":{"allow":["GET"]}}],"collection":[{"href":"https:\/\/elaienea.eus\/es\/wp-json\/wp\/v2\/pages"}],"about":[{"href":"https:\/\/elaienea.eus\/es\/wp-json\/wp\/v2\/types\/page"}],"author":[{"embeddable":true,"href":"https:\/\/elaienea.eus\/es\/wp-json\/wp\/v2\/users\/1"}],"replies":[{"embeddable":true,"href":"https:\/\/elaienea.eus\/es\/wp-json\/wp\/v2\/comments?post=12220"}],"version-history":[{"count":4,"href":"https:\/\/elaienea.eus\/es\/wp-json\/wp\/v2\/pages\/12220\/revisions"}],"predecessor-version":[{"id":12226,"href":"https:\/\/elaienea.eus\/es\/wp-json\/wp\/v2\/pages\/12220\/revisions\/12226"}],"wp:attachment":[{"href":"https:\/\/elaienea.eus\/es\/wp-json\/wp\/v2\/media?parent=12220"}],"curies":[{"name":"wp","href":"https:\/\/api.w.org\/{rel}","templated":true}]}}