{"id":11209,"date":"2024-10-08T13:08:44","date_gmt":"2024-10-08T13:08:44","guid":{"rendered":"https:\/\/elaienea.eus\/?page_id=11209"},"modified":"2024-10-28T10:44:13","modified_gmt":"2024-10-28T10:44:13","slug":"bachillerato","status":"publish","type":"page","link":"https:\/\/elaienea.eus\/es\/bachillerato\/","title":{"rendered":"Bachillerato"},"content":{"rendered":"\t\t<div data-elementor-type=\"wp-page\" data-elementor-id=\"11209\" class=\"elementor elementor-11209\">\n\t\t\t\t<div class=\"elementor-element elementor-element-5c507d5 e-flex e-con-boxed parallax_section_no qode_elementor_container_no e-con e-parent\" data-id=\"5c507d5\" data-element_type=\"container\" data-e-type=\"container\">\n\t\t\t\t\t<div class=\"e-con-inner\">\n\t\t\t\t\t<\/div>\n\t\t\t\t<\/div>\n\t\t<div class=\"elementor-element elementor-element-1e9686e e-flex e-con-boxed parallax_section_no qode_elementor_container_no elementor-invisible e-con e-parent\" data-id=\"1e9686e\" data-element_type=\"container\" data-e-type=\"container\" data-settings=\"{&quot;animation&quot;:&quot;fadeInLeft&quot;}\">\n\t\t\t\t\t<div class=\"e-con-inner\">\n\t\t<div class=\"elementor-element elementor-element-1230574 e-con-full e-flex parallax_section_no qode_elementor_container_no e-con e-child\" data-id=\"1230574\" data-element_type=\"container\" data-e-type=\"container\">\n\t\t\t\t<div class=\"elementor-element elementor-element-65401a8 elementor-widget elementor-widget-image\" data-id=\"65401a8\" data-element_type=\"widget\" data-e-type=\"widget\" data-widget_type=\"image.default\">\n\t\t\t\t<div class=\"elementor-widget-container\">\n\t\t\t\t\t\t\t\t\t\t\t\t\t\t\t<img fetchpriority=\"high\" decoding=\"async\" width=\"845\" height=\"524\" src=\"https:\/\/elaienea.eus\/wp-content\/uploads\/2024\/10\/1b.png\" class=\"attachment-large size-large wp-image-11596\" alt=\"\" srcset=\"https:\/\/elaienea.eus\/wp-content\/uploads\/2024\/10\/1b.png 845w, https:\/\/elaienea.eus\/wp-content\/uploads\/2024\/10\/1b-300x186.png 300w, https:\/\/elaienea.eus\/wp-content\/uploads\/2024\/10\/1b-768x476.png 768w, https:\/\/elaienea.eus\/wp-content\/uploads\/2024\/10\/1b-700x434.png 700w\" sizes=\"(max-width: 845px) 100vw, 845px\" \/>\t\t\t\t\t\t\t\t\t\t\t\t\t\t\t<\/div>\n\t\t\t\t<\/div>\n\t\t\t\t<\/div>\n\t\t<div class=\"elementor-element elementor-element-c1694d9 e-con-full e-flex parallax_section_no qode_elementor_container_no e-con e-child\" data-id=\"c1694d9\" data-element_type=\"container\" data-e-type=\"container\">\n\t\t\t\t<div class=\"elementor-element elementor-element-c38fc7e elementor-widget elementor-widget-text-editor\" data-id=\"c38fc7e\" data-element_type=\"widget\" data-e-type=\"widget\" data-widget_type=\"text-editor.default\">\n\t\t\t\t<div class=\"elementor-widget-container\">\n\t\t\t\t\t\t\t\t\t<h3 class=\"p1\"><span style=\"color: #609ce3;\">Aqu\u00ed culmina la formaci\u00f3n integral de nuestro\u00a0 alumnado: mente y coraz\u00f3n.<\/span><\/h3>\t\t\t\t\t\t\t\t<\/div>\n\t\t\t\t<\/div>\n\t\t\t\t<\/div>\n\t\t\t\t\t<\/div>\n\t\t\t\t<\/div>\n\t\t<div class=\"elementor-element elementor-element-caf00dd e-flex e-con-boxed parallax_section_no qode_elementor_container_no e-con e-parent\" data-id=\"caf00dd\" data-element_type=\"container\" data-e-type=\"container\">\n\t\t\t\t\t<div class=\"e-con-inner\">\n\t\t\t\t<div class=\"elementor-element elementor-element-14e444c elementor-widget elementor-widget-spacer\" data-id=\"14e444c\" data-element_type=\"widget\" data-e-type=\"widget\" data-widget_type=\"spacer.default\">\n\t\t\t\t<div class=\"elementor-widget-container\">\n\t\t\t\t\t\t\t<div class=\"elementor-spacer\">\n\t\t\t<div class=\"elementor-spacer-inner\"><\/div>\n\t\t<\/div>\n\t\t\t\t\t\t<\/div>\n\t\t\t\t<\/div>\n\t\t\t\t\t<\/div>\n\t\t\t\t<\/div>\n\t\t<div class=\"elementor-element elementor-element-18caa74 e-flex e-con-boxed parallax_section_no qode_elementor_container_no elementor-invisible e-con e-parent\" data-id=\"18caa74\" data-element_type=\"container\" data-e-type=\"container\" data-settings=\"{&quot;animation&quot;:&quot;fadeInRight&quot;}\">\n\t\t\t\t\t<div class=\"e-con-inner\">\n\t\t<div class=\"elementor-element elementor-element-5ea668c e-con-full e-flex parallax_section_no qode_elementor_container_no e-con e-child\" data-id=\"5ea668c\" data-element_type=\"container\" data-e-type=\"container\">\n\t\t\t\t<div class=\"elementor-element elementor-element-1cb3097 elementor-widget elementor-widget-text-editor\" data-id=\"1cb3097\" data-element_type=\"widget\" data-e-type=\"widget\" data-widget_type=\"text-editor.default\">\n\t\t\t\t<div class=\"elementor-widget-container\">\n\t\t\t\t\t\t\t\t\t<h3 class=\"p1\"><span style=\"color: #609ce3;\">Son alumnos abiertos al mundo, con capacidad cr\u00edtica, capaces de transformar la sociedad y de comprometerse en el servicio del bien com\u00fan.<\/span><\/h3>\t\t\t\t\t\t\t\t<\/div>\n\t\t\t\t<\/div>\n\t\t\t\t<\/div>\n\t\t<div class=\"elementor-element elementor-element-42e9a9f e-con-full e-flex parallax_section_no qode_elementor_container_no e-con e-child\" data-id=\"42e9a9f\" data-element_type=\"container\" data-e-type=\"container\">\n\t\t\t\t<div class=\"elementor-element elementor-element-e1cb7b4 elementor-widget elementor-widget-image\" data-id=\"e1cb7b4\" data-element_type=\"widget\" data-e-type=\"widget\" data-widget_type=\"image.default\">\n\t\t\t\t<div class=\"elementor-widget-container\">\n\t\t\t\t\t\t\t\t\t\t\t\t\t\t\t<img decoding=\"async\" width=\"845\" height=\"524\" src=\"https:\/\/elaienea.eus\/wp-content\/uploads\/2024\/10\/2b.png\" class=\"attachment-large size-large wp-image-11598\" alt=\"\" srcset=\"https:\/\/elaienea.eus\/wp-content\/uploads\/2024\/10\/2b.png 845w, https:\/\/elaienea.eus\/wp-content\/uploads\/2024\/10\/2b-300x186.png 300w, https:\/\/elaienea.eus\/wp-content\/uploads\/2024\/10\/2b-768x476.png 768w, https:\/\/elaienea.eus\/wp-content\/uploads\/2024\/10\/2b-700x434.png 700w\" sizes=\"(max-width: 845px) 100vw, 845px\" \/>\t\t\t\t\t\t\t\t\t\t\t\t\t\t\t<\/div>\n\t\t\t\t<\/div>\n\t\t\t\t<\/div>\n\t\t\t\t\t<\/div>\n\t\t\t\t<\/div>\n\t\t<div class=\"elementor-element elementor-element-7453ff0 e-flex e-con-boxed parallax_section_no qode_elementor_container_no e-con e-parent\" data-id=\"7453ff0\" data-element_type=\"container\" data-e-type=\"container\">\n\t\t\t\t\t<div class=\"e-con-inner\">\n\t\t\t\t<div class=\"elementor-element elementor-element-63bc791 elementor-widget elementor-widget-spacer\" data-id=\"63bc791\" data-element_type=\"widget\" data-e-type=\"widget\" data-widget_type=\"spacer.default\">\n\t\t\t\t<div class=\"elementor-widget-container\">\n\t\t\t\t\t\t\t<div class=\"elementor-spacer\">\n\t\t\t<div class=\"elementor-spacer-inner\"><\/div>\n\t\t<\/div>\n\t\t\t\t\t\t<\/div>\n\t\t\t\t<\/div>\n\t\t\t\t\t<\/div>\n\t\t\t\t<\/div>\n\t\t<div class=\"elementor-element elementor-element-7d4f416 e-flex e-con-boxed parallax_section_no qode_elementor_container_no elementor-invisible e-con e-parent\" data-id=\"7d4f416\" data-element_type=\"container\" data-e-type=\"container\" data-settings=\"{&quot;animation&quot;:&quot;fadeInLeft&quot;}\">\n\t\t\t\t\t<div class=\"e-con-inner\">\n\t\t<div class=\"elementor-element elementor-element-482da0d e-con-full e-flex parallax_section_no qode_elementor_container_no e-con e-child\" data-id=\"482da0d\" data-element_type=\"container\" data-e-type=\"container\">\n\t\t\t\t<div class=\"elementor-element elementor-element-b519570 elementor-widget elementor-widget-image\" data-id=\"b519570\" data-element_type=\"widget\" data-e-type=\"widget\" data-widget_type=\"image.default\">\n\t\t\t\t<div class=\"elementor-widget-container\">\n\t\t\t\t\t\t\t\t\t\t\t\t\t\t\t<img decoding=\"async\" width=\"845\" height=\"524\" src=\"https:\/\/elaienea.eus\/wp-content\/uploads\/2024\/10\/3b.png\" class=\"attachment-large size-large wp-image-11600\" alt=\"\" srcset=\"https:\/\/elaienea.eus\/wp-content\/uploads\/2024\/10\/3b.png 845w, https:\/\/elaienea.eus\/wp-content\/uploads\/2024\/10\/3b-300x186.png 300w, https:\/\/elaienea.eus\/wp-content\/uploads\/2024\/10\/3b-768x476.png 768w, https:\/\/elaienea.eus\/wp-content\/uploads\/2024\/10\/3b-700x434.png 700w\" sizes=\"(max-width: 845px) 100vw, 845px\" \/>\t\t\t\t\t\t\t\t\t\t\t\t\t\t\t<\/div>\n\t\t\t\t<\/div>\n\t\t\t\t<\/div>\n\t\t<div class=\"elementor-element elementor-element-51c4375 e-con-full e-flex parallax_section_no qode_elementor_container_no e-con e-child\" data-id=\"51c4375\" data-element_type=\"container\" data-e-type=\"container\">\n\t\t\t\t<div class=\"elementor-element elementor-element-eb7a0e1 elementor-widget elementor-widget-text-editor\" data-id=\"eb7a0e1\" data-element_type=\"widget\" data-e-type=\"widget\" data-widget_type=\"text-editor.default\">\n\t\t\t\t<div class=\"elementor-widget-container\">\n\t\t\t\t\t\t\t\t\t<h3 class=\"p1\"><span style=\"color: #609ce3;\">En esta etapa se obtiene el m\u00e1ximo desarrollo de sus competencias. La excelencia y la cuidada orientaci\u00f3n acad\u00e9mica y profesional son garant\u00eda para enfrentarse con \u00e9xito tanto a las pruebas de acceso a la\u00a0 universidad como a estudios posteriores.<\/span><\/h3>\t\t\t\t\t\t\t\t<\/div>\n\t\t\t\t<\/div>\n\t\t\t\t<\/div>\n\t\t\t\t\t<\/div>\n\t\t\t\t<\/div>\n\t\t<div class=\"elementor-element elementor-element-37ffde1 e-flex e-con-boxed parallax_section_no qode_elementor_container_no e-con e-parent\" data-id=\"37ffde1\" data-element_type=\"container\" data-e-type=\"container\">\n\t\t\t\t\t<div class=\"e-con-inner\">\n\t\t\t\t<div class=\"elementor-element elementor-element-aa153cb elementor-widget elementor-widget-spacer\" data-id=\"aa153cb\" data-element_type=\"widget\" data-e-type=\"widget\" data-widget_type=\"spacer.default\">\n\t\t\t\t<div class=\"elementor-widget-container\">\n\t\t\t\t\t\t\t<div class=\"elementor-spacer\">\n\t\t\t<div class=\"elementor-spacer-inner\"><\/div>\n\t\t<\/div>\n\t\t\t\t\t\t<\/div>\n\t\t\t\t<\/div>\n\t\t\t\t\t<\/div>\n\t\t\t\t<\/div>\n\t\t<div class=\"elementor-element elementor-element-f10f6e2 e-flex e-con-boxed parallax_section_no qode_elementor_container_no elementor-invisible e-con e-parent\" data-id=\"f10f6e2\" data-element_type=\"container\" data-e-type=\"container\" data-settings=\"{&quot;animation&quot;:&quot;fadeInRight&quot;}\">\n\t\t\t\t\t<div class=\"e-con-inner\">\n\t\t<div class=\"elementor-element elementor-element-3a13344 e-con-full e-flex parallax_section_no qode_elementor_container_no e-con e-child\" data-id=\"3a13344\" data-element_type=\"container\" data-e-type=\"container\">\n\t\t\t\t<div class=\"elementor-element elementor-element-34f40bf elementor-widget elementor-widget-text-editor\" data-id=\"34f40bf\" data-element_type=\"widget\" data-e-type=\"widget\" data-widget_type=\"text-editor.default\">\n\t\t\t\t<div class=\"elementor-widget-container\">\n\t\t\t\t\t\t\t\t\t<h3 class=\"p1\"><span style=\"color: #609ce3;\">Fomentamos adem\u00e1s <strong>una visi\u00f3n de largo plazo y valores como la responsabilidad,<\/strong> la justicia y la solidaridad, impulsando a nuestras\u00a0 alumnas y<br \/>alumnos a convertirse en agentes de cambio positivo en sus comunidades y en el mundo.<\/span><\/h3>\t\t\t\t\t\t\t\t<\/div>\n\t\t\t\t<\/div>\n\t\t\t\t<\/div>\n\t\t<div class=\"elementor-element elementor-element-3081547 e-con-full e-flex parallax_section_no qode_elementor_container_no e-con e-child\" data-id=\"3081547\" data-element_type=\"container\" data-e-type=\"container\">\n\t\t\t\t<div class=\"elementor-element elementor-element-7a1942f elementor-widget elementor-widget-image\" data-id=\"7a1942f\" data-element_type=\"widget\" data-e-type=\"widget\" data-widget_type=\"image.default\">\n\t\t\t\t<div class=\"elementor-widget-container\">\n\t\t\t\t\t\t\t\t\t\t\t\t\t\t\t<img loading=\"lazy\" decoding=\"async\" width=\"845\" height=\"524\" src=\"https:\/\/elaienea.eus\/wp-content\/uploads\/2024\/10\/4b.png\" class=\"attachment-large size-large wp-image-11602\" alt=\"\" srcset=\"https:\/\/elaienea.eus\/wp-content\/uploads\/2024\/10\/4b.png 845w, https:\/\/elaienea.eus\/wp-content\/uploads\/2024\/10\/4b-300x186.png 300w, https:\/\/elaienea.eus\/wp-content\/uploads\/2024\/10\/4b-768x476.png 768w, https:\/\/elaienea.eus\/wp-content\/uploads\/2024\/10\/4b-700x434.png 700w\" sizes=\"(max-width: 845px) 100vw, 845px\" \/>\t\t\t\t\t\t\t\t\t\t\t\t\t\t\t<\/div>\n\t\t\t\t<\/div>\n\t\t\t\t<\/div>\n\t\t\t\t\t<\/div>\n\t\t\t\t<\/div>\n\t\t<div class=\"elementor-element elementor-element-84be69c e-flex e-con-boxed parallax_section_no qode_elementor_container_no e-con e-parent\" data-id=\"84be69c\" data-element_type=\"container\" data-e-type=\"container\">\n\t\t\t\t\t<div class=\"e-con-inner\">\n\t\t\t\t<div class=\"elementor-element elementor-element-4738c55 elementor-widget elementor-widget-spacer\" data-id=\"4738c55\" data-element_type=\"widget\" data-e-type=\"widget\" data-widget_type=\"spacer.default\">\n\t\t\t\t<div class=\"elementor-widget-container\">\n\t\t\t\t\t\t\t<div class=\"elementor-spacer\">\n\t\t\t<div class=\"elementor-spacer-inner\"><\/div>\n\t\t<\/div>\n\t\t\t\t\t\t<\/div>\n\t\t\t\t<\/div>\n\t\t\t\t\t<\/div>\n\t\t\t\t<\/div>\n\t\t<div class=\"elementor-element elementor-element-f39ff16 e-flex e-con-boxed parallax_section_no qode_elementor_container_no elementor-invisible e-con e-parent\" data-id=\"f39ff16\" data-element_type=\"container\" data-e-type=\"container\" data-settings=\"{&quot;animation&quot;:&quot;fadeInLeft&quot;}\">\n\t\t\t\t\t<div class=\"e-con-inner\">\n\t\t<div class=\"elementor-element elementor-element-4675a1a e-con-full e-flex parallax_section_no qode_elementor_container_no e-con e-child\" data-id=\"4675a1a\" data-element_type=\"container\" data-e-type=\"container\">\n\t\t\t\t<div class=\"elementor-element elementor-element-9a16725 elementor-widget elementor-widget-image\" data-id=\"9a16725\" data-element_type=\"widget\" data-e-type=\"widget\" data-widget_type=\"image.default\">\n\t\t\t\t<div class=\"elementor-widget-container\">\n\t\t\t\t\t\t\t\t\t\t\t\t\t\t\t<img loading=\"lazy\" decoding=\"async\" width=\"845\" height=\"524\" src=\"https:\/\/elaienea.eus\/wp-content\/uploads\/2024\/10\/5b.png\" class=\"attachment-large size-large wp-image-11604\" alt=\"\" srcset=\"https:\/\/elaienea.eus\/wp-content\/uploads\/2024\/10\/5b.png 845w, https:\/\/elaienea.eus\/wp-content\/uploads\/2024\/10\/5b-300x186.png 300w, https:\/\/elaienea.eus\/wp-content\/uploads\/2024\/10\/5b-768x476.png 768w, https:\/\/elaienea.eus\/wp-content\/uploads\/2024\/10\/5b-700x434.png 700w\" sizes=\"(max-width: 845px) 100vw, 845px\" \/>\t\t\t\t\t\t\t\t\t\t\t\t\t\t\t<\/div>\n\t\t\t\t<\/div>\n\t\t\t\t<\/div>\n\t\t<div class=\"elementor-element elementor-element-85879eb e-con-full e-flex parallax_section_no qode_elementor_container_no e-con e-child\" data-id=\"85879eb\" data-element_type=\"container\" data-e-type=\"container\">\n\t\t\t\t<div class=\"elementor-element elementor-element-52a1ca9 elementor-widget elementor-widget-text-editor\" data-id=\"52a1ca9\" data-element_type=\"widget\" data-e-type=\"widget\" data-widget_type=\"text-editor.default\">\n\t\t\t\t<div class=\"elementor-widget-container\">\n\t\t\t\t\t\t\t\t\t<h3 class=\"p1\"><span style=\"color: #609ce3;\">Modalidades:<\/span><\/h3><h4 class=\"p1\"><span style=\"color: #609ce3;\"><br \/>\u2022 Humanidades y Ciencias Sociales<br \/>\u2022 Ciencias y Tecnolog\u00eda<br \/>\u2022 General (permite el acceso a la Universidad)<br \/>\u2022 Dual<\/span><\/h4>\t\t\t\t\t\t\t\t<\/div>\n\t\t\t\t<\/div>\n\t\t\t\t<\/div>\n\t\t\t\t\t<\/div>\n\t\t\t\t<\/div>\n\t\t<div class=\"elementor-element elementor-element-e576fa8 e-flex e-con-boxed parallax_section_no qode_elementor_container_no e-con e-parent\" data-id=\"e576fa8\" data-element_type=\"container\" data-e-type=\"container\">\n\t\t\t\t\t<div class=\"e-con-inner\">\n\t\t\t\t<div class=\"elementor-element elementor-element-415403d elementor-widget elementor-widget-spacer\" data-id=\"415403d\" data-element_type=\"widget\" data-e-type=\"widget\" data-widget_type=\"spacer.default\">\n\t\t\t\t<div class=\"elementor-widget-container\">\n\t\t\t\t\t\t\t<div class=\"elementor-spacer\">\n\t\t\t<div class=\"elementor-spacer-inner\"><\/div>\n\t\t<\/div>\n\t\t\t\t\t\t<\/div>\n\t\t\t\t<\/div>\n\t\t\t\t\t<\/div>\n\t\t\t\t<\/div>\n\t\t<div class=\"elementor-element elementor-element-29ab819d e-con-full e-flex parallax_section_no qode_elementor_container_no e-con e-parent\" data-id=\"29ab819d\" data-element_type=\"container\" data-e-type=\"container\" data-settings=\"{&quot;background_background&quot;:&quot;slideshow&quot;,&quot;background_slideshow_gallery&quot;:[{&quot;id&quot;:10316,&quot;url&quot;:&quot;https:\\\/\\\/elaienea.eus\\\/wp-content\\\/uploads\\\/2024\\\/07\\\/Captura-de-pantalla-2024-07-11-a-las-11.32.27.png&quot;}],&quot;background_slideshow_loop&quot;:&quot;yes&quot;,&quot;background_slideshow_slide_duration&quot;:5000,&quot;background_slideshow_slide_transition&quot;:&quot;fade&quot;,&quot;background_slideshow_transition_duration&quot;:500}\">\n\t\t\t\t<\/div>\n\t\t\t\t<\/div>\n\t\t","protected":false},"excerpt":{"rendered":"<p>Aqu\u00ed culmina la formaci\u00f3n integral de nuestro\u00a0 alumnado: mente y coraz\u00f3n. Son alumnos abiertos al mundo, con capacidad cr\u00edtica, capaces de transformar la sociedad y de comprometerse en el servicio del bien com\u00fan. En esta etapa se obtiene el m\u00e1ximo desarrollo de sus competencias. La&#8230;<\/p>\n","protected":false},"author":1,"featured_media":0,"parent":0,"menu_order":0,"comment_status":"closed","ping_status":"closed","template":"full_width.php","meta":{"_eb_attr":"","footnotes":""},"class_list":["post-11209","page","type-page","status-publish","hentry"],"_links":{"self":[{"href":"https:\/\/elaienea.eus\/es\/wp-json\/wp\/v2\/pages\/11209","targetHints":{"allow":["GET"]}}],"collection":[{"href":"https:\/\/elaienea.eus\/es\/wp-json\/wp\/v2\/pages"}],"about":[{"href":"https:\/\/elaienea.eus\/es\/wp-json\/wp\/v2\/types\/page"}],"author":[{"embeddable":true,"href":"https:\/\/elaienea.eus\/es\/wp-json\/wp\/v2\/users\/1"}],"replies":[{"embeddable":true,"href":"https:\/\/elaienea.eus\/es\/wp-json\/wp\/v2\/comments?post=11209"}],"version-history":[{"count":7,"href":"https:\/\/elaienea.eus\/es\/wp-json\/wp\/v2\/pages\/11209\/revisions"}],"predecessor-version":[{"id":11608,"href":"https:\/\/elaienea.eus\/es\/wp-json\/wp\/v2\/pages\/11209\/revisions\/11608"}],"wp:attachment":[{"href":"https:\/\/elaienea.eus\/es\/wp-json\/wp\/v2\/media?parent=11209"}],"curies":[{"name":"wp","href":"https:\/\/api.w.org\/{rel}","templated":true}]}}