{"id":11197,"date":"2024-10-08T12:59:40","date_gmt":"2024-10-08T12:59:40","guid":{"rendered":"https:\/\/elaienea.eus\/?page_id=11197"},"modified":"2024-10-28T10:26:51","modified_gmt":"2024-10-28T10:26:51","slug":"primaria","status":"publish","type":"page","link":"https:\/\/elaienea.eus\/es\/primaria\/","title":{"rendered":"Primaria"},"content":{"rendered":"\t\t<div data-elementor-type=\"wp-page\" data-elementor-id=\"11197\" class=\"elementor elementor-11197\">\n\t\t\t\t<div class=\"elementor-element elementor-element-5c507d5 e-flex e-con-boxed parallax_section_no qode_elementor_container_no e-con e-parent\" data-id=\"5c507d5\" data-element_type=\"container\" data-e-type=\"container\">\n\t\t\t\t\t<div class=\"e-con-inner\">\n\t\t\t\t\t<\/div>\n\t\t\t\t<\/div>\n\t\t<div class=\"elementor-element elementor-element-1e9686e e-flex e-con-boxed parallax_section_no qode_elementor_container_no elementor-invisible e-con e-parent\" data-id=\"1e9686e\" data-element_type=\"container\" data-e-type=\"container\" data-settings=\"{&quot;animation&quot;:&quot;fadeInLeft&quot;}\">\n\t\t\t\t\t<div class=\"e-con-inner\">\n\t\t<div class=\"elementor-element elementor-element-1230574 e-con-full e-flex parallax_section_no qode_elementor_container_no e-con e-child\" data-id=\"1230574\" data-element_type=\"container\" data-e-type=\"container\">\n\t\t\t\t<div class=\"elementor-element elementor-element-65401a8 elementor-widget elementor-widget-image\" data-id=\"65401a8\" data-element_type=\"widget\" data-e-type=\"widget\" data-widget_type=\"image.default\">\n\t\t\t\t<div class=\"elementor-widget-container\">\n\t\t\t\t\t\t\t\t\t\t\t\t\t\t\t<img fetchpriority=\"high\" decoding=\"async\" width=\"845\" height=\"524\" src=\"https:\/\/elaienea.eus\/wp-content\/uploads\/2024\/10\/1p.png\" class=\"attachment-large size-large wp-image-11568\" alt=\"\" srcset=\"https:\/\/elaienea.eus\/wp-content\/uploads\/2024\/10\/1p.png 845w, https:\/\/elaienea.eus\/wp-content\/uploads\/2024\/10\/1p-300x186.png 300w, https:\/\/elaienea.eus\/wp-content\/uploads\/2024\/10\/1p-768x476.png 768w, https:\/\/elaienea.eus\/wp-content\/uploads\/2024\/10\/1p-700x434.png 700w\" sizes=\"(max-width: 845px) 100vw, 845px\" \/>\t\t\t\t\t\t\t\t\t\t\t\t\t\t\t<\/div>\n\t\t\t\t<\/div>\n\t\t\t\t<\/div>\n\t\t<div class=\"elementor-element elementor-element-c1694d9 e-con-full e-flex parallax_section_no qode_elementor_container_no e-con e-child\" data-id=\"c1694d9\" data-element_type=\"container\" data-e-type=\"container\">\n\t\t\t\t<div class=\"elementor-element elementor-element-c38fc7e elementor-widget elementor-widget-text-editor\" data-id=\"c38fc7e\" data-element_type=\"widget\" data-e-type=\"widget\" data-widget_type=\"text-editor.default\">\n\t\t\t\t<div class=\"elementor-widget-container\">\n\t\t\t\t\t\t\t\t\t<h3 class=\"p1\"><span style=\"color: #609ce3;\">Los alumnos y alumnas adquieren los aprendizajes b\u00e1sicos: son el <strong>centro<\/strong> de la acci\u00f3n educativa y protagonistas de su propio aprendizaje, con la ayuda y gu\u00eda del profesorado y familias.<\/span><\/h3>\t\t\t\t\t\t\t\t<\/div>\n\t\t\t\t<\/div>\n\t\t\t\t<\/div>\n\t\t\t\t\t<\/div>\n\t\t\t\t<\/div>\n\t\t<div class=\"elementor-element elementor-element-caf00dd e-flex e-con-boxed parallax_section_no qode_elementor_container_no e-con e-parent\" data-id=\"caf00dd\" data-element_type=\"container\" data-e-type=\"container\">\n\t\t\t\t\t<div class=\"e-con-inner\">\n\t\t\t\t<div class=\"elementor-element elementor-element-14e444c elementor-widget elementor-widget-spacer\" data-id=\"14e444c\" data-element_type=\"widget\" data-e-type=\"widget\" data-widget_type=\"spacer.default\">\n\t\t\t\t<div class=\"elementor-widget-container\">\n\t\t\t\t\t\t\t<div class=\"elementor-spacer\">\n\t\t\t<div class=\"elementor-spacer-inner\"><\/div>\n\t\t<\/div>\n\t\t\t\t\t\t<\/div>\n\t\t\t\t<\/div>\n\t\t\t\t\t<\/div>\n\t\t\t\t<\/div>\n\t\t<div class=\"elementor-element elementor-element-18caa74 e-flex e-con-boxed parallax_section_no qode_elementor_container_no elementor-invisible e-con e-parent\" data-id=\"18caa74\" data-element_type=\"container\" data-e-type=\"container\" data-settings=\"{&quot;animation&quot;:&quot;fadeInRight&quot;}\">\n\t\t\t\t\t<div class=\"e-con-inner\">\n\t\t<div class=\"elementor-element elementor-element-5ea668c e-con-full e-flex parallax_section_no qode_elementor_container_no e-con e-child\" data-id=\"5ea668c\" data-element_type=\"container\" data-e-type=\"container\">\n\t\t\t\t<div class=\"elementor-element elementor-element-1cb3097 elementor-widget elementor-widget-text-editor\" data-id=\"1cb3097\" data-element_type=\"widget\" data-e-type=\"widget\" data-widget_type=\"text-editor.default\">\n\t\t\t\t<div class=\"elementor-widget-container\">\n\t\t\t\t\t\t\t\t\t<h3 class=\"p1\"><span style=\"color: #609ce3;\">A trav\u00e9s de una metodolog\u00eda innovadora, motivadora y personalizada, acompa\u00f1amos el desarrollo de cualidades que abarcan las\u00a0<em><strong>dimensiones emocional, social<\/strong><\/em>\u00a0y espiritual de las personas.<\/span><\/h3>\t\t\t\t\t\t\t\t<\/div>\n\t\t\t\t<\/div>\n\t\t\t\t<\/div>\n\t\t<div class=\"elementor-element elementor-element-42e9a9f e-con-full e-flex parallax_section_no qode_elementor_container_no e-con e-child\" data-id=\"42e9a9f\" data-element_type=\"container\" data-e-type=\"container\">\n\t\t\t\t<div class=\"elementor-element elementor-element-e1cb7b4 elementor-widget elementor-widget-image\" data-id=\"e1cb7b4\" data-element_type=\"widget\" data-e-type=\"widget\" data-widget_type=\"image.default\">\n\t\t\t\t<div class=\"elementor-widget-container\">\n\t\t\t\t\t\t\t\t\t\t\t\t\t\t\t<img decoding=\"async\" width=\"845\" height=\"524\" src=\"https:\/\/elaienea.eus\/wp-content\/uploads\/2024\/10\/2p.png\" class=\"attachment-large size-large wp-image-11570\" alt=\"\" srcset=\"https:\/\/elaienea.eus\/wp-content\/uploads\/2024\/10\/2p.png 845w, https:\/\/elaienea.eus\/wp-content\/uploads\/2024\/10\/2p-300x186.png 300w, https:\/\/elaienea.eus\/wp-content\/uploads\/2024\/10\/2p-768x476.png 768w, https:\/\/elaienea.eus\/wp-content\/uploads\/2024\/10\/2p-700x434.png 700w\" sizes=\"(max-width: 845px) 100vw, 845px\" \/>\t\t\t\t\t\t\t\t\t\t\t\t\t\t\t<\/div>\n\t\t\t\t<\/div>\n\t\t\t\t<\/div>\n\t\t\t\t\t<\/div>\n\t\t\t\t<\/div>\n\t\t<div class=\"elementor-element elementor-element-7453ff0 e-flex e-con-boxed parallax_section_no qode_elementor_container_no e-con e-parent\" data-id=\"7453ff0\" data-element_type=\"container\" data-e-type=\"container\">\n\t\t\t\t\t<div class=\"e-con-inner\">\n\t\t\t\t<div class=\"elementor-element elementor-element-63bc791 elementor-widget elementor-widget-spacer\" data-id=\"63bc791\" data-element_type=\"widget\" data-e-type=\"widget\" data-widget_type=\"spacer.default\">\n\t\t\t\t<div class=\"elementor-widget-container\">\n\t\t\t\t\t\t\t<div class=\"elementor-spacer\">\n\t\t\t<div class=\"elementor-spacer-inner\"><\/div>\n\t\t<\/div>\n\t\t\t\t\t\t<\/div>\n\t\t\t\t<\/div>\n\t\t\t\t\t<\/div>\n\t\t\t\t<\/div>\n\t\t<div class=\"elementor-element elementor-element-7d4f416 e-flex e-con-boxed parallax_section_no qode_elementor_container_no elementor-invisible e-con e-parent\" data-id=\"7d4f416\" data-element_type=\"container\" data-e-type=\"container\" data-settings=\"{&quot;animation&quot;:&quot;fadeInLeft&quot;}\">\n\t\t\t\t\t<div class=\"e-con-inner\">\n\t\t<div class=\"elementor-element elementor-element-482da0d e-con-full e-flex parallax_section_no qode_elementor_container_no e-con e-child\" data-id=\"482da0d\" data-element_type=\"container\" data-e-type=\"container\">\n\t\t\t\t<div class=\"elementor-element elementor-element-b519570 elementor-widget elementor-widget-image\" data-id=\"b519570\" data-element_type=\"widget\" data-e-type=\"widget\" data-widget_type=\"image.default\">\n\t\t\t\t<div class=\"elementor-widget-container\">\n\t\t\t\t\t\t\t\t\t\t\t\t\t\t\t<img decoding=\"async\" width=\"845\" height=\"524\" src=\"https:\/\/elaienea.eus\/wp-content\/uploads\/2024\/10\/3p.png\" class=\"attachment-large size-large wp-image-11572\" alt=\"\" srcset=\"https:\/\/elaienea.eus\/wp-content\/uploads\/2024\/10\/3p.png 845w, https:\/\/elaienea.eus\/wp-content\/uploads\/2024\/10\/3p-300x186.png 300w, https:\/\/elaienea.eus\/wp-content\/uploads\/2024\/10\/3p-768x476.png 768w, https:\/\/elaienea.eus\/wp-content\/uploads\/2024\/10\/3p-700x434.png 700w\" sizes=\"(max-width: 845px) 100vw, 845px\" \/>\t\t\t\t\t\t\t\t\t\t\t\t\t\t\t<\/div>\n\t\t\t\t<\/div>\n\t\t\t\t<\/div>\n\t\t<div class=\"elementor-element elementor-element-51c4375 e-con-full e-flex parallax_section_no qode_elementor_container_no e-con e-child\" data-id=\"51c4375\" data-element_type=\"container\" data-e-type=\"container\">\n\t\t\t\t<div class=\"elementor-element elementor-element-eb7a0e1 elementor-widget elementor-widget-text-editor\" data-id=\"eb7a0e1\" data-element_type=\"widget\" data-e-type=\"widget\" data-widget_type=\"text-editor.default\">\n\t\t\t\t<div class=\"elementor-widget-container\">\n\t\t\t\t\t\t\t\t\t<h3 class=\"p1\"><span style=\"color: #609ce3;\">Mediante un\u00a0<em><strong>clima de exigencia y cercan\u00eda<\/strong><\/em>, adquieren los h\u00e1bitos de esfuerzo, convivencia, estudio y trabajo que garantizan la obtenci\u00f3n de unos buenos resultados en las etapas posteriores.<\/span><\/h3>\t\t\t\t\t\t\t\t<\/div>\n\t\t\t\t<\/div>\n\t\t\t\t<\/div>\n\t\t\t\t\t<\/div>\n\t\t\t\t<\/div>\n\t\t<div class=\"elementor-element elementor-element-e576fa8 e-flex e-con-boxed parallax_section_no qode_elementor_container_no e-con e-parent\" data-id=\"e576fa8\" data-element_type=\"container\" data-e-type=\"container\">\n\t\t\t\t\t<div class=\"e-con-inner\">\n\t\t\t\t<div class=\"elementor-element elementor-element-415403d elementor-widget elementor-widget-spacer\" data-id=\"415403d\" data-element_type=\"widget\" data-e-type=\"widget\" data-widget_type=\"spacer.default\">\n\t\t\t\t<div class=\"elementor-widget-container\">\n\t\t\t\t\t\t\t<div class=\"elementor-spacer\">\n\t\t\t<div class=\"elementor-spacer-inner\"><\/div>\n\t\t<\/div>\n\t\t\t\t\t\t<\/div>\n\t\t\t\t<\/div>\n\t\t\t\t\t<\/div>\n\t\t\t\t<\/div>\n\t\t<div class=\"elementor-element elementor-element-29ab819d e-con-full e-flex parallax_section_no qode_elementor_container_no e-con e-parent\" data-id=\"29ab819d\" data-element_type=\"container\" data-e-type=\"container\" data-settings=\"{&quot;background_background&quot;:&quot;slideshow&quot;,&quot;background_slideshow_gallery&quot;:[{&quot;id&quot;:10316,&quot;url&quot;:&quot;https:\\\/\\\/elaienea.eus\\\/wp-content\\\/uploads\\\/2024\\\/07\\\/Captura-de-pantalla-2024-07-11-a-las-11.32.27.png&quot;}],&quot;background_slideshow_loop&quot;:&quot;yes&quot;,&quot;background_slideshow_slide_duration&quot;:5000,&quot;background_slideshow_slide_transition&quot;:&quot;fade&quot;,&quot;background_slideshow_transition_duration&quot;:500}\">\n\t\t\t\t<\/div>\n\t\t\t\t<\/div>\n\t\t","protected":false},"excerpt":{"rendered":"<p>Los alumnos y alumnas adquieren los aprendizajes b\u00e1sicos: son el centro de la acci\u00f3n educativa y protagonistas de su propio aprendizaje, con la ayuda y gu\u00eda del profesorado y familias. A trav\u00e9s de una metodolog\u00eda innovadora, motivadora y personalizada, acompa\u00f1amos el desarrollo de cualidades que&#8230;<\/p>\n","protected":false},"author":1,"featured_media":0,"parent":0,"menu_order":0,"comment_status":"closed","ping_status":"closed","template":"full_width.php","meta":{"_eb_attr":"","footnotes":""},"class_list":["post-11197","page","type-page","status-publish","hentry"],"_links":{"self":[{"href":"https:\/\/elaienea.eus\/es\/wp-json\/wp\/v2\/pages\/11197","targetHints":{"allow":["GET"]}}],"collection":[{"href":"https:\/\/elaienea.eus\/es\/wp-json\/wp\/v2\/pages"}],"about":[{"href":"https:\/\/elaienea.eus\/es\/wp-json\/wp\/v2\/types\/page"}],"author":[{"embeddable":true,"href":"https:\/\/elaienea.eus\/es\/wp-json\/wp\/v2\/users\/1"}],"replies":[{"embeddable":true,"href":"https:\/\/elaienea.eus\/es\/wp-json\/wp\/v2\/comments?post=11197"}],"version-history":[{"count":7,"href":"https:\/\/elaienea.eus\/es\/wp-json\/wp\/v2\/pages\/11197\/revisions"}],"predecessor-version":[{"id":11576,"href":"https:\/\/elaienea.eus\/es\/wp-json\/wp\/v2\/pages\/11197\/revisions\/11576"}],"wp:attachment":[{"href":"https:\/\/elaienea.eus\/es\/wp-json\/wp\/v2\/media?parent=11197"}],"curies":[{"name":"wp","href":"https:\/\/api.w.org\/{rel}","templated":true}]}}