{"id":11167,"date":"2024-09-18T10:42:55","date_gmt":"2024-09-18T10:42:55","guid":{"rendered":"https:\/\/escuelateresiana.com\/colegios\/elaienea\/?page_id=11167"},"modified":"2024-09-18T10:44:00","modified_gmt":"2024-09-18T10:44:00","slug":"canal-de-denuncias","status":"publish","type":"page","link":"https:\/\/elaienea.eus\/es\/canal-de-denuncias\/","title":{"rendered":"Canal de denuncias"},"content":{"rendered":"\t\t<div data-elementor-type=\"wp-page\" data-elementor-id=\"11167\" class=\"elementor elementor-11167\">\n\t\t\t\t<div class=\"elementor-element elementor-element-5cec6e3 e-flex e-con-boxed parallax_section_no qode_elementor_container_no e-con e-parent\" data-id=\"5cec6e3\" data-element_type=\"container\" data-e-type=\"container\" data-settings=\"{&quot;background_background&quot;:&quot;classic&quot;}\">\n\t\t\t\t\t<div class=\"e-con-inner\">\n\t\t<div class=\"elementor-element elementor-element-1b9ef473 e-con-full e-flex parallax_section_no qode_elementor_container_no e-con e-child\" data-id=\"1b9ef473\" data-element_type=\"container\" data-e-type=\"container\">\n\t\t\t\t<div class=\"elementor-element elementor-element-30b30b1a elementor-widget elementor-widget-bridge_icon\" data-id=\"30b30b1a\" data-element_type=\"widget\" data-e-type=\"widget\" data-widget_type=\"bridge_icon.default\">\n\t\t\t\t<div class=\"elementor-widget-container\">\n\t\t\t\t\t<span data-type=\"normal\"  class=\"qode_icon_shortcode  q_font_awsome_icon fa-lg pull-left \" style=\" \"><span aria-hidden=\"true\" class=\"qode_icon_font_elegant icon_circle-empty qode_icon_element\" style=\"font-size: 12px;color: #1B3942;\" ><\/span><\/span>\t\t\t\t<\/div>\n\t\t\t\t<\/div>\n\t\t\t\t<div class=\"elementor-element elementor-element-47a56f50 elementor-widget elementor-widget-bridge_custom_font\" data-id=\"47a56f50\" data-element_type=\"widget\" data-e-type=\"widget\" data-widget_type=\"bridge_custom_font.default\">\n\t\t\t\t<div class=\"elementor-widget-container\">\n\t\t\t\t\t<div class=\"custom_font_holder \" style=\"font-family: MONTSERRAT; font-style: normal; font-weight: 600; color: #1B3942; text-decoration: none; letter-spacing: 1.728px; padding: 0; margin: 0; text-align: left; --qode-cf-font-size: 15px; --qode-cf-line-height: 22px; --qode-cf-font-size-1440: 15px; --qode-cf-line-height-1440: 22px; --qode-cf-font-size-1366: 15px; --qode-cf-line-height-1366: 22px; --qode-cf-font-size-1280: 15px; --qode-cf-line-height-1280: 22px; --qode-cf-font-size-1024: 15px; --qode-cf-line-height-1024: 22px; --qode-cf-font-size-768: 15px; --qode-cf-line-height-768: 22px; --qode-cf-font-size-680: 15px; --qode-cf-line-height-680: 22px; --qode-cf-font-size-480: 15px; --qode-cf-line-height-480: 22px;\">CANAL DE DENUNCIAS<\/div>\t\t\t\t<\/div>\n\t\t\t\t<\/div>\n\t\t\t\t<\/div>\n\t\t<div class=\"elementor-element elementor-element-766576a6 e-con-full e-flex parallax_section_no qode_elementor_container_no e-con e-child\" data-id=\"766576a6\" data-element_type=\"container\" data-e-type=\"container\">\n\t\t\t\t<div class=\"elementor-element elementor-element-a4b443d elementor-widget elementor-widget-text-editor\" data-id=\"a4b443d\" data-element_type=\"widget\" data-e-type=\"widget\" data-widget_type=\"text-editor.default\">\n\t\t\t\t<div class=\"elementor-widget-container\">\n\t\t\t\t\t\t\t\t\t<div class=\"wpb_text_column wpb_content_element \"><div class=\"wpb_wrapper\"><p>La Cultura Corporativa de la <b>Fundaci\u00f3n Escuela Teresiana <\/b>es el conjunto de valores, creencias, costumbres y h\u00e1bitos compartidos que incluye la actuaci\u00f3n frente a hechos, actitudes y\/o comportamientos que atenten contra los valores y principios \u00e9ticos que la <b>Fundaci\u00f3n<\/b> entiende como fundamentales, independientemente de que constituyan o no un delito.<\/p><p>\u00a0<\/p><p>El Modelo de Cumplimento Normativo de la <b>Fundaci\u00f3n<\/b> se asienta fundamentalmente sobre la adopci\u00f3n y ejecuci\u00f3n de medidas de vigilancia y control, la revisi\u00f3n peri\u00f3dica del Modelo, la existencia de un \u00f3rgano aut\u00f3nomo e independiente encargado de velar por su funcionamiento, denominado \u201c\u00f3rgano de cumplimiento\u201d, el C\u00f3digo de Conducta de la <b>Fundaci\u00f3n<\/b>, el Canal de Denuncias y un sistema de formaci\u00f3n e informaci\u00f3n continua en materia de Cumplimiento Normativo, entre otros.<\/p><p>\u00a0<\/p><p><b>EL COMPROMISO DE LA FUNDACI\u00d3N ESCUELA TERESIANA:<\/b><\/p><p>\u00a0<\/p><p>El <b>Patronato de la Fundaci\u00f3n Escuela Teresiana <\/b>entiende la responsabilidad \u00e9tica y social, adem\u00e1s de como una obligaci\u00f3n moral, como una oportunidad de generar valor en la sociedad en la que desarrolla sus actividades y garantizar el desarrollo y la sostenibilidad. Por este motivo se compromete a cumplir las exigencias establecidas por la legislaci\u00f3n.<\/p><p>\u00a0<\/p><p>Esta declaraci\u00f3n de principios y valores \u00e9ticos que definen la identidad de la <b>Fundaci\u00f3n,<\/b> y los centros que de ella dependen, se concreta en el C\u00f3digo de Conducta en el que se recogen con detalle tanto los valores culturales, como los principios de actuaci\u00f3n de los integrantes y el personal de los centros educativos.<\/p><p>\u00a0<\/p><p><b>EL CANAL \u00c9TICO, DE COMUNICACIONES O DE DENUNCIAS:<\/b><\/p><p>\u00a0<\/p><p>La <b>Fundaci\u00f3n Escuela Teresiana<\/b> ha habilitado la direcci\u00f3n web <a href=\"https:\/\/www.responsabilidadpenal.com\/canal-de-denuncias\">https:\/\/www.responsabilidadpenal.com\/canal-de-denuncias<\/a> como herramienta clave y con el objeto de facilitar un mecanismo objetivo y eficaz para que cualquier persona que se relacione con la misma pueda informar de:<\/p><p>\u00a0<\/p><ol><li>Cualquier hecho, indicio, irregularidad, riesgo o conocimiento de posibles delitos y\/o incumplimientos normativos en su \u00e1mbito y operatividad.<span class=\"Apple-converted-space\">\u00a0<\/span><\/li><li>Cualquier acci\u00f3n contraria a las pol\u00edticas, protocolos, procedimientos y c\u00f3digos internos que se tengan instaurados en materia de compliance.<\/li><li>Cualquier indicio, sospecha o evidencia de comportamiento no \u00e9tico, discriminatorio, contrario a la igualdad de las personas y posible acoso laboral y\/o sexual.<\/li><li>Cualquier operaci\u00f3n sospechosa, incidencia o riesgo en materia de \u201cprevenci\u00f3n del blanqueo de capitales y financiaci\u00f3n del terrorismo\u201d, fraude, corrupci\u00f3n o existencia de conflictos de inter\u00e9s.<\/li><li>Todas otras acciones u omisiones que puedan ser constitutivas de infracci\u00f3n penal o administrativa grave o muy grave o cualquier vulneraci\u00f3n del resto del ordenamiento jur\u00eddico.<\/li><li>Cualquier duda en relaci\u00f3n con la normativa.<\/li><\/ol><p>\u00a0<\/p><p>Las denuncias podr\u00e1n realizarse a trav\u00e9s del canal online proporcionado preceptivo o trav\u00e9s de solicitud verbal al responsable del Sistema de Informaci\u00f3n. En este sentido, se ha habilitado la direcci\u00f3n web <a href=\"https:\/\/www.responsabilidadpenal.com\/canal-de-denuncias\">https:\/\/www.responsabilidadpenal.com\/canal-de-denuncias<\/a> Introduciendo el c\u00f3digo \u201c<b>FET<\/b>\u201d.<\/p><p>\u00a0<\/p><p>Los hechos denunciados deben ser ciertos, por ello, el denunciante deber\u00e1 asegurarse de que la informaci\u00f3n proporcionada es correcta.<span class=\"Apple-converted-space\">\u00a0<\/span><\/p><p>\u00a0<\/p><p>Dicho canal ha sido implementado como elemento clave e id\u00f3neo para la supervisi\u00f3n, control y prevenci\u00f3n, en el \u00e1mbito del cumplimiento \u00e9tico y normativo, con el prop\u00f3sito de promover una cultura de transparencia, \u00e9tica y libre de conductas de corrupci\u00f3n, fraude o incumplimientos administrativos y\/o penales, atendiendo a lo dispuesto en la Ley 2\/2023, de 20 de febrero, \u201cde protecci\u00f3n de informantes\u201d. En este sentido, la <b>Fundaci\u00f3n Escuela Teresiana<\/b> cuentan con una Pol\u00edtica que enuncia y explica los principios generales en materia del Sistema interno de informaci\u00f3n y defensa del informante y garantiza, entre otros, la confidencialidad, la protecci\u00f3n de los informantes y la tramitaci\u00f3n establecidos en la ley 2\/2023, de 20 de febrero, as\u00ed como los derechos del denunciante y del denunciado. Adem\u00e1s, existe un procedimiento de gesti\u00f3n, tramitaci\u00f3n, investigaci\u00f3n y resoluci\u00f3n de denuncias mediante el que se procura asegurar, durante todo el proceso de vida de la denuncia, la protecci\u00f3n del denunciante y la privacidad de las personas involucradas, adem\u00e1s de la confidencialidad sobre los datos contenidos en la denuncia.<\/p><p>\u00a0<\/p><p>El presente canal proporciona un medio confidencial y seguro para que cualquier persona que se relacione con nosotros pueda denunciar cualquier actividad sospechosa o ilegal sin temor a represalias.<span class=\"Apple-converted-space\">\u00a0<\/span><\/p><p>\u00a0<\/p><p>Este canal no se podr\u00e1 utilizar para llevar a cabo denuncias con las siguientes caracter\u00edsticas:<span class=\"Apple-converted-space\">\u00a0<\/span><\/p><p>\u00a0<\/p><ul><li>Denuncias falsas.<\/li><li>Denuncias que muestren mala fe de forma manifiesta. (Ej.: denuncia presentada varias veces con diferente relato de hechos).<\/li><li>Denuncias no fundadas o sin indicios concretos o determinados. (Ej.: \u2018me parece sospechosa la actuaci\u00f3n de X, me hace dudar de su actuaci\u00f3n conforme a la ley\u2019).<\/li><li>Denuncias gen\u00e9ricas por no incluir el conjunto de datos que se consideran m\u00ednimos para las denuncias: conductas realizadas, fecha\/s en las que tuvieron lugar los hechos y tipolog\u00eda de normativa incumplida. (Ej.: \u2018un compa\u00f1ero lleva a cabo malas pr\u00e1cticas de comercializaci\u00f3n con algunos clientes\u2019). Asimismo, en el caso en que una denuncia verse espec\u00edficamente sobre el contenido de un fichero\/documento y este no sea aportado en la denuncia.<\/li><li>Denuncias sobre hechos no denunciables por no suponer ning\u00fan il\u00edcito o incumplimiento \u00e9tico. (Ej.: falta de higiene de un compa\u00f1ero).<\/li><li>Denuncias relativas a hechos que se encuentren en sede judicial.<\/li><\/ul><p>\u00a0<\/p><p>En todo caso, el canal cumple y respeta Ley Org\u00e1nica 3\/2018, de 5 de diciembre, de Protecci\u00f3n de Datos Personales y garant\u00eda de los derechos digitales. Por ello, se conservar\u00e1n los datos personales relativos al Canal de Denuncias durante el plazo estrictamente necesario y nunca se conservar\u00e1n datos personales, relativos a este tratamiento, por un plazo superior a 10 a\u00f1os<b>.<\/b><\/p><\/div><\/div>\t\t\t\t\t\t\t\t<\/div>\n\t\t\t\t<\/div>\n\t\t\t\t<\/div>\n\t\t\t\t\t<\/div>\n\t\t\t\t<\/div>\n\t\t\t\t<\/div>\n\t\t","protected":false},"excerpt":{"rendered":"<p>CANAL DE DENUNCIAS La Cultura Corporativa de la Fundaci\u00f3n Escuela Teresiana es el conjunto de valores, creencias, costumbres y h\u00e1bitos compartidos que incluye la actuaci\u00f3n frente a hechos, actitudes y\/o comportamientos que atenten contra los valores y principios \u00e9ticos que la Fundaci\u00f3n entiende como fundamentales,&#8230;<\/p>\n","protected":false},"author":1,"featured_media":0,"parent":0,"menu_order":0,"comment_status":"closed","ping_status":"closed","template":"full_width.php","meta":{"_eb_attr":"","footnotes":""},"class_list":["post-11167","page","type-page","status-publish","hentry"],"_links":{"self":[{"href":"https:\/\/elaienea.eus\/es\/wp-json\/wp\/v2\/pages\/11167","targetHints":{"allow":["GET"]}}],"collection":[{"href":"https:\/\/elaienea.eus\/es\/wp-json\/wp\/v2\/pages"}],"about":[{"href":"https:\/\/elaienea.eus\/es\/wp-json\/wp\/v2\/types\/page"}],"author":[{"embeddable":true,"href":"https:\/\/elaienea.eus\/es\/wp-json\/wp\/v2\/users\/1"}],"replies":[{"embeddable":true,"href":"https:\/\/elaienea.eus\/es\/wp-json\/wp\/v2\/comments?post=11167"}],"version-history":[{"count":4,"href":"https:\/\/elaienea.eus\/es\/wp-json\/wp\/v2\/pages\/11167\/revisions"}],"predecessor-version":[{"id":11171,"href":"https:\/\/elaienea.eus\/es\/wp-json\/wp\/v2\/pages\/11167\/revisions\/11171"}],"wp:attachment":[{"href":"https:\/\/elaienea.eus\/es\/wp-json\/wp\/v2\/media?parent=11167"}],"curies":[{"name":"wp","href":"https:\/\/api.w.org\/{rel}","templated":true}]}}