{"id":11157,"date":"2024-09-18T10:22:40","date_gmt":"2024-09-18T10:22:40","guid":{"rendered":"https:\/\/escuelateresiana.com\/colegios\/elaienea\/?page_id=11157"},"modified":"2024-09-18T10:27:13","modified_gmt":"2024-09-18T10:27:13","slug":"aviso-legal","status":"publish","type":"page","link":"https:\/\/elaienea.eus\/es\/aviso-legal\/","title":{"rendered":"Aviso legal"},"content":{"rendered":"\t\t<div data-elementor-type=\"wp-page\" data-elementor-id=\"11157\" class=\"elementor elementor-11157\">\n\t\t\t\t<div class=\"elementor-element elementor-element-5cec6e3 e-flex e-con-boxed parallax_section_no qode_elementor_container_no e-con e-parent\" data-id=\"5cec6e3\" data-element_type=\"container\" data-e-type=\"container\" data-settings=\"{&quot;background_background&quot;:&quot;classic&quot;}\">\n\t\t\t\t\t<div class=\"e-con-inner\">\n\t\t<div class=\"elementor-element elementor-element-1b9ef473 e-con-full e-flex parallax_section_no qode_elementor_container_no e-con e-child\" data-id=\"1b9ef473\" data-element_type=\"container\" data-e-type=\"container\">\n\t\t\t\t<div class=\"elementor-element elementor-element-30b30b1a elementor-widget elementor-widget-bridge_icon\" data-id=\"30b30b1a\" data-element_type=\"widget\" data-e-type=\"widget\" data-widget_type=\"bridge_icon.default\">\n\t\t\t\t<div class=\"elementor-widget-container\">\n\t\t\t\t\t<span data-type=\"normal\"  class=\"qode_icon_shortcode  q_font_awsome_icon fa-lg pull-left \" style=\" \"><span aria-hidden=\"true\" class=\"qode_icon_font_elegant icon_circle-empty qode_icon_element\" style=\"font-size: 12px;color: #1B3942;\" ><\/span><\/span>\t\t\t\t<\/div>\n\t\t\t\t<\/div>\n\t\t\t\t<div class=\"elementor-element elementor-element-47a56f50 elementor-widget elementor-widget-bridge_custom_font\" data-id=\"47a56f50\" data-element_type=\"widget\" data-e-type=\"widget\" data-widget_type=\"bridge_custom_font.default\">\n\t\t\t\t<div class=\"elementor-widget-container\">\n\t\t\t\t\t<div class=\"custom_font_holder \" style=\"font-family: MONTSERRAT; font-style: normal; font-weight: 600; color: #1B3942; text-decoration: none; letter-spacing: 1.728px; padding: 0; margin: 0; text-align: left; --qode-cf-font-size: 15px; --qode-cf-line-height: 22px; --qode-cf-font-size-1440: 15px; --qode-cf-line-height-1440: 22px; --qode-cf-font-size-1366: 15px; --qode-cf-line-height-1366: 22px; --qode-cf-font-size-1280: 15px; --qode-cf-line-height-1280: 22px; --qode-cf-font-size-1024: 15px; --qode-cf-line-height-1024: 22px; --qode-cf-font-size-768: 15px; --qode-cf-line-height-768: 22px; --qode-cf-font-size-680: 15px; --qode-cf-line-height-680: 22px; --qode-cf-font-size-480: 15px; --qode-cf-line-height-480: 22px;\">AVISO LEGAL<\/div>\t\t\t\t<\/div>\n\t\t\t\t<\/div>\n\t\t\t\t<\/div>\n\t\t<div class=\"elementor-element elementor-element-766576a6 e-con-full e-flex parallax_section_no qode_elementor_container_no e-con e-child\" data-id=\"766576a6\" data-element_type=\"container\" data-e-type=\"container\">\n\t\t\t\t<div class=\"elementor-element elementor-element-a4b443d elementor-widget elementor-widget-text-editor\" data-id=\"a4b443d\" data-element_type=\"widget\" data-e-type=\"widget\" data-widget_type=\"text-editor.default\">\n\t\t\t\t<div class=\"elementor-widget-container\">\n\t\t\t\t\t\t\t\t\t<p>El presente aviso legal regula el uso del sitio web <a href=\"http:\/\/www.elaienea.eus\">www.elaienea.eus<\/a>, de la Fundaci\u00f3n Escuela Teresiana con CIF G85853455 y con domicilio:<\/p>\n<div class=\" infobox1\">\n<div>\n<p>\u00a0<\/p>\n<p><strong>Fundaci\u00f3n Escuela Teresiana<br \/>C\/ Melqu\u00edades \u00c1lvarez, 8 \u00b7 <\/strong><strong>28003 \u00b7 Madrid<\/strong><\/p>\n<\/div>\n<\/div>\n<p>\u00a0<\/p>\n<p>La Fundaci\u00f3n Escuela Teresiana, que como Entidad Titular y \u00faltima responsable, establece los criterios y principios que definen su Educaci\u00f3n.<\/p>\n<p>\u00a0<\/p>\n<p>Todos los derechos de propiedad industrial e intelectual de este website, as\u00ed como de los elementos contenidos en el mismo.<\/p>\n<p>\u00a0<\/p>\n<hr \/>\n<h5>\u00a0<\/h5>\n<h5 class=\"wp-block-heading\"><strong>Condiciones generales de uso<\/strong><\/h5>\n<p>\u00a0<\/p>\n<p>El objetivo de este website es facilitar la comunicaci\u00f3n entre la Fundaci\u00f3n Escuela Teresiana y sus alumnos y familiares, as\u00ed como ofrecer informaci\u00f3n y servicios de su inter\u00e9s.<\/p>\n<p>\u00a0<\/p>\n<p>El usuario podr\u00e1 visualizar, imprimir o copiar sus contenidos siempre y cuando sea, \u00fanica y exclusivamente, para su uso personal y privado, quedando, por tanto, terminantemente prohibida su utilizaci\u00f3n con fines comerciales, la distribuci\u00f3n, as\u00ed como la modificaci\u00f3n o alteraci\u00f3n de tales contenidos.<\/p>\n<p>\u00a0<\/p>\n<p>Todos los elementos gr\u00e1ficos, logotipos y anagramas que conforman\u00a0la Fundaci\u00f3n Escuela Teresiana est\u00e1n sujetos a derechos de propiedad industrial e intelectual y son propiedad exclusiva de la fundaci\u00f3n.<\/p>\n<p>\u00a0<\/p>\n<p>La Fundaci\u00f3n Escuela Teresiana se reserva el derecho de efectuar sin previo aviso las modificaciones que considere oportunas, pudiendo cambiar, suprimir o a\u00f1adir contenidos.<\/p>\n<p>\u00a0<\/p>\n<hr \/>\n<h5>\u00a0<\/h5>\n<h5><strong>Enlaces desde otras webs<\/strong><\/h5>\n<p>\u00a0<\/p>\n<p>Los usuarios y en general cualquier persona f\u00edsica o jur\u00eddica que se proponga establecer un link entre sus p\u00e1ginas web y la web de la Fundaci\u00f3n Escuela Teresiana o cualquiera de sus secciones, lo podr\u00e1 hacer sin que se requiera autorizaci\u00f3n previa por escrito por parte de la Fundaci\u00f3n y siempre que se respete la estructura de la parte del web donde enlacen.<\/p>\t\t\t\t\t\t\t\t<\/div>\n\t\t\t\t<\/div>\n\t\t\t\t<\/div>\n\t\t\t\t\t<\/div>\n\t\t\t\t<\/div>\n\t\t\t\t<\/div>\n\t\t","protected":false},"excerpt":{"rendered":"<p>AVISO LEGAL El presente aviso legal regula el uso del sitio web www.elaienea.eus, de la Fundaci\u00f3n Escuela Teresiana con CIF G85853455 y con domicilio: \u00a0 Fundaci\u00f3n Escuela TeresianaC\/ Melqu\u00edades \u00c1lvarez, 8 \u00b7 28003 \u00b7 Madrid \u00a0 La Fundaci\u00f3n Escuela Teresiana, que como Entidad Titular y&#8230;<\/p>\n","protected":false},"author":1,"featured_media":0,"parent":0,"menu_order":0,"comment_status":"closed","ping_status":"closed","template":"full_width.php","meta":{"_eb_attr":"","footnotes":""},"class_list":["post-11157","page","type-page","status-publish","hentry"],"_links":{"self":[{"href":"https:\/\/elaienea.eus\/es\/wp-json\/wp\/v2\/pages\/11157","targetHints":{"allow":["GET"]}}],"collection":[{"href":"https:\/\/elaienea.eus\/es\/wp-json\/wp\/v2\/pages"}],"about":[{"href":"https:\/\/elaienea.eus\/es\/wp-json\/wp\/v2\/types\/page"}],"author":[{"embeddable":true,"href":"https:\/\/elaienea.eus\/es\/wp-json\/wp\/v2\/users\/1"}],"replies":[{"embeddable":true,"href":"https:\/\/elaienea.eus\/es\/wp-json\/wp\/v2\/comments?post=11157"}],"version-history":[{"count":4,"href":"https:\/\/elaienea.eus\/es\/wp-json\/wp\/v2\/pages\/11157\/revisions"}],"predecessor-version":[{"id":11161,"href":"https:\/\/elaienea.eus\/es\/wp-json\/wp\/v2\/pages\/11157\/revisions\/11161"}],"wp:attachment":[{"href":"https:\/\/elaienea.eus\/es\/wp-json\/wp\/v2\/media?parent=11157"}],"curies":[{"name":"wp","href":"https:\/\/api.w.org\/{rel}","templated":true}]}}