{"id":11146,"date":"2024-09-18T10:12:26","date_gmt":"2024-09-18T10:12:26","guid":{"rendered":"https:\/\/escuelateresiana.com\/colegios\/elaienea\/?page_id=11146"},"modified":"2024-09-18T10:20:10","modified_gmt":"2024-09-18T10:20:10","slug":"politica-de-cookies","status":"publish","type":"page","link":"https:\/\/elaienea.eus\/es\/politica-de-cookies\/","title":{"rendered":"Pol\u00edtica de cookies"},"content":{"rendered":"\t\t<div data-elementor-type=\"wp-page\" data-elementor-id=\"11146\" class=\"elementor elementor-11146\">\n\t\t\t\t<div class=\"elementor-element elementor-element-5cec6e3 e-flex e-con-boxed parallax_section_no qode_elementor_container_no e-con e-parent\" data-id=\"5cec6e3\" data-element_type=\"container\" data-e-type=\"container\" data-settings=\"{&quot;background_background&quot;:&quot;classic&quot;}\">\n\t\t\t\t\t<div class=\"e-con-inner\">\n\t\t<div class=\"elementor-element elementor-element-1b9ef473 e-con-full e-flex parallax_section_no qode_elementor_container_no e-con e-child\" data-id=\"1b9ef473\" data-element_type=\"container\" data-e-type=\"container\">\n\t\t\t\t<div class=\"elementor-element elementor-element-30b30b1a elementor-widget elementor-widget-bridge_icon\" data-id=\"30b30b1a\" data-element_type=\"widget\" data-e-type=\"widget\" data-widget_type=\"bridge_icon.default\">\n\t\t\t\t<div class=\"elementor-widget-container\">\n\t\t\t\t\t<span data-type=\"normal\"  class=\"qode_icon_shortcode  q_font_awsome_icon fa-lg pull-left \" style=\" \"><span aria-hidden=\"true\" class=\"qode_icon_font_elegant icon_circle-empty qode_icon_element\" style=\"font-size: 12px;color: #1B3942;\" ><\/span><\/span>\t\t\t\t<\/div>\n\t\t\t\t<\/div>\n\t\t\t\t<div class=\"elementor-element elementor-element-47a56f50 elementor-widget elementor-widget-bridge_custom_font\" data-id=\"47a56f50\" data-element_type=\"widget\" data-e-type=\"widget\" data-widget_type=\"bridge_custom_font.default\">\n\t\t\t\t<div class=\"elementor-widget-container\">\n\t\t\t\t\t<div class=\"custom_font_holder \" style=\"font-family: MONTSERRAT; font-style: normal; font-weight: 600; color: #1B3942; text-decoration: none; letter-spacing: 1.728px; padding: 0; margin: 0; text-align: left; --qode-cf-font-size: 15px; --qode-cf-line-height: 22px; --qode-cf-font-size-1440: 15px; --qode-cf-line-height-1440: 22px; --qode-cf-font-size-1366: 15px; --qode-cf-line-height-1366: 22px; --qode-cf-font-size-1280: 15px; --qode-cf-line-height-1280: 22px; --qode-cf-font-size-1024: 15px; --qode-cf-line-height-1024: 22px; --qode-cf-font-size-768: 15px; --qode-cf-line-height-768: 22px; --qode-cf-font-size-680: 15px; --qode-cf-line-height-680: 22px; --qode-cf-font-size-480: 15px; --qode-cf-line-height-480: 22px;\">POL\u00cdTICA DE COOKIES<\/div>\t\t\t\t<\/div>\n\t\t\t\t<\/div>\n\t\t\t\t<\/div>\n\t\t<div class=\"elementor-element elementor-element-766576a6 e-con-full e-flex parallax_section_no qode_elementor_container_no e-con e-child\" data-id=\"766576a6\" data-element_type=\"container\" data-e-type=\"container\">\n\t\t\t\t<div class=\"elementor-element elementor-element-a4b443d elementor-widget elementor-widget-text-editor\" data-id=\"a4b443d\" data-element_type=\"widget\" data-e-type=\"widget\" data-widget_type=\"text-editor.default\">\n\t\t\t\t<div class=\"elementor-widget-container\">\n\t\t\t\t\t\t\t\t\t<p>Siguiendo las directrices de la Agencia Espa\u00f1ola de Protecci\u00f3n de Datos procedemos a detallar el uso de\u00a0<em>cookies <\/em>que hace esta web con el fin de informarle con la m\u00e1xima exactitud posible.<\/p><p>\u00a0<\/p><p>El sitio web de FUNDACI\u00d3N ESCUELA TERESIANA, utiliza cookies y\/u otros archivos de funcionalidad similar (en adelante, las \u201cCookies\u201d) para mejorar su experiencia de usuario. Esta pol\u00edtica puede ser actualizada, por lo que le invitamos a revisarla de forma regular.<\/p><p>\u00a0<\/p><p><strong>\u00bfQu\u00e9 son las cookies?<\/strong><\/p><p>Son peque\u00f1os ficheros de datos que el servidor de Internet env\u00eda al dispositivo con el que te conectas a nuestras webs y que \u00e9ste archiva. Se asocian \u00fanicamente a su navegador y no proporcionan por s\u00ed mismas datos personales. Las cookies no pueden da\u00f1ar su dispositivo y adem\u00e1s son muy \u00fatiles, ya que nos ayudan a identificar y resolver errores.<\/p><p>\u00a0<\/p><p>Al navegar por este sitio web se utilizan cookies de sesi\u00f3n y cookies persistentes que, a su vez, pueden ser Cookies propias y\/o de terceros.<\/p><p>\u00a0<\/p><p>Las <strong>cookies de sesi\u00f3n<\/strong> son cookies dise\u00f1adas para recabar y almacenar datos mientras el usuario accede a una p\u00e1gina web. Se suelen emplear para almacenar informaci\u00f3n que solo interesa conservar para la prestaci\u00f3n del servicio solicitado por el usuario en una sola ocasi\u00f3n. Es decir, son temporales y desaparecen cuando finaliza la sesi\u00f3n.<\/p><p>\u00a0<\/p><p>Las <strong>cookies persistentes<\/strong> son un tipo de cookies en el que los datos siguen almacenados en el terminal y a los que se puede acceder y tratar durante un periodo definido por el responsable de la cookie, y que puede ir de unos minutos a varios a\u00f1os.<\/p><p>\u00a0<\/p><p>Las <strong>cookies propias<\/strong> son las creadas o gestionadas por el responsable de la p\u00e1gina web (FUNDACI\u00d3N ESCUELA TERESIANA).<\/p><p>\u00a0<\/p><p>Las <strong>cookies de terceros<\/strong> son las administradas por prestadores de servicios t\u00e9cnicos, de an\u00e1lisis, redes sociales, de personalizaci\u00f3n y de publicidad (incluida publicidad comportamental) ajenos a FUNDACI\u00d3N ESCUELA TERESIANA<\/p><p>\u00a0<\/p><p><strong>\u00bfQu\u00e9 tipos de cookies podemos utilizar?<\/strong><\/p><p>\u00a0<\/p><p><strong>COOKIES PROPIAS<\/strong><\/p><p>Finalidad T\u00e9cnica:<\/p><p>\u00daltima conexi\u00f3n del usuario para navegar por las webs del sitio y utilizar sus diferentes opciones o servicios. Nunca se utilizar\u00e1n para recopilar informaci\u00f3n con el objetivo de mostrarle publicidad personalizada.<\/p><p>\u00a0<\/p><p>Un identificador de usuario por sesi\u00f3n, la fecha y hora de la \u00faltima conexi\u00f3n del usuario y los par\u00e1metros necesarios para navegar entre la web de empresas y la de particulares.<\/p><p>\u00a0<\/p><p>Finalidad An\u00e1lisis:<\/p><p>Sirven para analizar los h\u00e1bitos de navegaci\u00f3n de los usuarios, con el objetivo de optimizar las funcionalidades y el mantenimiento t\u00e9cnico y operativo de las webs del sitio y garantizar el mejor servicio posible. Nunca se utilizar\u00e1n para mostrar anuncios personalizados, ni para recordar las preferencias del usuario m\u00e1s all\u00e1 de la sesi\u00f3n.<\/p><p>\u00a0<\/p><p>Perfil tecnol\u00f3gico del dispositivo, origen del acceso a la web, actividad de navegaci\u00f3n y t\u00e9rminos de b\u00fasqueda utilizados.<\/p><p>\u00a0<\/p><p>Para realizar estos an\u00e1lisis utilizamos el servicio Google Analitycs: Google Analitycs almacena\u00a0<em>cookies<\/em>\u00a0para poder elaborar estad\u00edsticas sobre el tr\u00e1fico y volumen de visitas de esta web. Al utilizar este sitio web est\u00e1 consintiendo el tratamiento de informaci\u00f3n acerca de usted por Google. Las condiciones de estos servicios pueden consultarse en la siguiente direcci\u00f3n: <a href=\"https:\/\/developers.google.com\/analytics\/devguides\/collection\/analyticsjs\/cookie-usage.\">https:\/\/developers.google.com\/analytics\/devguides\/collection\/analyticsjs\/cookie-usage.<\/a><\/p><p>\u00a0<\/p><p>Publicidad comportamental:<\/p><p>Son aquellas que permiten almacenar informaci\u00f3n del comportamiento de los usuarios obtenida a trav\u00e9s de la observaci\u00f3n continuada de sus h\u00e1bitos de navegaci\u00f3n, lo que permite desarrollar un perfil espec\u00edfico de usuario. De esta manera, se utilizan para personalizar las campa\u00f1as publicitarias que se ajusten a las preferencias del usuario.<\/p><p>\u00a0<\/p><p><strong>COOKIES DE TERCEROS<\/strong><\/p><p>\u00a0<\/p><p>Finalidad T\u00e9cnica:\u00a0\u00a0\u00a0\u00a0\u00a0\u00a0\u00a0\u00a0\u00a0\u00a0\u00a0\u00a0\u00a0\u00a0\u00a0\u00a0\u00a0<\/p><p>Son aqu\u00e9llas que permiten al usuario la navegaci\u00f3n a trav\u00e9s de la p\u00e1gina web y la utilizaci\u00f3n de las diferentes opciones o servicios que en ella existan como, por ejemplo, almacenar contenidos para la difusi\u00f3n de videos o sonido o compartir contenidos a trav\u00e9s de redes sociales.<\/p><p>\u00a0<\/p><p>Finalidad An\u00e1lisis:<\/p><p>Son aqu\u00e9llas que permiten el seguimiento y an\u00e1lisis del comportamiento de los usuarios de la p\u00e1gina web, para la elaboraci\u00f3n de perfiles de navegaci\u00f3n, con el fin de introducir mejoras en funci\u00f3n del an\u00e1lisis de los datos de uso que se haga sobre la web. Entre otros datos, un identificador de usuario por sesi\u00f3n y la fecha de primera conexi\u00f3n a la web y de la ocasi\u00f3n anterior en la que accedi\u00f3 a la web.\u00a0\u00a0\u00a0\u00a0\u00a0\u00a0\u00a0\u00a0\u00a0\u00a0\u00a0\u00a0\u00a0\u00a0\u00a0\u00a0\u00a0<\/p><p>\u00a0<\/p><p>Finalidad Personalizaci\u00f3n:<\/p><p>Entre otros datos, el idioma en el que se ha accedido a la web y cargado la aplicaci\u00f3n y, a la hora de reproducir un v\u00eddeo, la opci\u00f3n de volumen o la resoluci\u00f3n seleccionada por el usuario.<\/p><p>\u00a0<\/p><p>Permiten especificar o personalizar algunas caracter\u00edsticas de las opciones generales del usuario en la p\u00e1gina Web. En concreto el idioma preferido por el usuario, el tipo de navegador a trav\u00e9s del cual se accede o las opciones de volumen en los v\u00eddeos preferidas por el usuario.<\/p><p>\u00a0<\/p><p>Finalidad Publicidad:<\/p><p>Son aqu\u00e9llas que permiten la gesti\u00f3n de los espacios publicitarios incluidos en la p\u00e1gina web, aplicaci\u00f3n o plataforma desde la que presta el servicio solicitado en base a criterios como el contenido editado o la frecuencia en la que se muestran los anuncios. De esta manera, ayudan a mejorar y gestionar la exposici\u00f3n del usuario a anuncios publicitarios, evitando que aparezcan anuncios que el usuario ya ha visto.<\/p><p>\u00a0<\/p><p>Finalidad Publicidad Comportamental:<\/p><p>Son aqu\u00e9llas que permiten almacenar informaci\u00f3n del comportamiento de los usuarios obtenida a trav\u00e9s de la observaci\u00f3n continuada de sus h\u00e1bitos de navegaci\u00f3n, lo que permite desarrollar un perfil especifico del usuario. De esta manera, se utilizan para personalizar las campa\u00f1as publicitarias que se ajusten a las preferencias del usuario.<\/p><p>\u00a0<\/p><p>Redes sociales:<\/p><p>Cada red social utiliza sus propias\u00a0cookies\u00a0para que usted pueda pinchar en botones del tipo\u00a0Me gusta\u00a0o\u00a0Compartir.<\/p><p>\u00a0<\/p><p><strong>Autorizaci\u00f3n para el uso de cookies<\/strong><\/p><p>De conformidad con el aviso de cookies que aparece en el sitio web, el usuario o visitante de los mismos acepta que, al navegar por el mismo, consiente expresamente el uso de cookies seg\u00fan la descripci\u00f3n que se detalla a continuaci\u00f3n, excepto en la medida que haya modificado la configuraci\u00f3n de su navegador para rechazar la utilizaci\u00f3n de las mismas.<\/p><p>\u00a0<\/p><p><strong>Configuraci\u00f3n de las Cookies<\/strong><\/p><p>Los navegadores m\u00e1s populares tienen opciones de configuraci\u00f3n y funcionalidades de seguridad que te permiten evitar la instalaci\u00f3n de cookies y\/o de otros sistemas de recogida de datos de navegaci\u00f3n en tu dispositivo. Puedes configurar tu navegador para que rechace las cookies, pero esto (en funci\u00f3n de las finalidades de las cookies) podr\u00eda impedirte, total o parcialmente, el funcionamiento normal de la p\u00e1gina web o que impida el acceso a algunos servicios de la misma. Por ejemplo, podr\u00eda impedir realizar ciertas transacciones, usar determinadas funcionalidades o tener acceso a algunos contenidos de nuestras webs.<\/p><p>\u00a0<\/p><p>Para la configuraci\u00f3n de las Cookies dependiendo del navegador en el que te encuentres puedes acceder a:<\/p><ul><li>Internet Explorer: Eliminar y administrar cookies<\/li><li>Mozilla Firefox: Borrar Cookies; Impedir que los sitios web guarden sus preferencias o estados de sesi\u00f3n en Firefox<\/li><li>Google Chrome: C\u00f3mo administrar cookies y datos de sitios<\/li><\/ul><p>\u00a0<\/p><p>Del mismo modo, si no desea que el c\u00f3digo JavaScript de Google Analytics recopile los datos de su visita puede instalar el complemento de inhabilitaci\u00f3n para navegadores de Google Analytics: <a href=\"https:\/\/tools.google.com\/dlpage\/gaoptout.\">https:\/\/tools.google.com\/dlpage\/gaoptout.<\/a> El complemento no evita que la informaci\u00f3n se env\u00ede al sitio web o, por otras v\u00edas, a otros servicios de anal\u00edtica web.<\/p><p>\u00a0<\/p><p>Si utiliza cualquier otro navegador, o los enlaces proporcionados no contienen la informaci\u00f3n que desea, puede localizar c\u00f3mo gestionar las cookies que se instalan en su equipo accediendo al men\u00fa \u201cOpciones\u201d o \u201cConfiguraci\u00f3n\u201d \u2013o equivalente- del navegador, o bien consultando la secci\u00f3n de \u201cAyuda\u201d o \u201cSoporte\u201d del propio navegador.<\/p><p>\u00a0<\/p><p>Hay navegadores que permiten configurar reglas espec\u00edficas \u2013excepciones- para administrar las cookies por sitio web, de forma que pueden inhabilitarse las cookies de todos los sitios salvo de aquellos en los que se conf\u00ede.<\/p><p>\u00a0<\/p><p>En caso de bloquear o desactivar el uso de \u2018cookies\u2019 en su navegador es posible que algunos servicios o funcionalidades de la p\u00e1gina web no est\u00e9n disponibles.<\/p><p>\u00a0<\/p><p>Recuerde que debes configurar sus preferencias en todos los dispositivos que utilices para navegar por internet.<\/p><p>\u00a0<\/p><p>Puede revocar el uso de cookies en tu navegador a trav\u00e9s de las indicaciones anteriores o mediante la instalaci\u00f3n de un sistema de rechazo en tu navegador web.<\/p><p>\u00a0<\/p><p><strong>Actualizaciones y cambios en la Pol\u00edtica de Cookies<\/strong><\/p><p>FUNDACI\u00d3N ESCUELA TERESIANA, puede modificar esta Pol\u00edtica de Cookies en funci\u00f3n de nuevas exigencias legislativas, reglamentarias, o con la finalidad de adaptar dicha pol\u00edtica a las instrucciones dictadas por la Agencia Espa\u00f1ola de Protecci\u00f3n de Datos.<\/p><p>\u00a0<\/p><p>Cuando se produzcan cambios significativos en esta Pol\u00edtica de Cookies se te comunicar\u00e1 mediante un aviso informativo en la p\u00e1gina web.<\/p><p>\u00a0<\/p><p>Si desea m\u00e1s informaci\u00f3n sobre qu\u00e9 uso hacemos de las Cookies, puedes contactar a trav\u00e9s de la direcci\u00f3n: <span id=\"cloak7994d599b84fcf311d4c20af2b08c75c\"><a href=\"mailto:fundacion@escuelateresiana.com\">fundacion@escuelateresiana.com<\/a><\/span><\/p><h3>\u00a0<\/h3><p class=\"wp-block-heading\"><strong>CONSENTIMIENTO<\/strong><\/p><p>\u00a0<\/p><p>En FUNDACI\u00d3N ESCUELA TERESIANA, nunca guardamos los datos personales de nuestros usuarios, a excepci\u00f3n de la direcci\u00f3n IP de acuerdo a lo descrito anteriormente, salvo que quiera registrarse de forma voluntaria con el fin de contratar los servicios que ponemos a su disposici\u00f3n o de recibir informaci\u00f3n sobre contenidos de su inter\u00e9s.<\/p><p>\u00a0<\/p><p>Al navegar y continuar en nuestra web nos indica que est\u00e1 consintiendo el uso de las cookies antes enunciadas, y en las condiciones contenidas en la presente Pol\u00edtica de Cookies.<\/p><p>\u00a0<\/p><p>Si desea revocar el consentimiento prestado deber\u00e1 eliminar las cookies instaladas. Para evitar que se instalen en el futuro deber\u00e1 activar las opciones de Navegaci\u00f3n Privada o \u201cDo-Not-Track\u201d previstas en su navegador, es decir, bloquear o desactivar la instalaci\u00f3n de cookies.<\/p><p>\u00a0<\/p><p><strong>Notas adicionales<\/strong><\/p><p>Ni esta web ni sus representantes legales se hacen responsables ni del contenido ni de la veracidad de las pol\u00edticas de privacidad que puedan tener los terceros mencionados en esta pol\u00edtica de cookies.<\/p><p>\u00a0<\/p><p>Los navegadores web son las herramientas encargadas de almacenar las cookies y desde este lugar debe efectuar su derecho a eliminaci\u00f3n o desactivaci\u00f3n de las mismas. Ni esta web ni sus representantes legales pueden garantizar la correcta o incorrecta manipulaci\u00f3n de las cookies por parte de los mencionados navegadores.<\/p><p>\u00a0<\/p><p>En algunos casos es necesario instalar cookies para que el navegador no olvide su decisi\u00f3n de no aceptaci\u00f3n de las mismas.<\/p><p>\u00a0<\/p><p>En el caso de las cookies de Google Analytics, esta empresa almacena las cookies en servidores ubicados en Estados Unidos y se compromete a no compartirla con terceros, excepto en los casos en los que sea necesario para el funcionamiento del sistema o cuando la ley obligue a tal efecto. Seg\u00fan Google no guarda su direcci\u00f3n IP. Google Inc. es una compa\u00f1\u00eda adherida al Acuerdo de Puerto Seguro que garantiza que todos los datos transferidos ser\u00e1n tratados con un nivel de protecci\u00f3n acorde a la normativa europea.<\/p><p>\u00a0<\/p><p>Para cualquier duda o consulta acerca de esta pol\u00edtica de cookies no dude en comunicarse con nosotros a trav\u00e9s de la direcci\u00f3n: <span id=\"cloakf637118099e9058d343394b2d733028a\"><a href=\"mailto:fundacion@escuelateresiana.com\">fundacion@escuelateresiana.com<\/a><\/span><\/p><p>\u00a0<\/p><p>Pol\u00edtica actualizada a mayo de 2018<\/p>\t\t\t\t\t\t\t\t<\/div>\n\t\t\t\t<\/div>\n\t\t\t\t<\/div>\n\t\t\t\t\t<\/div>\n\t\t\t\t<\/div>\n\t\t\t\t<\/div>\n\t\t","protected":false},"excerpt":{"rendered":"<p>POL\u00cdTICA DE COOKIES Siguiendo las directrices de la Agencia Espa\u00f1ola de Protecci\u00f3n de Datos procedemos a detallar el uso de\u00a0cookies que hace esta web con el fin de informarle con la m\u00e1xima exactitud posible. El sitio web de FUNDACI\u00d3N ESCUELA TERESIANA, utiliza cookies y\/u otros&#8230;<\/p>\n","protected":false},"author":1,"featured_media":0,"parent":0,"menu_order":0,"comment_status":"closed","ping_status":"closed","template":"full_width.php","meta":{"_eb_attr":"","footnotes":""},"class_list":["post-11146","page","type-page","status-publish","hentry"],"_links":{"self":[{"href":"https:\/\/elaienea.eus\/es\/wp-json\/wp\/v2\/pages\/11146","targetHints":{"allow":["GET"]}}],"collection":[{"href":"https:\/\/elaienea.eus\/es\/wp-json\/wp\/v2\/pages"}],"about":[{"href":"https:\/\/elaienea.eus\/es\/wp-json\/wp\/v2\/types\/page"}],"author":[{"embeddable":true,"href":"https:\/\/elaienea.eus\/es\/wp-json\/wp\/v2\/users\/1"}],"replies":[{"embeddable":true,"href":"https:\/\/elaienea.eus\/es\/wp-json\/wp\/v2\/comments?post=11146"}],"version-history":[{"count":10,"href":"https:\/\/elaienea.eus\/es\/wp-json\/wp\/v2\/pages\/11146\/revisions"}],"predecessor-version":[{"id":11156,"href":"https:\/\/elaienea.eus\/es\/wp-json\/wp\/v2\/pages\/11146\/revisions\/11156"}],"wp:attachment":[{"href":"https:\/\/elaienea.eus\/es\/wp-json\/wp\/v2\/media?parent=11146"}],"curies":[{"name":"wp","href":"https:\/\/api.w.org\/{rel}","templated":true}]}}