{"id":11080,"date":"2024-09-16T13:18:23","date_gmt":"2024-09-16T13:18:23","guid":{"rendered":"https:\/\/escuelateresiana.com\/colegios\/elaienea\/?page_id=11080"},"modified":"2024-10-28T11:17:41","modified_gmt":"2024-10-28T11:17:41","slug":"infantil-0-2","status":"publish","type":"page","link":"https:\/\/elaienea.eus\/es\/infantil-0-2\/","title":{"rendered":"Infantil: 0-2"},"content":{"rendered":"\t\t<div data-elementor-type=\"wp-page\" data-elementor-id=\"11080\" class=\"elementor elementor-11080\">\n\t\t\t\t<div class=\"elementor-element elementor-element-5c507d5 e-flex e-con-boxed parallax_section_no qode_elementor_container_no e-con e-parent\" data-id=\"5c507d5\" data-element_type=\"container\" data-e-type=\"container\">\n\t\t\t\t\t<div class=\"e-con-inner\">\n\t\t\t\t\t<\/div>\n\t\t\t\t<\/div>\n\t\t<div class=\"elementor-element elementor-element-1e9686e e-flex e-con-boxed parallax_section_no qode_elementor_container_no elementor-invisible e-con e-parent\" data-id=\"1e9686e\" data-element_type=\"container\" data-e-type=\"container\" data-settings=\"{&quot;animation&quot;:&quot;fadeInLeft&quot;}\">\n\t\t\t\t\t<div class=\"e-con-inner\">\n\t\t<div class=\"elementor-element elementor-element-1230574 e-con-full e-flex parallax_section_no qode_elementor_container_no e-con e-child\" data-id=\"1230574\" data-element_type=\"container\" data-e-type=\"container\">\n\t\t\t\t<div class=\"elementor-element elementor-element-65401a8 elementor-widget elementor-widget-image\" data-id=\"65401a8\" data-element_type=\"widget\" data-e-type=\"widget\" data-widget_type=\"image.default\">\n\t\t\t\t<div class=\"elementor-widget-container\">\n\t\t\t\t\t\t\t\t\t\t\t\t\t\t\t<img fetchpriority=\"high\" decoding=\"async\" width=\"845\" height=\"524\" src=\"https:\/\/elaienea.eus\/wp-content\/uploads\/2024\/10\/ternura.png\" class=\"attachment-large size-large wp-image-11516\" alt=\"\" srcset=\"https:\/\/elaienea.eus\/wp-content\/uploads\/2024\/10\/ternura.png 845w, https:\/\/elaienea.eus\/wp-content\/uploads\/2024\/10\/ternura-300x186.png 300w, https:\/\/elaienea.eus\/wp-content\/uploads\/2024\/10\/ternura-768x476.png 768w, https:\/\/elaienea.eus\/wp-content\/uploads\/2024\/10\/ternura-700x434.png 700w\" sizes=\"(max-width: 845px) 100vw, 845px\" \/>\t\t\t\t\t\t\t\t\t\t\t\t\t\t\t<\/div>\n\t\t\t\t<\/div>\n\t\t\t\t<\/div>\n\t\t<div class=\"elementor-element elementor-element-c1694d9 e-con-full e-flex parallax_section_no qode_elementor_container_no e-con e-child\" data-id=\"c1694d9\" data-element_type=\"container\" data-e-type=\"container\">\n\t\t\t\t<div class=\"elementor-element elementor-element-c38fc7e elementor-widget elementor-widget-text-editor\" data-id=\"c38fc7e\" data-element_type=\"widget\" data-e-type=\"widget\" data-widget_type=\"text-editor.default\">\n\t\t\t\t<div class=\"elementor-widget-container\">\n\t\t\t\t\t\t\t\t\t<h3 class=\"p1\"><span style=\"color: #609ce3;\"> La ternura es nuestra mayor estrategia<\/span><\/h3>\t\t\t\t\t\t\t\t<\/div>\n\t\t\t\t<\/div>\n\t\t\t\t<\/div>\n\t\t\t\t\t<\/div>\n\t\t\t\t<\/div>\n\t\t<div class=\"elementor-element elementor-element-caf00dd e-flex e-con-boxed parallax_section_no qode_elementor_container_no e-con e-parent\" data-id=\"caf00dd\" data-element_type=\"container\" data-e-type=\"container\">\n\t\t\t\t\t<div class=\"e-con-inner\">\n\t\t\t\t<div class=\"elementor-element elementor-element-14e444c elementor-widget elementor-widget-spacer\" data-id=\"14e444c\" data-element_type=\"widget\" data-e-type=\"widget\" data-widget_type=\"spacer.default\">\n\t\t\t\t<div class=\"elementor-widget-container\">\n\t\t\t\t\t\t\t<div class=\"elementor-spacer\">\n\t\t\t<div class=\"elementor-spacer-inner\"><\/div>\n\t\t<\/div>\n\t\t\t\t\t\t<\/div>\n\t\t\t\t<\/div>\n\t\t\t\t\t<\/div>\n\t\t\t\t<\/div>\n\t\t<div class=\"elementor-element elementor-element-18caa74 e-flex e-con-boxed parallax_section_no qode_elementor_container_no elementor-invisible e-con e-parent\" data-id=\"18caa74\" data-element_type=\"container\" data-e-type=\"container\" data-settings=\"{&quot;animation&quot;:&quot;fadeInRight&quot;}\">\n\t\t\t\t\t<div class=\"e-con-inner\">\n\t\t<div class=\"elementor-element elementor-element-5ea668c e-con-full e-flex parallax_section_no qode_elementor_container_no e-con e-child\" data-id=\"5ea668c\" data-element_type=\"container\" data-e-type=\"container\">\n\t\t\t\t<div class=\"elementor-element elementor-element-1cb3097 elementor-widget elementor-widget-text-editor\" data-id=\"1cb3097\" data-element_type=\"widget\" data-e-type=\"widget\" data-widget_type=\"text-editor.default\">\n\t\t\t\t<div class=\"elementor-widget-container\">\n\t\t\t\t\t\t\t\t\t<h3 class=\"p1\"><span style=\"color: #609ce3;\"> Desde el cari\u00f1o y la cercan\u00eda, contamos con un ambiente c\u00e1lido y familiar. Nuestros ni\u00f1os y ni\u00f1as se sienten como en casa: seguros y protegidos.  <\/span><\/h3>\t\t\t\t\t\t\t\t<\/div>\n\t\t\t\t<\/div>\n\t\t\t\t<\/div>\n\t\t<div class=\"elementor-element elementor-element-42e9a9f e-con-full e-flex parallax_section_no qode_elementor_container_no e-con e-child\" data-id=\"42e9a9f\" data-element_type=\"container\" data-e-type=\"container\">\n\t\t\t\t<div class=\"elementor-element elementor-element-e1cb7b4 elementor-widget elementor-widget-image\" data-id=\"e1cb7b4\" data-element_type=\"widget\" data-e-type=\"widget\" data-widget_type=\"image.default\">\n\t\t\t\t<div class=\"elementor-widget-container\">\n\t\t\t\t\t\t\t\t\t\t\t\t\t\t\t<img decoding=\"async\" width=\"845\" height=\"524\" src=\"https:\/\/elaienea.eus\/wp-content\/uploads\/2024\/10\/casa.png\" class=\"attachment-large size-large wp-image-11519\" alt=\"\" srcset=\"https:\/\/elaienea.eus\/wp-content\/uploads\/2024\/10\/casa.png 845w, https:\/\/elaienea.eus\/wp-content\/uploads\/2024\/10\/casa-300x186.png 300w, https:\/\/elaienea.eus\/wp-content\/uploads\/2024\/10\/casa-768x476.png 768w, https:\/\/elaienea.eus\/wp-content\/uploads\/2024\/10\/casa-700x434.png 700w\" sizes=\"(max-width: 845px) 100vw, 845px\" \/>\t\t\t\t\t\t\t\t\t\t\t\t\t\t\t<\/div>\n\t\t\t\t<\/div>\n\t\t\t\t<\/div>\n\t\t\t\t\t<\/div>\n\t\t\t\t<\/div>\n\t\t<div class=\"elementor-element elementor-element-7453ff0 e-flex e-con-boxed parallax_section_no qode_elementor_container_no e-con e-parent\" data-id=\"7453ff0\" data-element_type=\"container\" data-e-type=\"container\">\n\t\t\t\t\t<div class=\"e-con-inner\">\n\t\t\t\t<div class=\"elementor-element elementor-element-63bc791 elementor-widget elementor-widget-spacer\" data-id=\"63bc791\" data-element_type=\"widget\" data-e-type=\"widget\" data-widget_type=\"spacer.default\">\n\t\t\t\t<div class=\"elementor-widget-container\">\n\t\t\t\t\t\t\t<div class=\"elementor-spacer\">\n\t\t\t<div class=\"elementor-spacer-inner\"><\/div>\n\t\t<\/div>\n\t\t\t\t\t\t<\/div>\n\t\t\t\t<\/div>\n\t\t\t\t\t<\/div>\n\t\t\t\t<\/div>\n\t\t<div class=\"elementor-element elementor-element-7d4f416 e-flex e-con-boxed parallax_section_no qode_elementor_container_no elementor-invisible e-con e-parent\" data-id=\"7d4f416\" data-element_type=\"container\" data-e-type=\"container\" data-settings=\"{&quot;animation&quot;:&quot;fadeInLeft&quot;}\">\n\t\t\t\t\t<div class=\"e-con-inner\">\n\t\t<div class=\"elementor-element elementor-element-482da0d e-con-full e-flex parallax_section_no qode_elementor_container_no e-con e-child\" data-id=\"482da0d\" data-element_type=\"container\" data-e-type=\"container\">\n\t\t\t\t<div class=\"elementor-element elementor-element-b519570 elementor-widget elementor-widget-image\" data-id=\"b519570\" data-element_type=\"widget\" data-e-type=\"widget\" data-widget_type=\"image.default\">\n\t\t\t\t<div class=\"elementor-widget-container\">\n\t\t\t\t\t\t\t\t\t\t\t\t\t\t\t<img decoding=\"async\" width=\"845\" height=\"524\" src=\"https:\/\/elaienea.eus\/wp-content\/uploads\/2024\/10\/neuronal.png\" class=\"attachment-large size-large wp-image-11521\" alt=\"\" srcset=\"https:\/\/elaienea.eus\/wp-content\/uploads\/2024\/10\/neuronal.png 845w, https:\/\/elaienea.eus\/wp-content\/uploads\/2024\/10\/neuronal-300x186.png 300w, https:\/\/elaienea.eus\/wp-content\/uploads\/2024\/10\/neuronal-768x476.png 768w, https:\/\/elaienea.eus\/wp-content\/uploads\/2024\/10\/neuronal-700x434.png 700w\" sizes=\"(max-width: 845px) 100vw, 845px\" \/>\t\t\t\t\t\t\t\t\t\t\t\t\t\t\t<\/div>\n\t\t\t\t<\/div>\n\t\t\t\t<\/div>\n\t\t<div class=\"elementor-element elementor-element-51c4375 e-con-full e-flex parallax_section_no qode_elementor_container_no e-con e-child\" data-id=\"51c4375\" data-element_type=\"container\" data-e-type=\"container\">\n\t\t\t\t<div class=\"elementor-element elementor-element-eb7a0e1 elementor-widget elementor-widget-text-editor\" data-id=\"eb7a0e1\" data-element_type=\"widget\" data-e-type=\"widget\" data-widget_type=\"text-editor.default\">\n\t\t\t\t<div class=\"elementor-widget-container\">\n\t\t\t\t\t\t\t\t\t<h3 class=\"p1\"><span style=\"color: #609ce3;\"> \nEn esta etapa tan especial de sus vidas trabajamos la estimulaci\u00f3n neuronal y su desarrollo motor.  <\/span><\/h3>\t\t\t\t\t\t\t\t<\/div>\n\t\t\t\t<\/div>\n\t\t\t\t<\/div>\n\t\t\t\t\t<\/div>\n\t\t\t\t<\/div>\n\t\t<div class=\"elementor-element elementor-element-a8351e6 e-flex e-con-boxed parallax_section_no qode_elementor_container_no e-con e-parent\" data-id=\"a8351e6\" data-element_type=\"container\" data-e-type=\"container\">\n\t\t\t\t\t<div class=\"e-con-inner\">\n\t\t\t\t<div class=\"elementor-element elementor-element-b1fc001 elementor-widget elementor-widget-spacer\" data-id=\"b1fc001\" data-element_type=\"widget\" data-e-type=\"widget\" data-widget_type=\"spacer.default\">\n\t\t\t\t<div class=\"elementor-widget-container\">\n\t\t\t\t\t\t\t<div class=\"elementor-spacer\">\n\t\t\t<div class=\"elementor-spacer-inner\"><\/div>\n\t\t<\/div>\n\t\t\t\t\t\t<\/div>\n\t\t\t\t<\/div>\n\t\t\t\t\t<\/div>\n\t\t\t\t<\/div>\n\t\t<div class=\"elementor-element elementor-element-430724a e-flex e-con-boxed parallax_section_no qode_elementor_container_no elementor-invisible e-con e-parent\" data-id=\"430724a\" data-element_type=\"container\" data-e-type=\"container\" data-settings=\"{&quot;animation&quot;:&quot;fadeInRight&quot;}\">\n\t\t\t\t\t<div class=\"e-con-inner\">\n\t\t<div class=\"elementor-element elementor-element-6984b79 e-con-full e-flex parallax_section_no qode_elementor_container_no e-con e-child\" data-id=\"6984b79\" data-element_type=\"container\" data-e-type=\"container\">\n\t\t\t\t<div class=\"elementor-element elementor-element-405e4ad elementor-widget elementor-widget-text-editor\" data-id=\"405e4ad\" data-element_type=\"widget\" data-e-type=\"widget\" data-widget_type=\"text-editor.default\">\n\t\t\t\t<div class=\"elementor-widget-container\">\n\t\t\t\t\t\t\t\t\t<h3 class=\"p1\"><span style=\"color: #609ce3;\"> Favorecemos su desarrollo cognitivo y la excelencia f\u00edsica mediante diferentes programas de estimulaci\u00f3n temprana.  <\/span><\/h3>\t\t\t\t\t\t\t\t<\/div>\n\t\t\t\t<\/div>\n\t\t\t\t<\/div>\n\t\t<div class=\"elementor-element elementor-element-ee13038 e-con-full e-flex parallax_section_no qode_elementor_container_no e-con e-child\" data-id=\"ee13038\" data-element_type=\"container\" data-e-type=\"container\">\n\t\t\t\t<div class=\"elementor-element elementor-element-10b4897 elementor-widget elementor-widget-image\" data-id=\"10b4897\" data-element_type=\"widget\" data-e-type=\"widget\" data-widget_type=\"image.default\">\n\t\t\t\t<div class=\"elementor-widget-container\">\n\t\t\t\t\t\t\t\t\t\t\t\t\t\t\t<img loading=\"lazy\" decoding=\"async\" width=\"845\" height=\"524\" src=\"https:\/\/elaienea.eus\/wp-content\/uploads\/2024\/10\/temprana.png\" class=\"attachment-large size-large wp-image-11523\" alt=\"\" srcset=\"https:\/\/elaienea.eus\/wp-content\/uploads\/2024\/10\/temprana.png 845w, https:\/\/elaienea.eus\/wp-content\/uploads\/2024\/10\/temprana-300x186.png 300w, https:\/\/elaienea.eus\/wp-content\/uploads\/2024\/10\/temprana-768x476.png 768w, https:\/\/elaienea.eus\/wp-content\/uploads\/2024\/10\/temprana-700x434.png 700w\" sizes=\"(max-width: 845px) 100vw, 845px\" \/>\t\t\t\t\t\t\t\t\t\t\t\t\t\t\t<\/div>\n\t\t\t\t<\/div>\n\t\t\t\t<\/div>\n\t\t\t\t\t<\/div>\n\t\t\t\t<\/div>\n\t\t<div class=\"elementor-element elementor-element-97d88e0 e-flex e-con-boxed parallax_section_no qode_elementor_container_no e-con e-parent\" data-id=\"97d88e0\" data-element_type=\"container\" data-e-type=\"container\">\n\t\t\t\t\t<div class=\"e-con-inner\">\n\t\t\t\t<div class=\"elementor-element elementor-element-251714f elementor-widget elementor-widget-spacer\" data-id=\"251714f\" data-element_type=\"widget\" data-e-type=\"widget\" data-widget_type=\"spacer.default\">\n\t\t\t\t<div class=\"elementor-widget-container\">\n\t\t\t\t\t\t\t<div class=\"elementor-spacer\">\n\t\t\t<div class=\"elementor-spacer-inner\"><\/div>\n\t\t<\/div>\n\t\t\t\t\t\t<\/div>\n\t\t\t\t<\/div>\n\t\t\t\t\t<\/div>\n\t\t\t\t<\/div>\n\t\t<div class=\"elementor-element elementor-element-6b20bb8 e-flex e-con-boxed parallax_section_no qode_elementor_container_no elementor-invisible e-con e-parent\" data-id=\"6b20bb8\" data-element_type=\"container\" data-e-type=\"container\" data-settings=\"{&quot;animation&quot;:&quot;fadeInLeft&quot;}\">\n\t\t\t\t\t<div class=\"e-con-inner\">\n\t\t<div class=\"elementor-element elementor-element-2a49012 e-con-full e-flex parallax_section_no qode_elementor_container_no e-con e-child\" data-id=\"2a49012\" data-element_type=\"container\" data-e-type=\"container\">\n\t\t\t\t<div class=\"elementor-element elementor-element-b114a1e elementor-widget elementor-widget-image\" data-id=\"b114a1e\" data-element_type=\"widget\" data-e-type=\"widget\" data-widget_type=\"image.default\">\n\t\t\t\t<div class=\"elementor-widget-container\">\n\t\t\t\t\t\t\t\t\t\t\t\t\t\t\t<img loading=\"lazy\" decoding=\"async\" width=\"845\" height=\"524\" src=\"https:\/\/elaienea.eus\/wp-content\/uploads\/2024\/10\/02.png\" class=\"attachment-large size-large wp-image-11634\" alt=\"\" srcset=\"https:\/\/elaienea.eus\/wp-content\/uploads\/2024\/10\/02.png 845w, https:\/\/elaienea.eus\/wp-content\/uploads\/2024\/10\/02-300x186.png 300w, https:\/\/elaienea.eus\/wp-content\/uploads\/2024\/10\/02-768x476.png 768w, https:\/\/elaienea.eus\/wp-content\/uploads\/2024\/10\/02-700x434.png 700w\" sizes=\"(max-width: 845px) 100vw, 845px\" \/>\t\t\t\t\t\t\t\t\t\t\t\t\t\t\t<\/div>\n\t\t\t\t<\/div>\n\t\t\t\t<\/div>\n\t\t<div class=\"elementor-element elementor-element-8136663 e-con-full e-flex parallax_section_no qode_elementor_container_no e-con e-child\" data-id=\"8136663\" data-element_type=\"container\" data-e-type=\"container\">\n\t\t\t\t<div class=\"elementor-element elementor-element-43ac9ae elementor-widget elementor-widget-text-editor\" data-id=\"43ac9ae\" data-element_type=\"widget\" data-e-type=\"widget\" data-widget_type=\"text-editor.default\">\n\t\t\t\t<div class=\"elementor-widget-container\">\n\t\t\t\t\t\t\t\t\t<h3 class=\"p1\"><span style=\"color: #609ce3;\">\nNuestros espacios est\u00e1n acondicionados para su seguridad y bienestar. <\/span><\/h3>\t\t\t\t\t\t\t\t<\/div>\n\t\t\t\t<\/div>\n\t\t\t\t<\/div>\n\t\t\t\t\t<\/div>\n\t\t\t\t<\/div>\n\t\t<div class=\"elementor-element elementor-element-e576fa8 e-flex e-con-boxed parallax_section_no qode_elementor_container_no e-con e-parent\" data-id=\"e576fa8\" data-element_type=\"container\" data-e-type=\"container\">\n\t\t\t\t\t<div class=\"e-con-inner\">\n\t\t\t\t<div class=\"elementor-element elementor-element-415403d elementor-widget elementor-widget-spacer\" data-id=\"415403d\" data-element_type=\"widget\" data-e-type=\"widget\" data-widget_type=\"spacer.default\">\n\t\t\t\t<div class=\"elementor-widget-container\">\n\t\t\t\t\t\t\t<div class=\"elementor-spacer\">\n\t\t\t<div class=\"elementor-spacer-inner\"><\/div>\n\t\t<\/div>\n\t\t\t\t\t\t<\/div>\n\t\t\t\t<\/div>\n\t\t\t\t\t<\/div>\n\t\t\t\t<\/div>\n\t\t<div class=\"elementor-element elementor-element-29ab819d e-con-full e-flex parallax_section_no qode_elementor_container_no e-con e-parent\" data-id=\"29ab819d\" data-element_type=\"container\" data-e-type=\"container\" data-settings=\"{&quot;background_background&quot;:&quot;slideshow&quot;,&quot;background_slideshow_gallery&quot;:[{&quot;id&quot;:10316,&quot;url&quot;:&quot;https:\\\/\\\/elaienea.eus\\\/wp-content\\\/uploads\\\/2024\\\/07\\\/Captura-de-pantalla-2024-07-11-a-las-11.32.27.png&quot;}],&quot;background_slideshow_loop&quot;:&quot;yes&quot;,&quot;background_slideshow_slide_duration&quot;:5000,&quot;background_slideshow_slide_transition&quot;:&quot;fade&quot;,&quot;background_slideshow_transition_duration&quot;:500}\">\n\t\t\t\t<\/div>\n\t\t\t\t<\/div>\n\t\t","protected":false},"excerpt":{"rendered":"<p>La ternura es nuestra mayor estrategia Desde el cari\u00f1o y la cercan\u00eda, contamos con un ambiente c\u00e1lido y familiar. Nuestros ni\u00f1os y ni\u00f1as se sienten como en casa: seguros y protegidos. En esta etapa tan especial de sus vidas trabajamos la estimulaci\u00f3n neuronal y su&#8230;<\/p>\n","protected":false},"author":1,"featured_media":0,"parent":0,"menu_order":0,"comment_status":"closed","ping_status":"closed","template":"full_width.php","meta":{"_eb_attr":"","footnotes":""},"class_list":["post-11080","page","type-page","status-publish","hentry"],"_links":{"self":[{"href":"https:\/\/elaienea.eus\/es\/wp-json\/wp\/v2\/pages\/11080","targetHints":{"allow":["GET"]}}],"collection":[{"href":"https:\/\/elaienea.eus\/es\/wp-json\/wp\/v2\/pages"}],"about":[{"href":"https:\/\/elaienea.eus\/es\/wp-json\/wp\/v2\/types\/page"}],"author":[{"embeddable":true,"href":"https:\/\/elaienea.eus\/es\/wp-json\/wp\/v2\/users\/1"}],"replies":[{"embeddable":true,"href":"https:\/\/elaienea.eus\/es\/wp-json\/wp\/v2\/comments?post=11080"}],"version-history":[{"count":28,"href":"https:\/\/elaienea.eus\/es\/wp-json\/wp\/v2\/pages\/11080\/revisions"}],"predecessor-version":[{"id":11638,"href":"https:\/\/elaienea.eus\/es\/wp-json\/wp\/v2\/pages\/11080\/revisions\/11638"}],"wp:attachment":[{"href":"https:\/\/elaienea.eus\/es\/wp-json\/wp\/v2\/media?parent=11080"}],"curies":[{"name":"wp","href":"https:\/\/api.w.org\/{rel}","templated":true}]}}