{"id":10508,"date":"2024-08-14T08:09:35","date_gmt":"2024-08-14T08:09:35","guid":{"rendered":"https:\/\/escuelateresiana.com\/colegios\/elaienea\/?page_id=10508"},"modified":"2024-10-14T07:35:19","modified_gmt":"2024-10-14T07:35:19","slug":"el-colegio","status":"publish","type":"page","link":"https:\/\/elaienea.eus\/es\/el-colegio\/","title":{"rendered":"El colegio"},"content":{"rendered":"\t\t<div data-elementor-type=\"wp-page\" data-elementor-id=\"10508\" class=\"elementor elementor-10508\">\n\t\t\t\t<div class=\"elementor-element elementor-element-6dd570d e-con-full qode_elementor_container_inner e-flex parallax_section_no e-con e-parent\" data-id=\"6dd570d\" data-element_type=\"container\" data-e-type=\"container\">\n\t\t<div class=\"elementor-element elementor-element-ce243ee e-con-full e-flex parallax_section_no qode_elementor_container_no e-con e-child\" data-id=\"ce243ee\" data-element_type=\"container\" data-e-type=\"container\">\n\t\t<div class=\"elementor-element elementor-element-7be6372 e-flex e-con-boxed parallax_section_no qode_elementor_container_no e-con e-child\" data-id=\"7be6372\" data-element_type=\"container\" data-e-type=\"container\">\n\t\t\t\t\t<div class=\"e-con-inner\">\n\t\t\t\t<div class=\"elementor-element elementor-element-4a73978 elementor-widget elementor-widget-bridge_icon\" data-id=\"4a73978\" data-element_type=\"widget\" data-e-type=\"widget\" data-widget_type=\"bridge_icon.default\">\n\t\t\t\t<div class=\"elementor-widget-container\">\n\t\t\t\t\t<span data-type=\"normal\"  class=\"qode_icon_shortcode  q_font_awsome_icon fa-lg pull-left \" style=\" \"><span aria-hidden=\"true\" class=\"qode_icon_font_elegant icon_circle-empty qode_icon_element\" style=\"font-size: 12px;color: #1B3942;\" ><\/span><\/span>\t\t\t\t<\/div>\n\t\t\t\t<\/div>\n\t\t\t\t<div class=\"elementor-element elementor-element-59d29be elementor-widget elementor-widget-bridge_custom_font\" data-id=\"59d29be\" data-element_type=\"widget\" data-e-type=\"widget\" data-widget_type=\"bridge_custom_font.default\">\n\t\t\t\t<div class=\"elementor-widget-container\">\n\t\t\t\t\t<div class=\"custom_font_holder \" style=\"font-family: montserrat; font-style: normal; font-weight: 600; color: #1B3942; text-decoration: none; letter-spacing: 1.728px; padding: 0; margin: 0; text-align: left; --qode-cf-font-size: 15px; --qode-cf-line-height: 22px; --qode-cf-font-size-1440: 15px; --qode-cf-line-height-1440: 22px; --qode-cf-font-size-1366: 15px; --qode-cf-line-height-1366: 22px; --qode-cf-font-size-1280: 15px; --qode-cf-line-height-1280: 22px; --qode-cf-font-size-1024: 15px; --qode-cf-line-height-1024: 22px; --qode-cf-font-size-768: 15px; --qode-cf-line-height-768: 22px; --qode-cf-font-size-680: 15px; --qode-cf-line-height-680: 22px; --qode-cf-font-size-480: 15px; --qode-cf-line-height-480: 22px;\">EL COLEGIO<\/div>\t\t\t\t<\/div>\n\t\t\t\t<\/div>\n\t\t\t\t\t<\/div>\n\t\t\t\t<\/div>\n\t\t<div class=\"elementor-element elementor-element-273f167 e-flex e-con-boxed parallax_section_no qode_elementor_container_no e-con e-child\" data-id=\"273f167\" data-element_type=\"container\" data-e-type=\"container\">\n\t\t\t\t\t<div class=\"e-con-inner\">\n\t\t\t\t<div class=\"elementor-element elementor-element-a3bdcd5 elementor-widget elementor-widget-heading\" data-id=\"a3bdcd5\" data-element_type=\"widget\" data-e-type=\"widget\" data-widget_type=\"heading.default\">\n\t\t\t\t<div class=\"elementor-widget-container\">\n\t\t\t\t\t<h2 class=\"elementor-heading-title elementor-size-default\">Con los pies en las ra\u00edces\u2026 <\/h2>\t\t\t\t<\/div>\n\t\t\t\t<\/div>\n\t\t\t\t\t<\/div>\n\t\t\t\t<\/div>\n\t\t\t\t<\/div>\n\t\t<div class=\"elementor-element elementor-element-d8a7b2f e-con-full e-flex parallax_section_no qode_elementor_container_no e-con e-child\" data-id=\"d8a7b2f\" data-element_type=\"container\" data-e-type=\"container\">\n\t\t\t\t<div class=\"elementor-element elementor-element-d04ac90 elementor-widget elementor-widget-bridge_custom_font\" data-id=\"d04ac90\" data-element_type=\"widget\" data-e-type=\"widget\" data-widget_type=\"bridge_custom_font.default\">\n\t\t\t\t<div class=\"elementor-widget-container\">\n\t\t\t\t\t<div class=\"custom_font_holder \" style=\"font-family: montserrat; font-style: normal; font-weight: 400; color: #1B3942; text-decoration: none; padding: 0; margin: 0; text-align: left; --qode-cf-font-size: 18px; --qode-cf-line-height: 30px; --qode-cf-font-size-1440: 18px; --qode-cf-line-height-1440: 30px; --qode-cf-font-size-1366: 18px; --qode-cf-line-height-1366: 30px; --qode-cf-font-size-1280: 18px; --qode-cf-line-height-1280: 30px; --qode-cf-font-size-1024: 18px; --qode-cf-line-height-1024: 30px; --qode-cf-font-size-768: 18px; --qode-cf-line-height-768: 30px; --qode-cf-font-size-680: 18px; --qode-cf-line-height-680: 30px; --qode-cf-font-size-480: 18px; --qode-cf-line-height-480: 30px;\">Tres colegios, pr\u00f3ximos geogr\u00e1ficamente, con historia y reconocido prestigio en Donostialdea, unen sus fuerzas para desarrollar un proyecto integrador y s\u00f3lido en la ciudad que d\u00e9 respuesta a los retos educativos de la sociedad del siglo XXI.\u00a0<\/div>\t\t\t\t<\/div>\n\t\t\t\t<\/div>\n\t\t\t\t<\/div>\n\t\t\t\t<\/div>\n\t\t<div class=\"elementor-element elementor-element-ce6b90a qode_elementor_container_inner e-flex e-con-boxed parallax_section_no e-con e-parent\" data-id=\"ce6b90a\" data-element_type=\"container\" data-e-type=\"container\">\n\t\t\t\t\t<div class=\"e-con-inner\">\n\t\t<div class=\"elementor-element elementor-element-fa0275d e-flex e-con-boxed parallax_section_no qode_elementor_container_no e-con e-child\" data-id=\"fa0275d\" data-element_type=\"container\" data-e-type=\"container\">\n\t\t\t\t\t<div class=\"e-con-inner\">\n\t\t\t\t<div class=\"elementor-element elementor-element-ddecf59 elementor-widget elementor-widget-bridge_image_hover\" data-id=\"ddecf59\" data-element_type=\"widget\" data-e-type=\"widget\" data-widget_type=\"bridge_image_hover.default\">\n\t\t\t\t<div class=\"elementor-widget-container\">\n\t\t\t\t\t<div class='image_hover ' style='' data-transition-delay=''><div class='images_holder'><img itemprop='image' class='' src='https:\/\/elaienea.eus\/wp-content\/uploads\/2024\/07\/1.jpg' alt='Main Image' style='' \/><img itemprop='image' class='hover_image' src='' alt='Hover Image' style='' \/><\/div><\/div>\t\t\t\t<\/div>\n\t\t\t\t<\/div>\n\t\t\t\t\t<\/div>\n\t\t\t\t<\/div>\n\t\t<div class=\"elementor-element elementor-element-89a7440 e-flex e-con-boxed parallax_section_no qode_elementor_container_no e-con e-child\" data-id=\"89a7440\" data-element_type=\"container\" data-e-type=\"container\">\n\t\t\t\t\t<div class=\"e-con-inner\">\n\t\t\t\t<div class=\"elementor-element elementor-element-1e38e1d elementor-widget elementor-widget-heading\" data-id=\"1e38e1d\" data-element_type=\"widget\" data-e-type=\"widget\" data-widget_type=\"heading.default\">\n\t\t\t\t<div class=\"elementor-widget-container\">\n\t\t\t\t\t<h4 class=\"elementor-heading-title elementor-size-default\">Manuel de Larramendi Ikastetxea:<\/h4>\t\t\t\t<\/div>\n\t\t\t\t<\/div>\n\t\t\t\t<div class=\"elementor-element elementor-element-f198260 elementor-widget elementor-widget-text-editor\" data-id=\"f198260\" data-element_type=\"widget\" data-e-type=\"widget\" data-widget_type=\"text-editor.default\">\n\t\t\t\t<div class=\"elementor-widget-container\">\n\t\t\t\t\t\t\t\t\t<p><span style=\"font-weight: 400;\">El Seminario Menor, ubicado en Saturarran hasta 1968, se traslada a Donostia se convierte, bajo el nombre de <\/span><i><span style=\"font-weight: 400;\">Manuel de Larramendi<\/span><\/i><span style=\"font-weight: 400;\"> en colegio de Educaci\u00f3n General B\u00e1sica. En 1982 se fusiona con el centro San Sebasti\u00e1n M\u00e1rtir, pasando a ser colegio mixto. A\u00f1os m\u00e1s tarde se integra en la red de colegios concertados y poco a poco se va ampliando la oferta educativa hasta abrir el aula de 0 a\u00f1os en 2016.\u00a0<\/span><\/p><p>\u00a0<\/p><p><span style=\"font-weight: 400;\">En los \u00faltimos cursos, tras mucho estudio y en colaboraci\u00f3n con distintos entes educativos, ha realizado un cambio pedag\u00f3gico poniendo en marcha el modelo<\/span><i><span style=\"font-weight: 400;\"> \u201cLarramendi Bidea\u201d.<\/span><\/i><\/p><p>\u00a0<\/p><p><span style=\"font-weight: 400;\">El centro pertenece a la Fundaci\u00f3n Elikel (Di\u00f3cesis de San Sebasti\u00e1n) desde el a\u00f1o 2016.<\/span><\/p>\t\t\t\t\t\t\t\t<\/div>\n\t\t\t\t<\/div>\n\t\t\t\t\t<\/div>\n\t\t\t\t<\/div>\n\t\t\t\t\t<\/div>\n\t\t\t\t<\/div>\n\t\t<div class=\"elementor-element elementor-element-570f554 qode_elementor_container_inner e-flex e-con-boxed parallax_section_no e-con e-parent\" data-id=\"570f554\" data-element_type=\"container\" data-e-type=\"container\">\n\t\t\t\t\t<div class=\"e-con-inner\">\n\t\t<div class=\"elementor-element elementor-element-64f70f6 e-flex e-con-boxed parallax_section_no qode_elementor_container_no e-con e-child\" data-id=\"64f70f6\" data-element_type=\"container\" data-e-type=\"container\">\n\t\t\t\t\t<div class=\"e-con-inner\">\n\t\t\t\t<div class=\"elementor-element elementor-element-f31bd7f elementor-widget elementor-widget-heading\" data-id=\"f31bd7f\" data-element_type=\"widget\" data-e-type=\"widget\" data-widget_type=\"heading.default\">\n\t\t\t\t<div class=\"elementor-widget-container\">\n\t\t\t\t\t<h4 class=\"elementor-heading-title elementor-size-default\">Santa Teresa Ikastetxea:<\/h4>\t\t\t\t<\/div>\n\t\t\t\t<\/div>\n\t\t\t\t<div class=\"elementor-element elementor-element-03b6833 elementor-widget elementor-widget-text-editor\" data-id=\"03b6833\" data-element_type=\"widget\" data-e-type=\"widget\" data-widget_type=\"text-editor.default\">\n\t\t\t\t<div class=\"elementor-widget-container\">\n\t\t\t\t\t\t\t\t\t<p><span style=\"font-weight: 400;\">La Compa\u00f1\u00eda de Santa Teresa de Jes\u00fas inaugur\u00f3 el primer colegio teresiano en Donostia en el a\u00f1o 1929 en el barrio de Gros. Posteriormente, en 1968, se traslad\u00f3 a Ibaeta y en la actualidad pertenece, junto con otros 21 colegios, a la Fundaci\u00f3n Escuela Teresiana.\u00a0<\/span><\/p><p>\u00a0<\/p><p><span style=\"font-weight: 400;\">Es un colegio concertado que ofrece una ense\u00f1anza cristiana y de calidad basada en los principios pedag\u00f3gicos de su fundador, Enrique de Oss\u00f3, que se inspir\u00f3 en Santa Teresa, y abarca desde los 0 a\u00f1os hasta Bachillerato. <\/span><\/p>\t\t\t\t\t\t\t\t<\/div>\n\t\t\t\t<\/div>\n\t\t\t\t\t<\/div>\n\t\t\t\t<\/div>\n\t\t<div class=\"elementor-element elementor-element-556c5d4 e-flex e-con-boxed parallax_section_no qode_elementor_container_no e-con e-child\" data-id=\"556c5d4\" data-element_type=\"container\" data-e-type=\"container\">\n\t\t\t\t\t<div class=\"e-con-inner\">\n\t\t\t\t<div class=\"elementor-element elementor-element-6949bf9 elementor-widget elementor-widget-bridge_image_hover\" data-id=\"6949bf9\" data-element_type=\"widget\" data-e-type=\"widget\" data-widget_type=\"bridge_image_hover.default\">\n\t\t\t\t<div class=\"elementor-widget-container\">\n\t\t\t\t\t<div class='image_hover ' style='' data-transition-delay=''><div class='images_holder'><img itemprop='image' class='' src='https:\/\/elaienea.eus\/wp-content\/uploads\/2024\/07\/3.jpg' alt='Main Image' style='' \/><img itemprop='image' class='hover_image' src='' alt='Hover Image' style='' \/><\/div><\/div>\t\t\t\t<\/div>\n\t\t\t\t<\/div>\n\t\t\t\t\t<\/div>\n\t\t\t\t<\/div>\n\t\t\t\t\t<\/div>\n\t\t\t\t<\/div>\n\t\t<div class=\"elementor-element elementor-element-8e0cf18 qode_elementor_container_inner e-flex e-con-boxed parallax_section_no e-con e-parent\" data-id=\"8e0cf18\" data-element_type=\"container\" data-e-type=\"container\">\n\t\t\t\t\t<div class=\"e-con-inner\">\n\t\t<div class=\"elementor-element elementor-element-158df1d e-flex e-con-boxed parallax_section_no qode_elementor_container_no e-con e-child\" data-id=\"158df1d\" data-element_type=\"container\" data-e-type=\"container\">\n\t\t\t\t\t<div class=\"e-con-inner\">\n\t\t\t\t<div class=\"elementor-element elementor-element-0ca2630 elementor-widget elementor-widget-bridge_image_hover\" data-id=\"0ca2630\" data-element_type=\"widget\" data-e-type=\"widget\" data-widget_type=\"bridge_image_hover.default\">\n\t\t\t\t<div class=\"elementor-widget-container\">\n\t\t\t\t\t<div class='image_hover ' style='' data-transition-delay=''><div class='images_holder'><img itemprop='image' class='' src='https:\/\/elaienea.eus\/wp-content\/uploads\/2024\/07\/2.jpg' alt='Main Image' style='' \/><img itemprop='image' class='hover_image' src='' alt='Hover Image' style='' \/><\/div><\/div>\t\t\t\t<\/div>\n\t\t\t\t<\/div>\n\t\t\t\t\t<\/div>\n\t\t\t\t<\/div>\n\t\t<div class=\"elementor-element elementor-element-e9d895d e-flex e-con-boxed parallax_section_no qode_elementor_container_no e-con e-child\" data-id=\"e9d895d\" data-element_type=\"container\" data-e-type=\"container\">\n\t\t\t\t\t<div class=\"e-con-inner\">\n\t\t\t\t<div class=\"elementor-element elementor-element-32517da elementor-widget elementor-widget-heading\" data-id=\"32517da\" data-element_type=\"widget\" data-e-type=\"widget\" data-widget_type=\"heading.default\">\n\t\t\t\t<div class=\"elementor-widget-container\">\n\t\t\t\t\t<h4 class=\"elementor-heading-title elementor-size-default\">Jesuitinas Donostia ikastetxea:<\/h4>\t\t\t\t<\/div>\n\t\t\t\t<\/div>\n\t\t\t\t<div class=\"elementor-element elementor-element-7dea5a8 elementor-widget elementor-widget-text-editor\" data-id=\"7dea5a8\" data-element_type=\"widget\" data-e-type=\"widget\" data-widget_type=\"text-editor.default\">\n\t\t\t\t<div class=\"elementor-widget-container\">\n\t\t\t\t\t\t\t\t\t<p><span style=\"font-weight: 400;\">El colegio Jesuitinas Donostia (Nuestra Se\u00f1ora de Ar\u00e1nzazu) fue fundado por las Hijas de Jes\u00fas. El primer centro se abri\u00f3 en 1925 en el barrio de Gros. En 1967 se traslad\u00f3 al barrio de Aiete y actualmente, junto con otros 23 centros, pertenece a la Fundaci\u00f3n Educativa Jesuitinas. Es un centro educativo cristiano, concertado en las etapas de infantil, primaria y secundaria, pluriling\u00fce e inserto en la sociedad vasca.<\/span><\/p><p>\u00a0<\/p><p><span style=\"font-weight: 400;\">Es el \u00fanico centro de Gipuzkoa autorizado para impartir el Programa del Diploma (16-18) del Bachillerato Internacional, y por su oferta educativa abarca de los 0 a los 18 a\u00f1os.<\/span><\/p><p class=\"p1\">\u00a0<\/p><p><span style=\"font-weight: 400;\">Los tres centros se caracterizan por una atenci\u00f3n personalizada al alumnado, en toda su diversidad, cubriendo las necesidades espec\u00edficas de cada uno de ellas\/os en un ambiente que favorece las relaciones positivas entre todos los miembros de la comunidad educativa: alumnado, educadores y familias.<\/span><\/p>\t\t\t\t\t\t\t\t<\/div>\n\t\t\t\t<\/div>\n\t\t\t\t\t<\/div>\n\t\t\t\t<\/div>\n\t\t\t\t\t<\/div>\n\t\t\t\t<\/div>\n\t\t<div class=\"elementor-element elementor-element-aa4a4c6 e-con-full qode_elementor_container_inner e-flex parallax_section_no e-con e-parent\" data-id=\"aa4a4c6\" data-element_type=\"container\" data-e-type=\"container\">\n\t\t<div class=\"elementor-element elementor-element-5486f79 e-con-full e-flex parallax_section_no qode_elementor_container_no e-con e-child\" data-id=\"5486f79\" data-element_type=\"container\" data-e-type=\"container\">\n\t\t<div class=\"elementor-element elementor-element-c06970d e-flex e-con-boxed parallax_section_no qode_elementor_container_no e-con e-child\" data-id=\"c06970d\" data-element_type=\"container\" data-e-type=\"container\">\n\t\t\t\t\t<div class=\"e-con-inner\">\n\t\t\t\t<div class=\"elementor-element elementor-element-59d3ef9 elementor-widget elementor-widget-spacer\" data-id=\"59d3ef9\" data-element_type=\"widget\" data-e-type=\"widget\" data-widget_type=\"spacer.default\">\n\t\t\t\t<div class=\"elementor-widget-container\">\n\t\t\t\t\t\t\t<div class=\"elementor-spacer\">\n\t\t\t<div class=\"elementor-spacer-inner\"><\/div>\n\t\t<\/div>\n\t\t\t\t\t\t<\/div>\n\t\t\t\t<\/div>\n\t\t\t\t<div class=\"elementor-element elementor-element-0b3e5c0 elementor-widget elementor-widget-heading\" data-id=\"0b3e5c0\" data-element_type=\"widget\" data-e-type=\"widget\" data-widget_type=\"heading.default\">\n\t\t\t\t<div class=\"elementor-widget-container\">\n\t\t\t\t\t<h2 class=\"elementor-heading-title elementor-size-default\">\u2026 y las manos hacia las estrellas<\/h2>\t\t\t\t<\/div>\n\t\t\t\t<\/div>\n\t\t\t\t\t<\/div>\n\t\t\t\t<\/div>\n\t\t\t\t<\/div>\n\t\t<div class=\"elementor-element elementor-element-3afc6fe e-con-full e-flex parallax_section_no qode_elementor_container_no e-con e-child\" data-id=\"3afc6fe\" data-element_type=\"container\" data-e-type=\"container\">\n\t\t\t\t<div class=\"elementor-element elementor-element-c86951f elementor-widget elementor-widget-bridge_custom_font\" data-id=\"c86951f\" data-element_type=\"widget\" data-e-type=\"widget\" data-widget_type=\"bridge_custom_font.default\">\n\t\t\t\t<div class=\"elementor-widget-container\">\n\t\t\t\t\t<div class=\"custom_font_holder \" style=\"font-family: montserrat; font-style: normal; font-weight: 400; color: #1B3942; text-decoration: none; padding: 0; margin: 0; text-align: left; --qode-cf-font-size: 18px; --qode-cf-line-height: 30px; --qode-cf-font-size-1440: 18px; --qode-cf-line-height-1440: 30px; --qode-cf-font-size-1366: 18px; --qode-cf-line-height-1366: 30px; --qode-cf-font-size-1280: 18px; --qode-cf-line-height-1280: 30px; --qode-cf-font-size-1024: 18px; --qode-cf-line-height-1024: 30px; --qode-cf-font-size-768: 18px; --qode-cf-line-height-768: 30px; --qode-cf-font-size-680: 18px; --qode-cf-line-height-680: 30px; --qode-cf-font-size-480: 18px; --qode-cf-line-height-480: 30px;\"><b>NUESTRA ESENCIA, FILOSOF\u00cdA Y MISI\u00d3N:<\/b>\nlos seres humanos tenemos la responsabilidad de dejar un mundo mejor a las futuras generaciones. Y mejores hijas e hijos al mundo.<\/div>\t\t\t\t<\/div>\n\t\t\t\t<\/div>\n\t\t\t\t<\/div>\n\t\t\t\t<\/div>\n\t\t<div class=\"elementor-element elementor-element-dfb11fd e-flex e-con-boxed parallax_section_no qode_elementor_container_no e-con e-parent\" data-id=\"dfb11fd\" data-element_type=\"container\" data-e-type=\"container\">\n\t\t\t\t\t<div class=\"e-con-inner\">\n\t\t\t\t<div class=\"elementor-element elementor-element-1ade8a0 elementor-widget elementor-widget-qi_addons_for_elementor_button\" data-id=\"1ade8a0\" data-element_type=\"widget\" data-e-type=\"widget\" data-widget_type=\"qi_addons_for_elementor_button.default\">\n\t\t\t\t<div class=\"elementor-widget-container\">\n\t\t\t\t\t<a class=\"qodef-shortcode qodef-m qodef-qi-button qodef-html--link qodef-layout--outlined qodef-type--standard qodef-icon--right qodef-hover--icon-move-horizontal-short\" href=\"https:\/\/elaienea.eus\/nuestra-esencia-filosofia-y-mision\/\" target=\"_self\">\n\t<span class=\"qodef-m-text\">LEER M\u00c1S<\/span>\n\t<\/a>\n\t\t\t\t<\/div>\n\t\t\t\t<\/div>\n\t\t\t\t\t<\/div>\n\t\t\t\t<\/div>\n\t\t<div class=\"elementor-element elementor-element-87f4c79 e-con-full e-flex parallax_section_no qode_elementor_container_no e-con e-parent\" data-id=\"87f4c79\" data-element_type=\"container\" data-e-type=\"container\" data-settings=\"{&quot;background_background&quot;:&quot;classic&quot;}\">\n\t\t\t\t<div class=\"elementor-element elementor-element-3eaae01 elementor-widget elementor-widget-qi_addons_for_elementor_text_marquee\" data-id=\"3eaae01\" data-element_type=\"widget\" data-e-type=\"widget\" data-widget_type=\"qi_addons_for_elementor_text_marquee.default\">\n\t\t\t\t<div class=\"elementor-widget-container\">\n\t\t\t\t\t<div class=\"qodef-shortcode qodef-m qodef-qi-text-marquee qodef-layout--default\">\n\t<div class=\"qodef-m-content\">\n\t\t<div class=\"qodef-m-text qodef-text--original\">\n\t\t\t\t\t\t\t<span class=\"qodef-m-text-item elementor-repeater-item-6e5932d\" >acompa\u00f1ar a las personas en el camino hacia \u201cvolar\u201d por s\u00ed mismas<\/span>\n\t\t\t\t<span class=\"qodef-e-icon-holder\">\n\t<svg aria-hidden=\"true\" class=\"e-font-icon-svg e-far-circle\" viewBox=\"0 0 512 512\" xmlns=\"http:\/\/www.w3.org\/2000\/svg\"><path d=\"M256 8C119 8 8 119 8 256s111 248 248 248 248-111 248-248S393 8 256 8zm0 448c-110.5 0-200-89.5-200-200S145.5 56 256 56s200 89.5 200 200-89.5 200-200 200z\"><\/path><\/svg><\/span>\n\t\t\t\t\t\t\t<span class=\"qodef-m-text-item elementor-repeater-item-a1417e7\" >acompa\u00f1ar a las personas en el camino hacia \u201cvolar\u201d por s\u00ed mismas<\/span>\n\t\t\t\t<span class=\"qodef-e-icon-holder\">\n\t<svg aria-hidden=\"true\" class=\"e-font-icon-svg e-far-circle\" viewBox=\"0 0 512 512\" xmlns=\"http:\/\/www.w3.org\/2000\/svg\"><path d=\"M256 8C119 8 8 119 8 256s111 248 248 248 248-111 248-248S393 8 256 8zm0 448c-110.5 0-200-89.5-200-200S145.5 56 256 56s200 89.5 200 200-89.5 200-200 200z\"><\/path><\/svg><\/span>\n\t\t\t\t\t\t\t<span class=\"qodef-m-text-item elementor-repeater-item-ac77035\" >acompa\u00f1ar a las personas en el camino hacia \u201cvolar\u201d por s\u00ed mismas<\/span>\n\t\t\t\t<span class=\"qodef-e-icon-holder\">\n\t<svg aria-hidden=\"true\" class=\"e-font-icon-svg e-far-circle\" viewBox=\"0 0 512 512\" xmlns=\"http:\/\/www.w3.org\/2000\/svg\"><path d=\"M256 8C119 8 8 119 8 256s111 248 248 248 248-111 248-248S393 8 256 8zm0 448c-110.5 0-200-89.5-200-200S145.5 56 256 56s200 89.5 200 200-89.5 200-200 200z\"><\/path><\/svg><\/span>\n\t\t\t\t\t<\/div>\n\t\t<div class=\"qodef-m-text qodef-text--copy\">\n\t\t\t\t\t\t\t<span class=\"qodef-m-text-item elementor-repeater-item-6e5932d\" >acompa\u00f1ar a las personas en el camino hacia \u201cvolar\u201d por s\u00ed mismas<\/span>\n\t\t\t\t<span class=\"qodef-e-icon-holder\">\n\t<svg aria-hidden=\"true\" class=\"e-font-icon-svg e-far-circle\" viewBox=\"0 0 512 512\" xmlns=\"http:\/\/www.w3.org\/2000\/svg\"><path d=\"M256 8C119 8 8 119 8 256s111 248 248 248 248-111 248-248S393 8 256 8zm0 448c-110.5 0-200-89.5-200-200S145.5 56 256 56s200 89.5 200 200-89.5 200-200 200z\"><\/path><\/svg><\/span>\n\t\t\t\t\t\t\t<span class=\"qodef-m-text-item elementor-repeater-item-a1417e7\" >acompa\u00f1ar a las personas en el camino hacia \u201cvolar\u201d por s\u00ed mismas<\/span>\n\t\t\t\t<span class=\"qodef-e-icon-holder\">\n\t<svg aria-hidden=\"true\" class=\"e-font-icon-svg e-far-circle\" viewBox=\"0 0 512 512\" xmlns=\"http:\/\/www.w3.org\/2000\/svg\"><path d=\"M256 8C119 8 8 119 8 256s111 248 248 248 248-111 248-248S393 8 256 8zm0 448c-110.5 0-200-89.5-200-200S145.5 56 256 56s200 89.5 200 200-89.5 200-200 200z\"><\/path><\/svg><\/span>\n\t\t\t\t\t\t\t<span class=\"qodef-m-text-item elementor-repeater-item-ac77035\" >acompa\u00f1ar a las personas en el camino hacia \u201cvolar\u201d por s\u00ed mismas<\/span>\n\t\t\t\t<span class=\"qodef-e-icon-holder\">\n\t<svg aria-hidden=\"true\" class=\"e-font-icon-svg e-far-circle\" viewBox=\"0 0 512 512\" xmlns=\"http:\/\/www.w3.org\/2000\/svg\"><path d=\"M256 8C119 8 8 119 8 256s111 248 248 248 248-111 248-248S393 8 256 8zm0 448c-110.5 0-200-89.5-200-200S145.5 56 256 56s200 89.5 200 200-89.5 200-200 200z\"><\/path><\/svg><\/span>\n\t\t\t\t\t<\/div>\n\t<\/div>\n<\/div>\n\t\t\t\t<\/div>\n\t\t\t\t<\/div>\n\t\t\t\t<\/div>\n\t\t<div class=\"elementor-element elementor-element-4701fab e-con-full e-flex parallax_section_no qode_elementor_container_no e-con e-parent\" data-id=\"4701fab\" data-element_type=\"container\" data-e-type=\"container\" data-settings=\"{&quot;background_background&quot;:&quot;slideshow&quot;,&quot;background_slideshow_gallery&quot;:[{&quot;id&quot;:10316,&quot;url&quot;:&quot;https:\\\/\\\/elaienea.eus\\\/wp-content\\\/uploads\\\/2024\\\/07\\\/Captura-de-pantalla-2024-07-11-a-las-11.32.27.png&quot;}],&quot;background_slideshow_loop&quot;:&quot;yes&quot;,&quot;background_slideshow_slide_duration&quot;:5000,&quot;background_slideshow_slide_transition&quot;:&quot;fade&quot;,&quot;background_slideshow_transition_duration&quot;:500}\">\n\t\t\t\t<\/div>\n\t\t\t\t<\/div>\n\t\t","protected":false},"excerpt":{"rendered":"<p>EL COLEGIO Con los pies en las ra\u00edces\u2026 Tres colegios, pr\u00f3ximos geogr\u00e1ficamente, con historia y reconocido prestigio en Donostialdea, unen sus fuerzas para desarrollar un proyecto integrador y s\u00f3lido en la ciudad que d\u00e9 respuesta a los retos educativos de la sociedad del siglo XXI.\u00a0&#8230;<\/p>\n","protected":false},"author":1,"featured_media":0,"parent":0,"menu_order":0,"comment_status":"closed","ping_status":"closed","template":"full_width.php","meta":{"_eb_attr":"","footnotes":""},"class_list":["post-10508","page","type-page","status-publish","hentry"],"_links":{"self":[{"href":"https:\/\/elaienea.eus\/es\/wp-json\/wp\/v2\/pages\/10508","targetHints":{"allow":["GET"]}}],"collection":[{"href":"https:\/\/elaienea.eus\/es\/wp-json\/wp\/v2\/pages"}],"about":[{"href":"https:\/\/elaienea.eus\/es\/wp-json\/wp\/v2\/types\/page"}],"author":[{"embeddable":true,"href":"https:\/\/elaienea.eus\/es\/wp-json\/wp\/v2\/users\/1"}],"replies":[{"embeddable":true,"href":"https:\/\/elaienea.eus\/es\/wp-json\/wp\/v2\/comments?post=10508"}],"version-history":[{"count":16,"href":"https:\/\/elaienea.eus\/es\/wp-json\/wp\/v2\/pages\/10508\/revisions"}],"predecessor-version":[{"id":10532,"href":"https:\/\/elaienea.eus\/es\/wp-json\/wp\/v2\/pages\/10508\/revisions\/10532"}],"wp:attachment":[{"href":"https:\/\/elaienea.eus\/es\/wp-json\/wp\/v2\/media?parent=10508"}],"curies":[{"name":"wp","href":"https:\/\/api.w.org\/{rel}","templated":true}]}}