{"id":10478,"date":"2024-08-13T09:42:24","date_gmt":"2024-08-13T09:42:24","guid":{"rendered":"https:\/\/escuelateresiana.com\/colegios\/elaienea\/?page_id=10478"},"modified":"2024-10-30T12:21:03","modified_gmt":"2024-10-30T12:21:03","slug":"proposito","status":"publish","type":"page","link":"https:\/\/elaienea.eus\/es\/proposito\/","title":{"rendered":"Prop\u00f3sito"},"content":{"rendered":"\t\t<div data-elementor-type=\"wp-page\" data-elementor-id=\"10478\" class=\"elementor elementor-10478\">\n\t\t\t\t<div class=\"elementor-element elementor-element-5cec6e3 e-con-full e-flex parallax_section_no qode_elementor_container_no e-con e-parent\" data-id=\"5cec6e3\" data-element_type=\"container\" data-e-type=\"container\" data-settings=\"{&quot;background_background&quot;:&quot;classic&quot;}\">\n\t\t<div class=\"elementor-element elementor-element-1b9ef473 e-con-full e-flex parallax_section_no qode_elementor_container_no e-con e-child\" data-id=\"1b9ef473\" data-element_type=\"container\" data-e-type=\"container\">\n\t\t\t\t<div class=\"elementor-element elementor-element-30b30b1a elementor-widget elementor-widget-bridge_icon\" data-id=\"30b30b1a\" data-element_type=\"widget\" data-e-type=\"widget\" data-widget_type=\"bridge_icon.default\">\n\t\t\t\t<div class=\"elementor-widget-container\">\n\t\t\t\t\t<span data-type=\"normal\"  class=\"qode_icon_shortcode  q_font_awsome_icon fa-lg pull-left \" style=\" \"><span aria-hidden=\"true\" class=\"qode_icon_font_elegant icon_circle-empty qode_icon_element\" style=\"font-size: 12px;color: #1B3942;\" ><\/span><\/span>\t\t\t\t<\/div>\n\t\t\t\t<\/div>\n\t\t\t\t<div class=\"elementor-element elementor-element-47a56f50 elementor-widget elementor-widget-bridge_custom_font\" data-id=\"47a56f50\" data-element_type=\"widget\" data-e-type=\"widget\" data-widget_type=\"bridge_custom_font.default\">\n\t\t\t\t<div class=\"elementor-widget-container\">\n\t\t\t\t\t<div class=\"custom_font_holder \" style=\"font-family: Source Sans Pro; font-style: normal; font-weight: 600; color: #1B3942; text-decoration: none; letter-spacing: 1.728px; padding: 0; margin: 0; text-align: left; --qode-cf-font-size: 15px; --qode-cf-line-height: 22px; --qode-cf-font-size-1440: 15px; --qode-cf-line-height-1440: 22px; --qode-cf-font-size-1366: 15px; --qode-cf-line-height-1366: 22px; --qode-cf-font-size-1280: 15px; --qode-cf-line-height-1280: 22px; --qode-cf-font-size-1024: 15px; --qode-cf-line-height-1024: 22px; --qode-cf-font-size-768: 15px; --qode-cf-line-height-768: 22px; --qode-cf-font-size-680: 15px; --qode-cf-line-height-680: 22px; --qode-cf-font-size-480: 15px; --qode-cf-line-height-480: 22px;\">ElaiEnea<\/div>\t\t\t\t<\/div>\n\t\t\t\t<\/div>\n\t\t\t\t<\/div>\n\t\t<div class=\"elementor-element elementor-element-766576a6 e-con-full e-flex parallax_section_no qode_elementor_container_no e-con e-child\" data-id=\"766576a6\" data-element_type=\"container\" data-e-type=\"container\">\n\t\t\t\t<div class=\"elementor-element elementor-element-2df0cb2d elementor-widget elementor-widget-heading\" data-id=\"2df0cb2d\" data-element_type=\"widget\" data-e-type=\"widget\" data-widget_type=\"heading.default\">\n\t\t\t\t<div class=\"elementor-widget-container\">\n\t\t\t\t\t<h1 class=\"elementor-heading-title elementor-size-default\">Prop\u00f3sito<\/h1>\t\t\t\t<\/div>\n\t\t\t\t<\/div>\n\t\t\t\t<\/div>\n\t\t\t\t<\/div>\n\t\t<div class=\"elementor-element elementor-element-ccf4f6c e-flex e-con-boxed parallax_section_no qode_elementor_container_no e-con e-parent\" data-id=\"ccf4f6c\" data-element_type=\"container\" data-e-type=\"container\">\n\t\t\t\t\t<div class=\"e-con-inner\">\n\t\t\t\t<div class=\"elementor-element elementor-element-ad35cc3 elementor-widget elementor-widget-text-editor\" data-id=\"ad35cc3\" data-element_type=\"widget\" data-e-type=\"widget\" data-widget_type=\"text-editor.default\">\n\t\t\t\t<div class=\"elementor-widget-container\">\n\t\t\t\t\t\t\t\t\t<h5 class=\"p1\" style=\"text-align: center;\"><b>Formar personas plenas y preparadas para hoy y comprometidas con el ma\u00f1ana<\/b>.<\/h5><h5 class=\"p1\" style=\"text-align: center;\">Nuestro prop\u00f3sito va m\u00e1s all\u00e1 de una simple declaraci\u00f3n: es un <b><i>compromiso con el desarrollo integral de cada persona.<\/i><\/b><\/h5>\t\t\t\t\t\t\t\t<\/div>\n\t\t\t\t<\/div>\n\t\t\t\t\t<\/div>\n\t\t\t\t<\/div>\n\t\t<div class=\"elementor-element elementor-element-b5a1bcb e-flex e-con-boxed parallax_section_no qode_elementor_container_no e-con e-parent\" data-id=\"b5a1bcb\" data-element_type=\"container\" data-e-type=\"container\">\n\t\t\t\t\t<div class=\"e-con-inner\">\n\t\t<div class=\"elementor-element elementor-element-f5c50d6 e-con-full e-flex parallax_section_no qode_elementor_container_no e-con e-child\" data-id=\"f5c50d6\" data-element_type=\"container\" data-e-type=\"container\">\n\t\t\t\t<div class=\"elementor-element elementor-element-ee19485 elementor-widget elementor-widget-bridge_icon_text\" data-id=\"ee19485\" data-element_type=\"widget\" data-e-type=\"widget\" data-widget_type=\"bridge_icon_text.default\">\n\t\t\t\t<div class=\"elementor-widget-container\">\n\t\t\t\t\t<div class='q_icon_with_title small normal_icon center qode-iwt-content-alignment-center qode_iwt_hover_enabled '><div class=\"icon_holder \" style=\" \"><span data-icon-type=\"normal\"   style=\"\" class=\"qode_iwt_icon_holder q_font_awsome_icon fa-2x  \"><span aria-hidden=\"true\" class=\"qode_icon_font_elegant arrow_down qode_iwt_icon_element\" style=\"\" ><\/span><\/span><\/div><div class=\"icon_text_holder\" style=\"\"><div class=\"icon_text_inner\" style=\"\"><h5 class=\"icon_title\" style=\"\"><\/h5><p style=''>Formamos en las habilidades acad\u00e9micas, t\u00e9cnicas y pr\u00e1cticas necesarias y demandadas por la sociedad global y el mercado laboral del siglo XXI.<\/p><\/div><\/div><\/div>\t\t\t\t<\/div>\n\t\t\t\t<\/div>\n\t\t\t\t<div class=\"elementor-element elementor-element-69ce109 elementor-widget elementor-widget-bridge_icon_text\" data-id=\"69ce109\" data-element_type=\"widget\" data-e-type=\"widget\" data-widget_type=\"bridge_icon_text.default\">\n\t\t\t\t<div class=\"elementor-widget-container\">\n\t\t\t\t\t<div class='q_icon_with_title small normal_icon center qode-iwt-content-alignment-center qode_iwt_hover_enabled '><div class=\"icon_holder \" style=\" \"><span data-icon-type=\"normal\"   style=\"\" class=\"qode_iwt_icon_holder q_font_awsome_icon fa-2x  \"><span aria-hidden=\"true\" class=\"qode_icon_font_elegant arrow_down qode_iwt_icon_element\" style=\"\" ><\/span><\/span><\/div><div class=\"icon_text_holder\" style=\"\"><div class=\"icon_text_inner\" style=\"\"><h5 class=\"icon_title\" style=\"\"><\/h5><p style=''>Acompa\u00f1amos el desarrollo de cualidades que abarcan las dimensiones emocional, social y espiritual de las personas. Aunque no est\u00e1n tan regladas, estas cualidades son fundamentales para el \u00e9xito personal en la actualidad.<\/p><\/div><\/div><\/div>\t\t\t\t<\/div>\n\t\t\t\t<\/div>\n\t\t\t\t<\/div>\n\t\t<div class=\"elementor-element elementor-element-74dfb86 e-con-full e-flex parallax_section_no qode_elementor_container_no e-con e-child\" data-id=\"74dfb86\" data-element_type=\"container\" data-e-type=\"container\">\n\t\t\t\t<div class=\"elementor-element elementor-element-f0c87d9 elementor-widget elementor-widget-image\" data-id=\"f0c87d9\" data-element_type=\"widget\" data-e-type=\"widget\" data-widget_type=\"image.default\">\n\t\t\t\t<div class=\"elementor-widget-container\">\n\t\t\t\t\t\t\t\t\t\t\t\t\t\t\t<img fetchpriority=\"high\" decoding=\"async\" width=\"734\" height=\"879\" src=\"https:\/\/elaienea.eus\/wp-content\/uploads\/2024\/10\/proposito-ok.png\" class=\"attachment-large size-large wp-image-11675\" alt=\"\" srcset=\"https:\/\/elaienea.eus\/wp-content\/uploads\/2024\/10\/proposito-ok.png 734w, https:\/\/elaienea.eus\/wp-content\/uploads\/2024\/10\/proposito-ok-251x300.png 251w, https:\/\/elaienea.eus\/wp-content\/uploads\/2024\/10\/proposito-ok-700x838.png 700w\" sizes=\"(max-width: 734px) 100vw, 734px\" \/>\t\t\t\t\t\t\t\t\t\t\t\t\t\t\t<\/div>\n\t\t\t\t<\/div>\n\t\t\t\t<\/div>\n\t\t<div class=\"elementor-element elementor-element-04fd770 e-con-full e-flex parallax_section_no qode_elementor_container_no e-con e-child\" data-id=\"04fd770\" data-element_type=\"container\" data-e-type=\"container\">\n\t\t\t\t<div class=\"elementor-element elementor-element-32bcf6f elementor-widget elementor-widget-bridge_icon_text\" data-id=\"32bcf6f\" data-element_type=\"widget\" data-e-type=\"widget\" data-widget_type=\"bridge_icon_text.default\">\n\t\t\t\t<div class=\"elementor-widget-container\">\n\t\t\t\t\t<div class='q_icon_with_title small normal_icon center qode-iwt-content-alignment-center qode_iwt_hover_enabled '><div class=\"icon_holder \" style=\" \"><span data-icon-type=\"normal\"   style=\"\" class=\"qode_iwt_icon_holder q_font_awsome_icon fa-2x  \"><span aria-hidden=\"true\" class=\"qode_icon_font_elegant arrow_down qode_iwt_icon_element\" style=\"\" ><\/span><\/span><\/div><div class=\"icon_text_holder\" style=\"\"><div class=\"icon_text_inner\" style=\"\"><h5 class=\"icon_title\" style=\"\"><\/h5><p style=''>Fomentamos adem\u00e1s una visi\u00f3n de largo plazo y valores como la responsabilidad, la justicia y la solidaridad, impulsando a nuestras alumnas y alumnos a convertirse en agentes de cambio positivo en sus comunidades y en el mundo.<\/p><\/div><\/div><\/div>\t\t\t\t<\/div>\n\t\t\t\t<\/div>\n\t\t\t\t<\/div>\n\t\t\t\t\t<\/div>\n\t\t\t\t<\/div>\n\t\t<div class=\"elementor-element elementor-element-bb9957b e-con-full e-flex parallax_section_no qode_elementor_container_no e-con e-parent\" data-id=\"bb9957b\" data-element_type=\"container\" data-e-type=\"container\">\n\t\t\t\t<div class=\"elementor-element elementor-element-052e7b8 elementor-widget elementor-widget-qi_addons_for_elementor_text_marquee\" data-id=\"052e7b8\" data-element_type=\"widget\" data-e-type=\"widget\" data-widget_type=\"qi_addons_for_elementor_text_marquee.default\">\n\t\t\t\t<div class=\"elementor-widget-container\">\n\t\t\t\t\t<div class=\"qodef-shortcode qodef-m qodef-qi-text-marquee qodef-layout--default\">\n\t<div class=\"qodef-m-content\">\n\t\t<div class=\"qodef-m-text qodef-text--original\">\n\t\t\t\t\t\t\t<span class=\"qodef-m-text-item elementor-repeater-item-8029f02\" >Porque avanzar no es progreso si no avanzamos todos.<\/span>\n\t\t\t\t\t\t\t\t\t\t\t<span class=\"qodef-m-text-item elementor-repeater-item-0cb3702\" >Porque avanzar no es progreso si no avanzamos todos.<\/span>\n\t\t\t\t\t\t\t\t\t<\/div>\n\t\t<div class=\"qodef-m-text qodef-text--copy\">\n\t\t\t\t\t\t\t<span class=\"qodef-m-text-item elementor-repeater-item-8029f02\" >Porque avanzar no es progreso si no avanzamos todos.<\/span>\n\t\t\t\t\t\t\t\t\t\t\t<span class=\"qodef-m-text-item elementor-repeater-item-0cb3702\" >Porque avanzar no es progreso si no avanzamos todos.<\/span>\n\t\t\t\t\t\t\t\t\t<\/div>\n\t<\/div>\n<\/div>\n\t\t\t\t<\/div>\n\t\t\t\t<\/div>\n\t\t\t\t<\/div>\n\t\t<div class=\"elementor-element elementor-element-abf3435 e-con-full e-flex parallax_section_no qode_elementor_container_no e-con e-parent\" data-id=\"abf3435\" data-element_type=\"container\" data-e-type=\"container\">\n\t\t\t\t<div class=\"elementor-element elementor-element-5e8f90e elementor-widget elementor-widget-text-editor\" data-id=\"5e8f90e\" data-element_type=\"widget\" data-e-type=\"widget\" data-widget_type=\"text-editor.default\">\n\t\t\t\t<div class=\"elementor-widget-container\">\n\t\t\t\t\t\t\t\t\t<h4 class=\"p1\" style=\"text-align: center;\">Para cuando tengan que volar<\/h4>\t\t\t\t\t\t\t\t<\/div>\n\t\t\t\t<\/div>\n\t\t\t\t<div class=\"elementor-element elementor-element-90f8aac elementor-widget elementor-widget-image\" data-id=\"90f8aac\" data-element_type=\"widget\" data-e-type=\"widget\" data-widget_type=\"image.default\">\n\t\t\t\t<div class=\"elementor-widget-container\">\n\t\t\t\t\t\t\t\t\t\t\t\t\t\t\t<img decoding=\"async\" width=\"1024\" height=\"118\" src=\"https:\/\/elaienea.eus\/wp-content\/uploads\/2024\/08\/volar-1024x118.jpg\" class=\"attachment-large size-large wp-image-10554\" alt=\"\" srcset=\"https:\/\/elaienea.eus\/wp-content\/uploads\/2024\/08\/volar-1024x118.jpg 1024w, https:\/\/elaienea.eus\/wp-content\/uploads\/2024\/08\/volar-300x35.jpg 300w, https:\/\/elaienea.eus\/wp-content\/uploads\/2024\/08\/volar-768x89.jpg 768w, https:\/\/elaienea.eus\/wp-content\/uploads\/2024\/08\/volar-1536x177.jpg 1536w, https:\/\/elaienea.eus\/wp-content\/uploads\/2024\/08\/volar-2048x236.jpg 2048w, https:\/\/elaienea.eus\/wp-content\/uploads\/2024\/08\/volar-700x81.jpg 700w\" sizes=\"(max-width: 1024px) 100vw, 1024px\" \/>\t\t\t\t\t\t\t\t\t\t\t\t\t\t\t<\/div>\n\t\t\t\t<\/div>\n\t\t\t\t<\/div>\n\t\t\t\t<\/div>\n\t\t","protected":false},"excerpt":{"rendered":"<p>ElaiEnea Prop\u00f3sito Formar personas plenas y preparadas para hoy y comprometidas con el ma\u00f1ana. Nuestro prop\u00f3sito va m\u00e1s all\u00e1 de una simple declaraci\u00f3n: es un compromiso con el desarrollo integral de cada persona. Formamos en las habilidades acad\u00e9micas, t\u00e9cnicas y pr\u00e1cticas necesarias y demandadas por&#8230;<\/p>\n","protected":false},"author":1,"featured_media":0,"parent":0,"menu_order":0,"comment_status":"closed","ping_status":"closed","template":"full_width.php","meta":{"_eb_attr":"","footnotes":""},"class_list":["post-10478","page","type-page","status-publish","hentry"],"_links":{"self":[{"href":"https:\/\/elaienea.eus\/es\/wp-json\/wp\/v2\/pages\/10478","targetHints":{"allow":["GET"]}}],"collection":[{"href":"https:\/\/elaienea.eus\/es\/wp-json\/wp\/v2\/pages"}],"about":[{"href":"https:\/\/elaienea.eus\/es\/wp-json\/wp\/v2\/types\/page"}],"author":[{"embeddable":true,"href":"https:\/\/elaienea.eus\/es\/wp-json\/wp\/v2\/users\/1"}],"replies":[{"embeddable":true,"href":"https:\/\/elaienea.eus\/es\/wp-json\/wp\/v2\/comments?post=10478"}],"version-history":[{"count":10,"href":"https:\/\/elaienea.eus\/es\/wp-json\/wp\/v2\/pages\/10478\/revisions"}],"predecessor-version":[{"id":11681,"href":"https:\/\/elaienea.eus\/es\/wp-json\/wp\/v2\/pages\/10478\/revisions\/11681"}],"wp:attachment":[{"href":"https:\/\/elaienea.eus\/es\/wp-json\/wp\/v2\/media?parent=10478"}],"curies":[{"name":"wp","href":"https:\/\/api.w.org\/{rel}","templated":true}]}}