{"id":10383,"date":"2024-08-09T07:58:03","date_gmt":"2024-08-09T07:58:03","guid":{"rendered":"https:\/\/escuelateresiana.com\/colegios\/elaienea\/?page_id=10383"},"modified":"2024-08-14T09:28:47","modified_gmt":"2024-08-14T09:28:47","slug":"nuestra-esencia-filosofia-y-mision","status":"publish","type":"page","link":"https:\/\/elaienea.eus\/es\/nuestra-esencia-filosofia-y-mision\/","title":{"rendered":"NUESTRA ESENCIA, FILOSOF\u00cdA Y MISI\u00d3N"},"content":{"rendered":"\t\t<div data-elementor-type=\"wp-page\" data-elementor-id=\"10383\" class=\"elementor elementor-10383\">\n\t\t\t\t<div class=\"elementor-element elementor-element-5cec6e3 e-con-full e-flex parallax_section_no qode_elementor_container_no e-con e-parent\" data-id=\"5cec6e3\" data-element_type=\"container\" data-e-type=\"container\" data-settings=\"{&quot;background_background&quot;:&quot;classic&quot;}\">\n\t\t<div class=\"elementor-element elementor-element-1b9ef473 e-con-full e-flex parallax_section_no qode_elementor_container_no e-con e-child\" data-id=\"1b9ef473\" data-element_type=\"container\" data-e-type=\"container\">\n\t\t\t\t<div class=\"elementor-element elementor-element-30b30b1a elementor-widget elementor-widget-bridge_icon\" data-id=\"30b30b1a\" data-element_type=\"widget\" data-e-type=\"widget\" data-widget_type=\"bridge_icon.default\">\n\t\t\t\t<div class=\"elementor-widget-container\">\n\t\t\t\t\t<span data-type=\"normal\"  class=\"qode_icon_shortcode  q_font_awsome_icon fa-lg pull-left \" style=\" \"><span aria-hidden=\"true\" class=\"qode_icon_font_elegant icon_circle-empty qode_icon_element\" style=\"font-size: 12px;color: #1B3942;\" ><\/span><\/span>\t\t\t\t<\/div>\n\t\t\t\t<\/div>\n\t\t\t\t<div class=\"elementor-element elementor-element-47a56f50 elementor-widget elementor-widget-bridge_custom_font\" data-id=\"47a56f50\" data-element_type=\"widget\" data-e-type=\"widget\" data-widget_type=\"bridge_custom_font.default\">\n\t\t\t\t<div class=\"elementor-widget-container\">\n\t\t\t\t\t<div class=\"custom_font_holder \" style=\"font-family: Source Sans Pro; font-style: normal; font-weight: 600; color: #1B3942; text-decoration: none; letter-spacing: 1.728px; padding: 0; margin: 0; text-align: left; --qode-cf-font-size: 15px; --qode-cf-line-height: 22px; --qode-cf-font-size-1440: 15px; --qode-cf-line-height-1440: 22px; --qode-cf-font-size-1366: 15px; --qode-cf-line-height-1366: 22px; --qode-cf-font-size-1280: 15px; --qode-cf-line-height-1280: 22px; --qode-cf-font-size-1024: 15px; --qode-cf-line-height-1024: 22px; --qode-cf-font-size-768: 15px; --qode-cf-line-height-768: 22px; --qode-cf-font-size-680: 15px; --qode-cf-line-height-680: 22px; --qode-cf-font-size-480: 15px; --qode-cf-line-height-480: 22px;\">ElaiEnea<\/div>\t\t\t\t<\/div>\n\t\t\t\t<\/div>\n\t\t\t\t<\/div>\n\t\t<div class=\"elementor-element elementor-element-766576a6 e-con-full e-flex parallax_section_no qode_elementor_container_no e-con e-child\" data-id=\"766576a6\" data-element_type=\"container\" data-e-type=\"container\">\n\t\t\t\t<div class=\"elementor-element elementor-element-2df0cb2d elementor-widget elementor-widget-heading\" data-id=\"2df0cb2d\" data-element_type=\"widget\" data-e-type=\"widget\" data-widget_type=\"heading.default\">\n\t\t\t\t<div class=\"elementor-widget-container\">\n\t\t\t\t\t<h1 class=\"elementor-heading-title elementor-size-default\">Nuestra esencia, filosof\u00eda y misi\u00f3n\n<\/h1>\t\t\t\t<\/div>\n\t\t\t\t<\/div>\n\t\t\t\t<\/div>\n\t\t\t\t<\/div>\n\t\t<div class=\"elementor-element elementor-element-ccf4f6c e-flex e-con-boxed parallax_section_no qode_elementor_container_no e-con e-parent\" data-id=\"ccf4f6c\" data-element_type=\"container\" data-e-type=\"container\">\n\t\t\t\t\t<div class=\"e-con-inner\">\n\t\t\t\t<div class=\"elementor-element elementor-element-ad35cc3 elementor-widget elementor-widget-text-editor\" data-id=\"ad35cc3\" data-element_type=\"widget\" data-e-type=\"widget\" data-widget_type=\"text-editor.default\">\n\t\t\t\t<div class=\"elementor-widget-container\">\n\t\t\t\t\t\t\t\t\t<h4 class=\"p1\" style=\"text-align: center;\">Debemos darles conocimiento, valores y capacidades para que crezcan como personas <strong><span class=\"s1\" style=\"color: #ff564c;\">competentes<\/span><\/strong>, <strong><span class=\"s2\" style=\"color: #609ce3;\">creativas <\/span><\/strong>y <strong><span class=\"s3\" style=\"color: #e7b542;\">emp\u00e1ticas<\/span><\/strong>.<\/h4>\t\t\t\t\t\t\t\t<\/div>\n\t\t\t\t<\/div>\n\t\t\t\t\t<\/div>\n\t\t\t\t<\/div>\n\t\t<div class=\"elementor-element elementor-element-6ea55570 e-con-full qode_elementor_container_inner e-flex parallax_section_no e-con e-parent\" data-id=\"6ea55570\" data-element_type=\"container\" data-e-type=\"container\">\n\t\t<div class=\"elementor-element elementor-element-7ec7780f e-con-full e-flex parallax_section_no qode_elementor_container_no e-con e-child\" data-id=\"7ec7780f\" data-element_type=\"container\" data-e-type=\"container\">\n\t\t<div class=\"elementor-element elementor-element-534bcb79 e-flex e-con-boxed parallax_section_no qode_elementor_container_no e-con e-child\" data-id=\"534bcb79\" data-element_type=\"container\" data-e-type=\"container\">\n\t\t\t\t\t<div class=\"e-con-inner\">\n\t\t\t\t<div class=\"elementor-element elementor-element-6b2213c4 elementor-widget elementor-widget-heading\" data-id=\"6b2213c4\" data-element_type=\"widget\" data-e-type=\"widget\" data-widget_type=\"heading.default\">\n\t\t\t\t<div class=\"elementor-widget-container\">\n\t\t\t\t\t<h5 class=\"elementor-heading-title elementor-size-default\">Queremos personas:<\/h5>\t\t\t\t<\/div>\n\t\t\t\t<\/div>\n\t\t\t\t<div class=\"elementor-element elementor-element-1b675cf elementor-widget elementor-widget-heading\" data-id=\"1b675cf\" data-element_type=\"widget\" data-e-type=\"widget\" data-widget_type=\"heading.default\">\n\t\t\t\t<div class=\"elementor-widget-container\">\n\t\t\t\t\t<h5 class=\"elementor-heading-title elementor-size-default\">Preparadas para afrontar los desaf\u00edos de cada nuevo tiempo. <\/h5>\t\t\t\t<\/div>\n\t\t\t\t<\/div>\n\t\t\t\t\t<\/div>\n\t\t\t\t<\/div>\n\t\t\t\t<\/div>\n\t\t<div class=\"elementor-element elementor-element-40476c39 e-con-full e-flex parallax_section_no qode_elementor_container_no e-con e-child\" data-id=\"40476c39\" data-element_type=\"container\" data-e-type=\"container\">\n\t\t\t\t<div class=\"elementor-element elementor-element-c43ebec elementor-invisible elementor-widget elementor-widget-image\" data-id=\"c43ebec\" data-element_type=\"widget\" data-e-type=\"widget\" data-settings=\"{&quot;_animation&quot;:&quot;fadeInRight&quot;}\" data-widget_type=\"image.default\">\n\t\t\t\t<div class=\"elementor-widget-container\">\n\t\t\t\t\t\t\t\t\t\t\t\t\t\t\t<img fetchpriority=\"high\" decoding=\"async\" width=\"422\" height=\"359\" src=\"https:\/\/elaienea.eus\/wp-content\/uploads\/2024\/08\/11.png\" class=\"attachment-large size-large wp-image-10389\" alt=\"\" srcset=\"https:\/\/elaienea.eus\/wp-content\/uploads\/2024\/08\/11.png 422w, https:\/\/elaienea.eus\/wp-content\/uploads\/2024\/08\/11-300x255.png 300w\" sizes=\"(max-width: 422px) 100vw, 422px\" \/>\t\t\t\t\t\t\t\t\t\t\t\t\t\t\t<\/div>\n\t\t\t\t<\/div>\n\t\t\t\t<\/div>\n\t\t\t\t<\/div>\n\t\t<div class=\"elementor-element elementor-element-7d92991 e-con-full qode_elementor_container_inner e-flex parallax_section_no e-con e-parent\" data-id=\"7d92991\" data-element_type=\"container\" data-e-type=\"container\">\n\t\t<div class=\"elementor-element elementor-element-e9b6301 e-con-full e-flex parallax_section_no qode_elementor_container_no e-con e-child\" data-id=\"e9b6301\" data-element_type=\"container\" data-e-type=\"container\">\n\t\t<div class=\"elementor-element elementor-element-0b86533 e-flex e-con-boxed parallax_section_no qode_elementor_container_no e-con e-child\" data-id=\"0b86533\" data-element_type=\"container\" data-e-type=\"container\">\n\t\t\t\t\t<div class=\"e-con-inner\">\n\t\t\t\t<div class=\"elementor-element elementor-element-1ebfe8a elementor-invisible elementor-widget elementor-widget-image\" data-id=\"1ebfe8a\" data-element_type=\"widget\" data-e-type=\"widget\" data-settings=\"{&quot;_animation&quot;:&quot;fadeInRight&quot;}\" data-widget_type=\"image.default\">\n\t\t\t\t<div class=\"elementor-widget-container\">\n\t\t\t\t\t\t\t\t\t\t\t\t\t\t\t<img decoding=\"async\" width=\"422\" height=\"359\" src=\"https:\/\/elaienea.eus\/wp-content\/uploads\/2024\/08\/22.png\" class=\"attachment-large size-large wp-image-10390\" alt=\"\" srcset=\"https:\/\/elaienea.eus\/wp-content\/uploads\/2024\/08\/22.png 422w, https:\/\/elaienea.eus\/wp-content\/uploads\/2024\/08\/22-300x255.png 300w\" sizes=\"(max-width: 422px) 100vw, 422px\" \/>\t\t\t\t\t\t\t\t\t\t\t\t\t\t\t<\/div>\n\t\t\t\t<\/div>\n\t\t\t\t\t<\/div>\n\t\t\t\t<\/div>\n\t\t\t\t<\/div>\n\t\t<div class=\"elementor-element elementor-element-b5ee40f e-con-full e-flex parallax_section_no qode_elementor_container_no e-con e-child\" data-id=\"b5ee40f\" data-element_type=\"container\" data-e-type=\"container\">\n\t\t\t\t<div class=\"elementor-element elementor-element-fff43b8 elementor-widget elementor-widget-heading\" data-id=\"fff43b8\" data-element_type=\"widget\" data-e-type=\"widget\" data-widget_type=\"heading.default\">\n\t\t\t\t<div class=\"elementor-widget-container\">\n\t\t\t\t\t<h5 class=\"elementor-heading-title elementor-size-default\">Capaces de desarrollar un proyecto de vida pleno, sin olvidar que formamos parte de una comunidad. <\/h5>\t\t\t\t<\/div>\n\t\t\t\t<\/div>\n\t\t\t\t<\/div>\n\t\t\t\t<\/div>\n\t\t<div class=\"elementor-element elementor-element-bb9957b e-con-full e-flex parallax_section_no qode_elementor_container_no e-con e-parent\" data-id=\"bb9957b\" data-element_type=\"container\" data-e-type=\"container\">\n\t\t\t\t<div class=\"elementor-element elementor-element-052e7b8 elementor-widget elementor-widget-qi_addons_for_elementor_text_marquee\" data-id=\"052e7b8\" data-element_type=\"widget\" data-e-type=\"widget\" data-widget_type=\"qi_addons_for_elementor_text_marquee.default\">\n\t\t\t\t<div class=\"elementor-widget-container\">\n\t\t\t\t\t<div class=\"qodef-shortcode qodef-m qodef-qi-text-marquee qodef-layout--default\">\n\t<div class=\"qodef-m-content\">\n\t\t<div class=\"qodef-m-text qodef-text--original\">\n\t\t\t\t\t\t\t<span class=\"qodef-m-text-item elementor-repeater-item-8029f02\" >Porque avanzar no es progreso si no avanzamos todos.<\/span>\n\t\t\t\t\t\t\t\t\t\t\t<span class=\"qodef-m-text-item elementor-repeater-item-0cb3702\" >Porque avanzar no es progreso si no avanzamos todos.<\/span>\n\t\t\t\t\t\t\t\t\t<\/div>\n\t\t<div class=\"qodef-m-text qodef-text--copy\">\n\t\t\t\t\t\t\t<span class=\"qodef-m-text-item elementor-repeater-item-8029f02\" >Porque avanzar no es progreso si no avanzamos todos.<\/span>\n\t\t\t\t\t\t\t\t\t\t\t<span class=\"qodef-m-text-item elementor-repeater-item-0cb3702\" >Porque avanzar no es progreso si no avanzamos todos.<\/span>\n\t\t\t\t\t\t\t\t\t<\/div>\n\t<\/div>\n<\/div>\n\t\t\t\t<\/div>\n\t\t\t\t<\/div>\n\t\t\t\t<\/div>\n\t\t<div class=\"elementor-element elementor-element-3677bee e-flex e-con-boxed parallax_section_no qode_elementor_container_no e-con e-parent\" data-id=\"3677bee\" data-element_type=\"container\" data-e-type=\"container\">\n\t\t\t\t\t<div class=\"e-con-inner\">\n\t\t\t\t<div class=\"elementor-element elementor-element-6085ac7 elementor-widget elementor-widget-text-editor\" data-id=\"6085ac7\" data-element_type=\"widget\" data-e-type=\"widget\" data-widget_type=\"text-editor.default\">\n\t\t\t\t<div class=\"elementor-widget-container\">\n\t\t\t\t\t\t\t\t\t<h4 class=\"p1\" style=\"text-align: center;\">Defendemos y ense\u00f1amos en la <strong><span class=\"s1\" style=\"color: #89c27d;\">diversidad<\/span><\/strong>, <strong><span class=\"s2\" style=\"color: #daa2ba;\">igualdad<\/span><\/strong>, <strong><span class=\"s3\" style=\"color: #776caf;\">solidaridad<\/span><\/strong> y <strong><span class=\"s4\" style=\"color: #f07830;\">sostenibilidad<\/span><\/strong>.<\/h4>\t\t\t\t\t\t\t\t<\/div>\n\t\t\t\t<\/div>\n\t\t\t\t\t<\/div>\n\t\t\t\t<\/div>\n\t\t<div class=\"elementor-element elementor-element-838809a e-con-full qode_elementor_container_inner e-flex parallax_section_no e-con e-parent\" data-id=\"838809a\" data-element_type=\"container\" data-e-type=\"container\">\n\t\t<div class=\"elementor-element elementor-element-8f57b09 e-con-full e-flex parallax_section_no qode_elementor_container_no e-con e-child\" data-id=\"8f57b09\" data-element_type=\"container\" data-e-type=\"container\">\n\t\t\t\t<div class=\"elementor-element elementor-element-abcc9e5 elementor-widget elementor-widget-image\" data-id=\"abcc9e5\" data-element_type=\"widget\" data-e-type=\"widget\" data-widget_type=\"image.default\">\n\t\t\t\t<div class=\"elementor-widget-container\">\n\t\t\t\t\t\t\t\t\t\t\t\t\t\t\t<img decoding=\"async\" width=\"650\" height=\"689\" src=\"https:\/\/elaienea.eus\/wp-content\/uploads\/2024\/08\/33.png\" class=\"attachment-full size-full wp-image-10401\" alt=\"\" srcset=\"https:\/\/elaienea.eus\/wp-content\/uploads\/2024\/08\/33.png 650w, https:\/\/elaienea.eus\/wp-content\/uploads\/2024\/08\/33-283x300.png 283w\" sizes=\"(max-width: 650px) 100vw, 650px\" \/>\t\t\t\t\t\t\t\t\t\t\t\t\t\t\t<\/div>\n\t\t\t\t<\/div>\n\t\t\t\t<\/div>\n\t\t<div class=\"elementor-element elementor-element-6f155dd e-con-full e-flex parallax_section_no qode_elementor_container_no e-con e-child\" data-id=\"6f155dd\" data-element_type=\"container\" data-e-type=\"container\">\n\t\t<div class=\"elementor-element elementor-element-8fdf1c8 e-con-full e-flex parallax_section_no qode_elementor_container_no e-con e-child\" data-id=\"8fdf1c8\" data-element_type=\"container\" data-e-type=\"container\" data-settings=\"{&quot;background_background&quot;:&quot;classic&quot;}\">\n\t\t\t\t<div class=\"elementor-element elementor-element-5d49fef elementor-widget elementor-widget-text-editor\" data-id=\"5d49fef\" data-element_type=\"widget\" data-e-type=\"widget\" data-widget_type=\"text-editor.default\">\n\t\t\t\t<div class=\"elementor-widget-container\">\n\t\t\t\t\t\t\t\t\t<p class=\"p1\">Porque, al igual que queremos que <b><i>elaiEnea <\/i><\/b>deje un recuerdo maravilloso en cada alumna y alumno, aspiramos a que, ellas y ellos, dejen una huella igual de positiva en su paso por la vida.<\/p><p>\u00a0<\/p><p class=\"p1\">Tendremos siempre presente nuestro origen. Hemos nacido de la cooperaci\u00f3n entre tres centros que han unido fuerzas, mentes, almas y fe para crear un espacio \u00fanico, un lugar en el que familias, equipo de educaci\u00f3n y estudiantes colaboremos para hacer de <b><i>elaiEnea<\/i><\/b> un hogar donde las ni\u00f1as y los ni\u00f1os crezcan como personas preparadas para el mundo de hoy y de ma\u00f1ana.<\/p><p>\u00a0<\/p>\t\t\t\t\t\t\t\t<\/div>\n\t\t\t\t<\/div>\n\t\t\t\t<\/div>\n\t\t\t\t<\/div>\n\t\t\t\t<\/div>\n\t\t<div class=\"elementor-element elementor-element-abf3435 e-con-full e-flex parallax_section_no qode_elementor_container_no e-con e-parent\" data-id=\"abf3435\" data-element_type=\"container\" data-e-type=\"container\">\n\t\t\t\t<div class=\"elementor-element elementor-element-5e8f90e elementor-widget elementor-widget-text-editor\" data-id=\"5e8f90e\" data-element_type=\"widget\" data-e-type=\"widget\" data-widget_type=\"text-editor.default\">\n\t\t\t\t<div class=\"elementor-widget-container\">\n\t\t\t\t\t\t\t\t\t<h4 class=\"p1\" style=\"text-align: center;\">Para cuando tengan que volar<\/h4>\t\t\t\t\t\t\t\t<\/div>\n\t\t\t\t<\/div>\n\t\t\t\t<div class=\"elementor-element elementor-element-90f8aac elementor-widget elementor-widget-image\" data-id=\"90f8aac\" data-element_type=\"widget\" data-e-type=\"widget\" data-widget_type=\"image.default\">\n\t\t\t\t<div class=\"elementor-widget-container\">\n\t\t\t\t\t\t\t\t\t\t\t\t\t\t\t<img loading=\"lazy\" decoding=\"async\" width=\"1024\" height=\"118\" src=\"https:\/\/elaienea.eus\/wp-content\/uploads\/2024\/08\/volar-1024x118.jpg\" class=\"attachment-large size-large wp-image-10554\" alt=\"\" srcset=\"https:\/\/elaienea.eus\/wp-content\/uploads\/2024\/08\/volar-1024x118.jpg 1024w, https:\/\/elaienea.eus\/wp-content\/uploads\/2024\/08\/volar-300x35.jpg 300w, https:\/\/elaienea.eus\/wp-content\/uploads\/2024\/08\/volar-768x89.jpg 768w, https:\/\/elaienea.eus\/wp-content\/uploads\/2024\/08\/volar-1536x177.jpg 1536w, https:\/\/elaienea.eus\/wp-content\/uploads\/2024\/08\/volar-2048x236.jpg 2048w, https:\/\/elaienea.eus\/wp-content\/uploads\/2024\/08\/volar-700x81.jpg 700w\" sizes=\"(max-width: 1024px) 100vw, 1024px\" \/>\t\t\t\t\t\t\t\t\t\t\t\t\t\t\t<\/div>\n\t\t\t\t<\/div>\n\t\t\t\t<\/div>\n\t\t\t\t<\/div>\n\t\t","protected":false},"excerpt":{"rendered":"<p>ElaiEnea Nuestra esencia, filosof\u00eda y misi\u00f3n Debemos darles conocimiento, valores y capacidades para que crezcan como personas competentes, creativas y emp\u00e1ticas. Queremos personas: Preparadas para afrontar los desaf\u00edos de cada nuevo tiempo. Capaces de desarrollar un proyecto de vida pleno, sin olvidar que formamos parte&#8230;<\/p>\n","protected":false},"author":1,"featured_media":0,"parent":0,"menu_order":0,"comment_status":"closed","ping_status":"closed","template":"full_width.php","meta":{"_eb_attr":"","footnotes":""},"class_list":["post-10383","page","type-page","status-publish","hentry"],"_links":{"self":[{"href":"https:\/\/elaienea.eus\/es\/wp-json\/wp\/v2\/pages\/10383","targetHints":{"allow":["GET"]}}],"collection":[{"href":"https:\/\/elaienea.eus\/es\/wp-json\/wp\/v2\/pages"}],"about":[{"href":"https:\/\/elaienea.eus\/es\/wp-json\/wp\/v2\/types\/page"}],"author":[{"embeddable":true,"href":"https:\/\/elaienea.eus\/es\/wp-json\/wp\/v2\/users\/1"}],"replies":[{"embeddable":true,"href":"https:\/\/elaienea.eus\/es\/wp-json\/wp\/v2\/comments?post=10383"}],"version-history":[{"count":28,"href":"https:\/\/elaienea.eus\/es\/wp-json\/wp\/v2\/pages\/10383\/revisions"}],"predecessor-version":[{"id":10558,"href":"https:\/\/elaienea.eus\/es\/wp-json\/wp\/v2\/pages\/10383\/revisions\/10558"}],"wp:attachment":[{"href":"https:\/\/elaienea.eus\/es\/wp-json\/wp\/v2\/media?parent=10383"}],"curies":[{"name":"wp","href":"https:\/\/api.w.org\/{rel}","templated":true}]}}